{"id":21,"date":"2020-10-19T10:59:44","date_gmt":"2020-10-19T08:59:44","guid":{"rendered":"https:\/\/pubertweb.com\/en\/?page_id=21"},"modified":"2021-06-07T10:08:34","modified_gmt":"2021-06-07T08:08:34","slug":"legal-terms","status":"publish","type":"page","link":"https:\/\/pubert.com\/en\/legal-terms\/","title":{"rendered":"Legal terms"},"content":{"rendered":"\n\n\t<h1><strong>Mentions L\u00e9gales<\/strong><\/h1>\n\t\n<p>Pubert SAS \u2022 Z.I. de Pierre Brune \u2022 BP 25 \u2022 85111 Chantonnay Cedex \u2022 France<\/p>\n<p>Num\u00e9ro Siret : 547050542 00018\u00a0 \/ TVA : FR05547050542\u00a0 \/ Capital social : 1 000 000 \u20ac \/ RCS 547 050 542<\/p>\n\t\n<p>Pubert &#8211; contact.commercial@pubert.fr<\/p>\n\nTous droits r\u00e9serv\u00e9s<br \/>\nCr\u00e9dits photographiques : Pubert SAS\n\t<strong>R\u00e9alisation<br \/>\n<\/strong>Agence 71<br \/>\nAgence \u00c9ditoriale<br \/>\n2 Grand Rue<br \/>\n79700 Maul\u00e9on\n<p>&nbsp;<\/p>\n\n\n<p>PLANETHOSTER<\/p>\n4416 Louis B.Mayer<br \/>\nLaval (Qu\u00e9bec) H7P 0G1<br \/>\nCanada\n<h2>\n\t\tConditions g\u00e9n\u00e9rales d&#8217;utilisation\n\t<\/h2>\n\t\nEst nomm\u00e9 ci-apr\u00e8s &#8220;le site Internet&#8221; ou &#8220;le site&#8221;, le site web https:\/\/pubert.com<br \/>\nEst nomm\u00e9e ci-apr\u00e8s &#8220;la soci\u00e9t\u00e9&#8221;, l&#8217;entreprise Pubert\n\nCe site Internet est soumis \u00e0 la loi fran\u00e7aise.<br \/>\nEn consultant ce site Internet vous acceptez d&#8217;en respecter les conditions d&#8217;utilisation telles que celles-ci sont affich\u00e9es \u00e0 la date de consultation.\n\n<p>Le pr\u00e9sent site Internet diffuse des informations sur les produits et services de la soci\u00e9t\u00e9. la soci\u00e9t\u00e9 ne peut pas garantir, bien qu&#8217;elle fasse les efforts n\u00e9cessaires, la parfaite mise \u00e0 jour de toutes les informations ou nouvelles qui sont diffus\u00e9es sur le pr\u00e9sent site.<\/p>\n\n<p>Le site Internet est un site de commerce \u00e9lectronique qui appartient et est g\u00e9r\u00e9 par la soci\u00e9t\u00e9. Le site Internet est ouvert \u00e0 tous les utilisateurs du r\u00e9seau internet par principe accessible 24\/24h, 7\/7j, sauf interruption, programm\u00e9e ou non, par la soci\u00e9t\u00e9 ou ses prestataires, pour les besoins de sa maintenance et\/ou de s\u00e9curit\u00e9 ou cas de force majeure (tel que d\u00e9fini ci-apr\u00e8s).<\/p>\n<p>La soci\u00e9t\u00e9 ne saurait \u00eatre tenue responsable de tout dommage, quelle qu&#8217;en soit la nature, r\u00e9sultant d&#8217;une indisponibilit\u00e9 du Site. La soci\u00e9t\u00e9 se r\u00e9serve le droit de faire \u00e9voluer le site Internet, pour des raisons techniques ou commerciales. Lorsque ces modifications n&#8217;alt\u00e8rent pas les conditions de la fourniture des services, de mani\u00e8re substantielle et n\u00e9gative, le Client peut \u00eatre inform\u00e9 des modifications intervenues, mais son acceptation n&#8217;est pas sollicit\u00e9e.<\/p>\n<p>De plus, le site Internet est d\u00e9velopp\u00e9 de fa\u00e7on \u00e0 apporter \u00e0 ses utilisateurs la plus grande aisance possible quel que soit le support utilis\u00e9 pour sa consultation et avec l&#8217;objectif de r\u00e9pondre aux imp\u00e9ratifs d&#8217;accessibilit\u00e9 des internautes malvoyants ou portant un handicap \u00e0 la consultation Internet. Cependant et malgr\u00e9 ses efforts, la soci\u00e9t\u00e9 ne pourra pas \u00eatre tenue pour responsable d&#8217;\u00e9ventuels d\u00e9fauts d&#8217;accessibilit\u00e9 de son site Internet.<\/p>\n\n<p>Les informations concernant nos produits, sont donn\u00e9es \u00e0 titre indicatif. Nous nous r\u00e9servons le droit de modifier nos produits sans information pr\u00e9alable.<\/p>\n<p>Les caract\u00e9ristiques techniques tels que les dimensions des outils de travail, les capacit\u00e9s de travail, le poids, fr\u00e9quences de rotation, les dimensions des diff\u00e9rents constituants du produit, sont communiqu\u00e9es \u00e0 titre indicatif et peuvent varier en fonction de divers param\u00e8tres telles que la capabilit\u00e9 de production, les tol\u00e9rances d&#8217;obtention des mati\u00e8res premi\u00e8res, la nature du terrain ou du mat\u00e9riau \u00e0 travailler, les conditions atmosph\u00e9riques et autres.<\/p>\n<p>S&#8217;agissant du moteur, Les informations techniques telles que la puissance, le couple, le r\u00e9gime de rotation, les niveaux de bruits et vibrations, sont communiqu\u00e9s \u00e0 titre indicatif et peuvent varier en fonction de divers param\u00e8tres. La puissance du moteur indiqu\u00e9e est obtenue par l&#8217;essai d&#8217;un moteur de s\u00e9rie selon la norme SAE J 1349 \u00e0 une vitesse de rotation donn\u00e9e. La puissance d&#8217;un autre moteur de production peut \u00eatre diff\u00e9rente de cette valeur indiqu\u00e9e. La puissance r\u00e9elle d&#8217;un moteur install\u00e9 sur une machine d\u00e9pendra de diff\u00e9rents facteurs comme la vitesse de rotation, les conditions de temp\u00e9rature, d&#8217;humidit\u00e9, de pression atmosph\u00e9rique, de maintenance, du type de carburant, du grade et \u00e9tat du lubrifiant (huile), et autres.<\/p>\n<p>Tous les produits composant des pi\u00e8ces mobiles risquent d&#8217;\u00eatre dangereux si ils sont utilis\u00e9s de fa\u00e7on incorrecte. C&#8217;est pourquoi il faut toujours lire attentivement le mode d&#8217;emploi.<\/p>\n\t\n<p>L&#8217;ensemble du contenu de ce site Internet (architecture, textes, photos, illustrations et logiciels &#8230;) est la propri\u00e9t\u00e9 de la soci\u00e9t\u00e9 ou de ses prestataires techniques. Nous attirons l&#8217;attention des visiteurs sur le fait que des musiques, des photos, ou des signes particuliers peuvent \u00e9galement constituer des droits de propri\u00e9t\u00e9 intellectuelle.<\/p>\n<p>Les marques et logos utilis\u00e9s sur ce site ont \u00e9t\u00e9 d\u00e9pos\u00e9s, leur reproduction constituerait une contrefa\u00e7on.<\/p>\n<p>Tous les droits d&#8217;utilisation sont r\u00e9serv\u00e9s. Conform\u00e9ment \u00e0 l&#8217;article L.122-4 du code de la propri\u00e9t\u00e9 intellectuelle toute repr\u00e9sentation ou reproduction non express\u00e9ment autoris\u00e9e, int\u00e9grale ou partielle et par quelque proc\u00e9d\u00e9 que ce soit serait illicite et constituerait une contrefa\u00e7on sanctionn\u00e9e par les articles L. 335-2 et suivants du code de la propri\u00e9t\u00e9 intellectuelle.<\/p>\n\n<p>La soci\u00e9t\u00e9 peut fournir des liens vers d&#8217;autres sites Internet. Ces sites Internet sont ind\u00e9pendants de la soci\u00e9t\u00e9 qui n&#8217;\u00e9dite ni ne contr\u00f4le les sources et contenus de ces sites ou leurs liens avec d&#8217;autres sites.<\/p>\nLes liens vers ces sites ne constituent en aucune mani\u00e8re une approbation ou validation ou adh\u00e9sion de la soci\u00e9t\u00e9 au contenu de ces sites.<br \/>\nLa soci\u00e9t\u00e9 ne saurait d\u00e8s lors \u00eatre tenue pour responsable pour le contenu, les produits, les services, la publicit\u00e9, les cookies ou autres \u00e9l\u00e9ments de ces sites ainsi que pour tous les dommages ou pertes, av\u00e9r\u00e9s ou all\u00e9gu\u00e9s, cons\u00e9cutifs ou en relation avec l&#8217;utilisation de ces informations, services ou donn\u00e9es disponibles sur ces sites.\n\n<p>La soci\u00e9t\u00e9, ses dirigeants ou salari\u00e9s ne sauraient \u00eatre tenus responsables pour quelque dommage que ce soit provenant d&#8217;une connexion au pr\u00e9sent Site. La soci\u00e9t\u00e9 se r\u00e9serve la possibilit\u00e9 de modification, suspension ou m\u00eame d&#8217;interruption de la diffusion de tout ou partie de ce site et en particulier des liens vers d&#8217;autres sites et\/ou les \u00e9changes entre visiteurs qui seraient diffus\u00e9s.<\/p>\n<p>Les visiteurs s&#8217;engagent \u00e0 ne pas soit volontairement soit m\u00eame involontairement introduire de virus ou de fichier de quelque nature que se soit perturbant le fonctionnement du site ; dans un tel cas ils en assumeraient seuls la responsabilit\u00e9 enti\u00e8re. Dans l&#8217;esprit du respect de tous, la soci\u00e9t\u00e9 poursuivra les visiteurs ind\u00e9licats en justice.<\/p>\n\n<p>La soci\u00e9t\u00e9 attire votre attention sur le fait que certaines informations ne correspondant pas \u00e0 des donn\u00e9es personnelles et ne permettant pas de vous identifier peuvent \u00eatre enregistr\u00e9es par nos serveurs (navigateur utilis\u00e9, adresse IP, &#8230;).<\/p>\n<p>De plus, la connexion \u00e0 notre serveur Web peut entra\u00eener l&#8217;envoi par notre serveur d&#8217;un petit nombre de donn\u00e9es qui seront stock\u00e9es sur le disque de votre ordinateur. Il s&#8217;agit des cookies qui enregistrent des informations relatives \u00e0 la navigation de votre ordinateur sur notre Site (les pages que vous avez consult\u00e9es, la date et l&#8217;heure de consultation, etc.) que nous pourrons lire lors de vos visites ult\u00e9rieures. Votre navigateur contient une fonction vous permettant de refuser les cookies (modalit\u00e9s pr\u00e9cis\u00e9es sur le site Internet de la Commission Nationale de l&#8217;Informatique et des Libert\u00e9s (CNIL)).<\/p>\n\n<p>Compte tenu des \u00e9volutions possibles du site Internet, des dispositions l\u00e9gales relatives au ecommerce et aux contraintes technologiques, les pr\u00e9sentes conditions g\u00e9n\u00e9rales peuvent \u00eatre librement modifi\u00e9es par la soci\u00e9t\u00e9. L&#8217;adh\u00e9sion contractuelle aux conditions g\u00e9n\u00e9rales de vente s&#8217;effectue au moment de la vente et prend alors automatiquement en compte les dispositions de celles-ci.<\/p>\n\n<p>La localisation de l&#8217;entreprise pr\u00e9vaut et induit la localisation juridique pour le r\u00e8glement des litiges au tribunal de commerce de La-Roche-sur-Yon.<\/p>\n\t\t\t<a href=\"\/\" target=\"_self\" role=\"button\" rel=\"noopener noreferrer\">\n\t\t\t\t\t\t\tBack home\n\t\t<\/a>\n\n","protected":false},"excerpt":{"rendered":"<p>Mentions L\u00e9gales Pubert SAS \u2022 Z.I. de Pierre Brune \u2022 BP 25 \u2022 85111 Chantonnay Cedex \u2022 France Num\u00e9ro Siret : 547050542 00018\u00a0 \/ TVA : FR05547050542\u00a0 \/ Capital social : 1 000 000 \u20ac \/ RCS 547 050 542 Pubert &#8211; contact.commercial@pubert.fr Tous droits r\u00e9serv\u00e9s Cr\u00e9dits photographiques : Pubert SAS R\u00e9alisation Agence 71 Agence&hellip;<\/p>\n","protected":false},"author":17,"featured_media":5830,"parent":0,"menu_order":0,"comment_status":"closed","ping_status":"closed","template":"","meta":{"footnotes":""},"categories":[],"tags":[],"class_list":["post-21","page","type-page","status-publish","has-post-thumbnail","hentry"],"yoast_head":"<!-- This site is optimized with the Yoast SEO plugin v27.4 - https:\/\/yoast.com\/product\/yoast-seo-wordpress\/ -->\n<title>Legal terms - PUBERT EN<\/title>\n<meta name=\"robots\" content=\"index, follow, max-snippet:-1, max-image-preview:large, max-video-preview:-1\" \/>\n<link rel=\"canonical\" href=\"https:\/\/pubert.com\/en\/legal-terms\/\" \/>\n<meta property=\"og:locale\" content=\"en_GB\" \/>\n<meta property=\"og:type\" content=\"article\" \/>\n<meta property=\"og:title\" content=\"Legal terms - PUBERT EN\" \/>\n<meta property=\"og:description\" content=\"Mentions L\u00e9gales Pubert SAS \u2022 Z.I. de Pierre Brune \u2022 BP 25 \u2022 85111 Chantonnay Cedex \u2022 France Num\u00e9ro Siret : 547050542 00018\u00a0 \/ TVA : FR05547050542\u00a0 \/ Capital social : 1 000 000 \u20ac \/ RCS 547 050 542 Pubert &#8211; contact.commercial@pubert.fr Tous droits r\u00e9serv\u00e9s Cr\u00e9dits photographiques : Pubert SAS R\u00e9alisation Agence 71 Agence&hellip;\" \/>\n<meta property=\"og:url\" content=\"https:\/\/pubert.com\/en\/legal-terms\/\" \/>\n<meta property=\"og:site_name\" content=\"PUBERT EN\" \/>\n<meta property=\"article:modified_time\" content=\"2021-06-07T08:08:34+00:00\" \/>\n<meta property=\"og:image\" content=\"https:\/\/pubert.com\/en\/wp-content\/uploads\/2021\/04\/img-mise-en-avant-pubert.jpg\" \/>\n\t<meta property=\"og:image:width\" content=\"512\" \/>\n\t<meta property=\"og:image:height\" content=\"384\" \/>\n\t<meta property=\"og:image:type\" content=\"image\/jpeg\" \/>\n<meta name=\"twitter:card\" content=\"summary_large_image\" \/>\n<meta name=\"twitter:label1\" content=\"Estimated reading time\" \/>\n\t<meta name=\"twitter:data1\" content=\"6 minutes\" \/>\n<script type=\"application\/ld+json\" class=\"yoast-schema-graph\">{\"@context\":\"https:\\\/\\\/schema.org\",\"@graph\":[{\"@type\":\"WebPage\",\"@id\":\"https:\\\/\\\/pubert.com\\\/en\\\/legal-terms\\\/\",\"url\":\"https:\\\/\\\/pubert.com\\\/en\\\/legal-terms\\\/\",\"name\":\"Legal terms - PUBERT EN\",\"isPartOf\":{\"@id\":\"https:\\\/\\\/pubert.com\\\/en\\\/#website\"},\"primaryImageOfPage\":{\"@id\":\"https:\\\/\\\/pubert.com\\\/en\\\/legal-terms\\\/#primaryimage\"},\"image\":{\"@id\":\"https:\\\/\\\/pubert.com\\\/en\\\/legal-terms\\\/#primaryimage\"},\"thumbnailUrl\":\"https:\\\/\\\/pubert.com\\\/en\\\/wp-content\\\/uploads\\\/2021\\\/04\\\/img-mise-en-avant-pubert.jpg\",\"datePublished\":\"2020-10-19T08:59:44+00:00\",\"dateModified\":\"2021-06-07T08:08:34+00:00\",\"breadcrumb\":{\"@id\":\"https:\\\/\\\/pubert.com\\\/en\\\/legal-terms\\\/#breadcrumb\"},\"inLanguage\":\"en-GB\",\"potentialAction\":[{\"@type\":\"ReadAction\",\"target\":[\"https:\\\/\\\/pubert.com\\\/en\\\/legal-terms\\\/\"]}]},{\"@type\":\"ImageObject\",\"inLanguage\":\"en-GB\",\"@id\":\"https:\\\/\\\/pubert.com\\\/en\\\/legal-terms\\\/#primaryimage\",\"url\":\"https:\\\/\\\/pubert.com\\\/en\\\/wp-content\\\/uploads\\\/2021\\\/04\\\/img-mise-en-avant-pubert.jpg\",\"contentUrl\":\"https:\\\/\\\/pubert.com\\\/en\\\/wp-content\\\/uploads\\\/2021\\\/04\\\/img-mise-en-avant-pubert.jpg\",\"width\":512,\"height\":384},{\"@type\":\"BreadcrumbList\",\"@id\":\"https:\\\/\\\/pubert.com\\\/en\\\/legal-terms\\\/#breadcrumb\",\"itemListElement\":[{\"@type\":\"ListItem\",\"position\":1,\"name\":\"Home\",\"item\":\"https:\\\/\\\/pubert.com\\\/en\\\/\"},{\"@type\":\"ListItem\",\"position\":2,\"name\":\"Legal terms\"}]},{\"@type\":\"WebSite\",\"@id\":\"https:\\\/\\\/pubert.com\\\/en\\\/#website\",\"url\":\"https:\\\/\\\/pubert.com\\\/en\\\/\",\"name\":\"PUBERT EN\",\"description\":\"\",\"publisher\":{\"@id\":\"https:\\\/\\\/pubert.com\\\/en\\\/#organization\"},\"potentialAction\":[{\"@type\":\"SearchAction\",\"target\":{\"@type\":\"EntryPoint\",\"urlTemplate\":\"https:\\\/\\\/pubert.com\\\/en\\\/?s={search_term_string}\"},\"query-input\":{\"@type\":\"PropertyValueSpecification\",\"valueRequired\":true,\"valueName\":\"search_term_string\"}}],\"inLanguage\":\"en-GB\"},{\"@type\":\"Organization\",\"@id\":\"https:\\\/\\\/pubert.com\\\/en\\\/#organization\",\"name\":\"Pubert\",\"url\":\"https:\\\/\\\/pubert.com\\\/en\\\/\",\"logo\":{\"@type\":\"ImageObject\",\"inLanguage\":\"en-GB\",\"@id\":\"https:\\\/\\\/pubert.com\\\/en\\\/#\\\/schema\\\/logo\\\/image\\\/\",\"url\":\"https:\\\/\\\/pubert.com\\\/en\\\/wp-content\\\/uploads\\\/2021\\\/01\\\/logo-pubert.jpg\",\"contentUrl\":\"https:\\\/\\\/pubert.com\\\/en\\\/wp-content\\\/uploads\\\/2021\\\/01\\\/logo-pubert.jpg\",\"width\":264,\"height\":94,\"caption\":\"Pubert\"},\"image\":{\"@id\":\"https:\\\/\\\/pubert.com\\\/en\\\/#\\\/schema\\\/logo\\\/image\\\/\"}}]}<\/script>\n<!-- \/ Yoast SEO plugin. -->","yoast_head_json":{"title":"Legal terms - PUBERT EN","robots":{"index":"index","follow":"follow","max-snippet":"max-snippet:-1","max-image-preview":"max-image-preview:large","max-video-preview":"max-video-preview:-1"},"canonical":"https:\/\/pubert.com\/en\/legal-terms\/","og_locale":"en_GB","og_type":"article","og_title":"Legal terms - PUBERT EN","og_description":"Mentions L\u00e9gales Pubert SAS \u2022 Z.I. de Pierre Brune \u2022 BP 25 \u2022 85111 Chantonnay Cedex \u2022 France Num\u00e9ro Siret : 547050542 00018\u00a0 \/ TVA : FR05547050542\u00a0 \/ Capital social : 1 000 000 \u20ac \/ RCS 547 050 542 Pubert &#8211; contact.commercial@pubert.fr Tous droits r\u00e9serv\u00e9s Cr\u00e9dits photographiques : Pubert SAS R\u00e9alisation Agence 71 Agence&hellip;","og_url":"https:\/\/pubert.com\/en\/legal-terms\/","og_site_name":"PUBERT EN","article_modified_time":"2021-06-07T08:08:34+00:00","og_image":[{"width":512,"height":384,"url":"https:\/\/pubert.com\/en\/wp-content\/uploads\/2021\/04\/img-mise-en-avant-pubert.jpg","type":"image\/jpeg"}],"twitter_card":"summary_large_image","twitter_misc":{"Estimated reading time":"6 minutes"},"schema":{"@context":"https:\/\/schema.org","@graph":[{"@type":"WebPage","@id":"https:\/\/pubert.com\/en\/legal-terms\/","url":"https:\/\/pubert.com\/en\/legal-terms\/","name":"Legal terms - PUBERT EN","isPartOf":{"@id":"https:\/\/pubert.com\/en\/#website"},"primaryImageOfPage":{"@id":"https:\/\/pubert.com\/en\/legal-terms\/#primaryimage"},"image":{"@id":"https:\/\/pubert.com\/en\/legal-terms\/#primaryimage"},"thumbnailUrl":"https:\/\/pubert.com\/en\/wp-content\/uploads\/2021\/04\/img-mise-en-avant-pubert.jpg","datePublished":"2020-10-19T08:59:44+00:00","dateModified":"2021-06-07T08:08:34+00:00","breadcrumb":{"@id":"https:\/\/pubert.com\/en\/legal-terms\/#breadcrumb"},"inLanguage":"en-GB","potentialAction":[{"@type":"ReadAction","target":["https:\/\/pubert.com\/en\/legal-terms\/"]}]},{"@type":"ImageObject","inLanguage":"en-GB","@id":"https:\/\/pubert.com\/en\/legal-terms\/#primaryimage","url":"https:\/\/pubert.com\/en\/wp-content\/uploads\/2021\/04\/img-mise-en-avant-pubert.jpg","contentUrl":"https:\/\/pubert.com\/en\/wp-content\/uploads\/2021\/04\/img-mise-en-avant-pubert.jpg","width":512,"height":384},{"@type":"BreadcrumbList","@id":"https:\/\/pubert.com\/en\/legal-terms\/#breadcrumb","itemListElement":[{"@type":"ListItem","position":1,"name":"Home","item":"https:\/\/pubert.com\/en\/"},{"@type":"ListItem","position":2,"name":"Legal terms"}]},{"@type":"WebSite","@id":"https:\/\/pubert.com\/en\/#website","url":"https:\/\/pubert.com\/en\/","name":"PUBERT EN","description":"","publisher":{"@id":"https:\/\/pubert.com\/en\/#organization"},"potentialAction":[{"@type":"SearchAction","target":{"@type":"EntryPoint","urlTemplate":"https:\/\/pubert.com\/en\/?s={search_term_string}"},"query-input":{"@type":"PropertyValueSpecification","valueRequired":true,"valueName":"search_term_string"}}],"inLanguage":"en-GB"},{"@type":"Organization","@id":"https:\/\/pubert.com\/en\/#organization","name":"Pubert","url":"https:\/\/pubert.com\/en\/","logo":{"@type":"ImageObject","inLanguage":"en-GB","@id":"https:\/\/pubert.com\/en\/#\/schema\/logo\/image\/","url":"https:\/\/pubert.com\/en\/wp-content\/uploads\/2021\/01\/logo-pubert.jpg","contentUrl":"https:\/\/pubert.com\/en\/wp-content\/uploads\/2021\/01\/logo-pubert.jpg","width":264,"height":94,"caption":"Pubert"},"image":{"@id":"https:\/\/pubert.com\/en\/#\/schema\/logo\/image\/"}}]}},"_links":{"self":[{"href":"https:\/\/pubert.com\/en\/wp-json\/wp\/v2\/pages\/21","targetHints":{"allow":["GET"]}}],"collection":[{"href":"https:\/\/pubert.com\/en\/wp-json\/wp\/v2\/pages"}],"about":[{"href":"https:\/\/pubert.com\/en\/wp-json\/wp\/v2\/types\/page"}],"author":[{"embeddable":true,"href":"https:\/\/pubert.com\/en\/wp-json\/wp\/v2\/users\/17"}],"replies":[{"embeddable":true,"href":"https:\/\/pubert.com\/en\/wp-json\/wp\/v2\/comments?post=21"}],"version-history":[{"count":0,"href":"https:\/\/pubert.com\/en\/wp-json\/wp\/v2\/pages\/21\/revisions"}],"wp:featuredmedia":[{"embeddable":true,"href":"https:\/\/pubert.com\/en\/wp-json\/wp\/v2\/media\/5830"}],"wp:attachment":[{"href":"https:\/\/pubert.com\/en\/wp-json\/wp\/v2\/media?parent=21"}],"wp:term":[{"taxonomy":"category","embeddable":true,"href":"https:\/\/pubert.com\/en\/wp-json\/wp\/v2\/categories?post=21"},{"taxonomy":"post_tag","embeddable":true,"href":"https:\/\/pubert.com\/en\/wp-json\/wp\/v2\/tags?post=21"}],"curies":[{"name":"wp","href":"https:\/\/api.w.org\/{rel}","templated":true}]}}