{"id":3837,"date":"2021-04-16T13:38:54","date_gmt":"2021-04-16T11:38:54","guid":{"rendered":"https:\/\/pubertweb.com\/en\/?page_id=3837"},"modified":"2021-06-04T14:45:19","modified_gmt":"2021-06-04T12:45:19","slug":"pro-selection","status":"publish","type":"page","link":"https:\/\/pubert.com\/en\/pro-selection\/","title":{"rendered":"Pro selection"},"content":{"rendered":"\n<h1>\n\t\tLa s\u00e9lection Pro\n\t<\/h1>\n\t<span><span><a href=\"https:\/\/pubert.com\/en\/\">Home<\/a><\/span><\/span>\n<h1>\n\t\tPRO MACHINES FOR PROFESSIONAL USE\n\t<\/h1>\n\t<p>From the outset, Pubert has leveraged its long-standing experience in preparing soil for crops to design and manufacture innovative garden machinery that is efficient, easy to use, sturdy and attractively priced for individuals and professionals.<\/p>\n<p>However, we devote a significant amount of development time working as closely as possible with parks and landscape professionals.<\/p>\n<p>With them in mind, we manufacture high performance &#8220;<strong>Made in France<\/strong>&#8221; products intended for professional use.<\/p>\n<p>Our goal and desire is to constantly improve the performance \/ cost of production ratio while keeping our machines easy to use.<\/p>\n<p>Check out our PRO selection for PROFESSIONALS.<\/p>\n\t\t\t\t<img decoding=\"async\" src=\"https:\/\/pubert.com\/en\/wp-content\/uploads\/2021\/03\/pubert-mobile-138-innovation-vario-motobineuse-polyvalente.jpg-300x225.jpg\" alt=\"innovation-vario-motobineuse-polyvalente\" itemprop=\"image\" height=\"225\" width=\"300\" title=\"pubert-mobile-138-innovation-vario-motobineuse-polyvalente.jpg\" onerror=\"this.style.display='none'\"  \/>\n\t\t\t\t<img decoding=\"async\" src=\"https:\/\/pubert.com\/en\/wp-content\/uploads\/2021\/04\/desherbage-mecanique-pour-le-jardin-les-allees.jpg\" alt=\"Outil de d\u00e9sherbage m\u00e9canique pour le jardin et les all\u00e9es\" itemprop=\"image\" height=\"400\" width=\"635\" title=\"d\u00e9sherbage-m\u00e9canique-pour-le-jardin-les-allees\" onerror=\"this.style.display='none'\"  \/>\n\t\t\t\t<img decoding=\"async\" src=\"https:\/\/pubert.com\/en\/wp-content\/uploads\/2021\/04\/solution-coupe-du-bois-scie-a-buches-pubert.jpg\" alt=\"solution pour couper le bois avec une scie \u00e0 buches pubert\" itemprop=\"image\" height=\"398\" width=\"482\" title=\"solution-coupe-du-bois-scie-a-buches-pubert\" onerror=\"this.style.display='none'\"  \/>\n\t\t\t\t<img decoding=\"async\" src=\"https:\/\/pubert.com\/en\/wp-content\/uploads\/2021\/03\/pubert-mobile-101-acteur-naturel-bien-deneiger-conseils.jpg.jpg\" alt=\"acteur-naturel-bien-deneiger-conseils\" itemprop=\"image\" height=\"768\" width=\"1024\" title=\"pubert-mobile-101-acteur-naturel-bien-deneiger-conseils.jpg\" onerror=\"this.style.display='none'\"  \/>\n\n","protected":false},"excerpt":{"rendered":"<p>La s\u00e9lection Pro PRO MACHINES FOR PROFESSIONAL USE From the outset, Pubert has leveraged its long-standing experience in preparing soil for crops to design and manufacture innovative garden machinery that is efficient, easy to use, sturdy and attractively priced for individuals and professionals. However, we devote a significant amount of development time working as closely&hellip;<\/p>\n","protected":false},"author":17,"featured_media":5830,"parent":0,"menu_order":0,"comment_status":"closed","ping_status":"closed","template":"","meta":{"footnotes":""},"categories":[],"tags":[],"class_list":["post-3837","page","type-page","status-publish","has-post-thumbnail","hentry"],"yoast_head":"<!-- This site is optimized with the Yoast SEO plugin v27.4 - https:\/\/yoast.com\/product\/yoast-seo-wordpress\/ -->\n<title>Pro selection - PUBERT EN<\/title>\n<meta name=\"robots\" content=\"index, follow, max-snippet:-1, max-image-preview:large, max-video-preview:-1\" \/>\n<link rel=\"canonical\" href=\"https:\/\/pubert.com\/en\/pro-selection\/\" \/>\n<meta property=\"og:locale\" content=\"en_GB\" \/>\n<meta property=\"og:type\" content=\"article\" \/>\n<meta property=\"og:title\" content=\"Pro selection - PUBERT EN\" \/>\n<meta property=\"og:description\" content=\"La s\u00e9lection Pro PRO MACHINES FOR PROFESSIONAL USE From the outset, Pubert has leveraged its long-standing experience in preparing soil for crops to design and manufacture innovative garden machinery that is efficient, easy to use, sturdy and attractively priced for individuals and professionals. However, we devote a significant amount of development time working as closely&hellip;\" \/>\n<meta property=\"og:url\" content=\"https:\/\/pubert.com\/en\/pro-selection\/\" \/>\n<meta property=\"og:site_name\" content=\"PUBERT EN\" \/>\n<meta property=\"article:modified_time\" content=\"2021-06-04T12:45:19+00:00\" \/>\n<meta property=\"og:image\" content=\"https:\/\/pubert.com\/en\/wp-content\/uploads\/2021\/04\/img-mise-en-avant-pubert.jpg\" \/>\n\t<meta property=\"og:image:width\" content=\"512\" \/>\n\t<meta property=\"og:image:height\" content=\"384\" \/>\n\t<meta property=\"og:image:type\" content=\"image\/jpeg\" \/>\n<meta name=\"twitter:card\" content=\"summary_large_image\" \/>\n<meta name=\"twitter:label1\" content=\"Estimated reading time\" \/>\n\t<meta name=\"twitter:data1\" content=\"1 minute\" \/>\n<script type=\"application\/ld+json\" class=\"yoast-schema-graph\">{\"@context\":\"https:\\\/\\\/schema.org\",\"@graph\":[{\"@type\":\"WebPage\",\"@id\":\"https:\\\/\\\/pubert.com\\\/en\\\/pro-selection\\\/\",\"url\":\"https:\\\/\\\/pubert.com\\\/en\\\/pro-selection\\\/\",\"name\":\"Pro selection - PUBERT EN\",\"isPartOf\":{\"@id\":\"https:\\\/\\\/pubert.com\\\/en\\\/#website\"},\"primaryImageOfPage\":{\"@id\":\"https:\\\/\\\/pubert.com\\\/en\\\/pro-selection\\\/#primaryimage\"},\"image\":{\"@id\":\"https:\\\/\\\/pubert.com\\\/en\\\/pro-selection\\\/#primaryimage\"},\"thumbnailUrl\":\"https:\\\/\\\/pubert.com\\\/en\\\/wp-content\\\/uploads\\\/2021\\\/04\\\/img-mise-en-avant-pubert.jpg\",\"datePublished\":\"2021-04-16T11:38:54+00:00\",\"dateModified\":\"2021-06-04T12:45:19+00:00\",\"breadcrumb\":{\"@id\":\"https:\\\/\\\/pubert.com\\\/en\\\/pro-selection\\\/#breadcrumb\"},\"inLanguage\":\"en-GB\",\"potentialAction\":[{\"@type\":\"ReadAction\",\"target\":[\"https:\\\/\\\/pubert.com\\\/en\\\/pro-selection\\\/\"]}]},{\"@type\":\"ImageObject\",\"inLanguage\":\"en-GB\",\"@id\":\"https:\\\/\\\/pubert.com\\\/en\\\/pro-selection\\\/#primaryimage\",\"url\":\"https:\\\/\\\/pubert.com\\\/en\\\/wp-content\\\/uploads\\\/2021\\\/04\\\/img-mise-en-avant-pubert.jpg\",\"contentUrl\":\"https:\\\/\\\/pubert.com\\\/en\\\/wp-content\\\/uploads\\\/2021\\\/04\\\/img-mise-en-avant-pubert.jpg\",\"width\":512,\"height\":384},{\"@type\":\"BreadcrumbList\",\"@id\":\"https:\\\/\\\/pubert.com\\\/en\\\/pro-selection\\\/#breadcrumb\",\"itemListElement\":[{\"@type\":\"ListItem\",\"position\":1,\"name\":\"Home\",\"item\":\"https:\\\/\\\/pubert.com\\\/en\\\/\"},{\"@type\":\"ListItem\",\"position\":2,\"name\":\"Pro selection\"}]},{\"@type\":\"WebSite\",\"@id\":\"https:\\\/\\\/pubert.com\\\/en\\\/#website\",\"url\":\"https:\\\/\\\/pubert.com\\\/en\\\/\",\"name\":\"PUBERT EN\",\"description\":\"\",\"publisher\":{\"@id\":\"https:\\\/\\\/pubert.com\\\/en\\\/#organization\"},\"potentialAction\":[{\"@type\":\"SearchAction\",\"target\":{\"@type\":\"EntryPoint\",\"urlTemplate\":\"https:\\\/\\\/pubert.com\\\/en\\\/?s={search_term_string}\"},\"query-input\":{\"@type\":\"PropertyValueSpecification\",\"valueRequired\":true,\"valueName\":\"search_term_string\"}}],\"inLanguage\":\"en-GB\"},{\"@type\":\"Organization\",\"@id\":\"https:\\\/\\\/pubert.com\\\/en\\\/#organization\",\"name\":\"Pubert\",\"url\":\"https:\\\/\\\/pubert.com\\\/en\\\/\",\"logo\":{\"@type\":\"ImageObject\",\"inLanguage\":\"en-GB\",\"@id\":\"https:\\\/\\\/pubert.com\\\/en\\\/#\\\/schema\\\/logo\\\/image\\\/\",\"url\":\"https:\\\/\\\/pubert.com\\\/en\\\/wp-content\\\/uploads\\\/2021\\\/01\\\/logo-pubert.jpg\",\"contentUrl\":\"https:\\\/\\\/pubert.com\\\/en\\\/wp-content\\\/uploads\\\/2021\\\/01\\\/logo-pubert.jpg\",\"width\":264,\"height\":94,\"caption\":\"Pubert\"},\"image\":{\"@id\":\"https:\\\/\\\/pubert.com\\\/en\\\/#\\\/schema\\\/logo\\\/image\\\/\"}}]}<\/script>\n<!-- \/ Yoast SEO plugin. -->","yoast_head_json":{"title":"Pro selection - PUBERT EN","robots":{"index":"index","follow":"follow","max-snippet":"max-snippet:-1","max-image-preview":"max-image-preview:large","max-video-preview":"max-video-preview:-1"},"canonical":"https:\/\/pubert.com\/en\/pro-selection\/","og_locale":"en_GB","og_type":"article","og_title":"Pro selection - PUBERT EN","og_description":"La s\u00e9lection Pro PRO MACHINES FOR PROFESSIONAL USE From the outset, Pubert has leveraged its long-standing experience in preparing soil for crops to design and manufacture innovative garden machinery that is efficient, easy to use, sturdy and attractively priced for individuals and professionals. However, we devote a significant amount of development time working as closely&hellip;","og_url":"https:\/\/pubert.com\/en\/pro-selection\/","og_site_name":"PUBERT EN","article_modified_time":"2021-06-04T12:45:19+00:00","og_image":[{"width":512,"height":384,"url":"https:\/\/pubert.com\/en\/wp-content\/uploads\/2021\/04\/img-mise-en-avant-pubert.jpg","type":"image\/jpeg"}],"twitter_card":"summary_large_image","twitter_misc":{"Estimated reading time":"1 minute"},"schema":{"@context":"https:\/\/schema.org","@graph":[{"@type":"WebPage","@id":"https:\/\/pubert.com\/en\/pro-selection\/","url":"https:\/\/pubert.com\/en\/pro-selection\/","name":"Pro selection - PUBERT EN","isPartOf":{"@id":"https:\/\/pubert.com\/en\/#website"},"primaryImageOfPage":{"@id":"https:\/\/pubert.com\/en\/pro-selection\/#primaryimage"},"image":{"@id":"https:\/\/pubert.com\/en\/pro-selection\/#primaryimage"},"thumbnailUrl":"https:\/\/pubert.com\/en\/wp-content\/uploads\/2021\/04\/img-mise-en-avant-pubert.jpg","datePublished":"2021-04-16T11:38:54+00:00","dateModified":"2021-06-04T12:45:19+00:00","breadcrumb":{"@id":"https:\/\/pubert.com\/en\/pro-selection\/#breadcrumb"},"inLanguage":"en-GB","potentialAction":[{"@type":"ReadAction","target":["https:\/\/pubert.com\/en\/pro-selection\/"]}]},{"@type":"ImageObject","inLanguage":"en-GB","@id":"https:\/\/pubert.com\/en\/pro-selection\/#primaryimage","url":"https:\/\/pubert.com\/en\/wp-content\/uploads\/2021\/04\/img-mise-en-avant-pubert.jpg","contentUrl":"https:\/\/pubert.com\/en\/wp-content\/uploads\/2021\/04\/img-mise-en-avant-pubert.jpg","width":512,"height":384},{"@type":"BreadcrumbList","@id":"https:\/\/pubert.com\/en\/pro-selection\/#breadcrumb","itemListElement":[{"@type":"ListItem","position":1,"name":"Home","item":"https:\/\/pubert.com\/en\/"},{"@type":"ListItem","position":2,"name":"Pro selection"}]},{"@type":"WebSite","@id":"https:\/\/pubert.com\/en\/#website","url":"https:\/\/pubert.com\/en\/","name":"PUBERT EN","description":"","publisher":{"@id":"https:\/\/pubert.com\/en\/#organization"},"potentialAction":[{"@type":"SearchAction","target":{"@type":"EntryPoint","urlTemplate":"https:\/\/pubert.com\/en\/?s={search_term_string}"},"query-input":{"@type":"PropertyValueSpecification","valueRequired":true,"valueName":"search_term_string"}}],"inLanguage":"en-GB"},{"@type":"Organization","@id":"https:\/\/pubert.com\/en\/#organization","name":"Pubert","url":"https:\/\/pubert.com\/en\/","logo":{"@type":"ImageObject","inLanguage":"en-GB","@id":"https:\/\/pubert.com\/en\/#\/schema\/logo\/image\/","url":"https:\/\/pubert.com\/en\/wp-content\/uploads\/2021\/01\/logo-pubert.jpg","contentUrl":"https:\/\/pubert.com\/en\/wp-content\/uploads\/2021\/01\/logo-pubert.jpg","width":264,"height":94,"caption":"Pubert"},"image":{"@id":"https:\/\/pubert.com\/en\/#\/schema\/logo\/image\/"}}]}},"_links":{"self":[{"href":"https:\/\/pubert.com\/en\/wp-json\/wp\/v2\/pages\/3837","targetHints":{"allow":["GET"]}}],"collection":[{"href":"https:\/\/pubert.com\/en\/wp-json\/wp\/v2\/pages"}],"about":[{"href":"https:\/\/pubert.com\/en\/wp-json\/wp\/v2\/types\/page"}],"author":[{"embeddable":true,"href":"https:\/\/pubert.com\/en\/wp-json\/wp\/v2\/users\/17"}],"replies":[{"embeddable":true,"href":"https:\/\/pubert.com\/en\/wp-json\/wp\/v2\/comments?post=3837"}],"version-history":[{"count":0,"href":"https:\/\/pubert.com\/en\/wp-json\/wp\/v2\/pages\/3837\/revisions"}],"wp:featuredmedia":[{"embeddable":true,"href":"https:\/\/pubert.com\/en\/wp-json\/wp\/v2\/media\/5830"}],"wp:attachment":[{"href":"https:\/\/pubert.com\/en\/wp-json\/wp\/v2\/media?parent=3837"}],"wp:term":[{"taxonomy":"category","embeddable":true,"href":"https:\/\/pubert.com\/en\/wp-json\/wp\/v2\/categories?post=3837"},{"taxonomy":"post_tag","embeddable":true,"href":"https:\/\/pubert.com\/en\/wp-json\/wp\/v2\/tags?post=3837"}],"curies":[{"name":"wp","href":"https:\/\/api.w.org\/{rel}","templated":true}]}}