{"id":4039,"date":"2021-04-17T15:57:00","date_gmt":"2021-04-17T13:57:00","guid":{"rendered":"https:\/\/pubertweb.com\/en\/?page_id=4039"},"modified":"2021-06-03T09:52:11","modified_gmt":"2021-06-03T07:52:11","slug":"faq-brush-cutter","status":"publish","type":"page","link":"https:\/\/pubert.com\/en\/faq\/faq-brush-cutter\/","title":{"rendered":"FAQ | Brush cutter"},"content":{"rendered":"\n<h1>\n\t\tLEXIQUE\n\t<\/h1>\n\t<span><span><a href=\"https:\/\/pubert.com\/en\/\">Home<\/a><\/span><\/span>\n<h1>\n\t\tFOR YOUR BRUSH CUTTER, THE ANSWERS TO YOUR QUESTION ARE HERE!\n\t<\/h1>\n\t<h3><strong>WHAT KIND OF MATERIAL IS THE HOUSING OF YOUR WHEELED BRUSH CUTTER MADE OF ?<\/strong><\/h3>\n<p>The housing of the\u00a0<a href=\"https:\/\/www.pubert.com\/en\/products\/grass-brush\/mower-brusch-cutter\/\"><strong>brushcutter<\/strong>\u00a0<\/a>is a key piece defining the lifestime of machine. The brushcutters blade guards are all made in superior quality steel. A robotic system apply a coat of powder epoxy, then the piece are put in the oven to polymerize the coat of paint. So, the blade guards are mechanically very resistant to shocks and wear, as well as to corrosion, scratches and ultraviolet.<\/p>\n<h3><strong>WHAT THE \u00ab\u00a0DEAD MAN&#8221; SAFETY DEVICE ?<\/strong><\/h3>\n<p>Concerned by security and physical integrity of persons, &#8220;Pubert&#8221; has included at all his wheeled brushcutter range, the\u00a0<a href=\"https:\/\/www.pubert.com\/en\/advices-and-tips\/glossary\/#dead-man\"><strong>&#8220;dead man&#8221; safety device<\/strong><\/a>\u00a0which stop instantly the engine and the blade once user release the handle.<\/p>\n<h3><strong>CAN I USE MY WHEELED BRUSH CUTTER IN A SLOPING FLOOR ?<\/strong><\/h3>\nTo keep a good engine lubrification (which is carried out by bubbling), engine manufacturers advise:<br \/>\nPossibility to work in a slope of 15\u00b0 (26%) in \u00a0a continuous use.<br \/>\nA maximal slope of 20\u00b0 (36%) by intermittently of short periods.\n<h3><strong>WHAT&#8217;S IT USE CLUTCH OF BLADE ON SOME MODELS OF BRUSH CUTTERS FOR ?<\/strong><\/h3>\n<p>In your range of wheeled brushcutters, the\u00a0<strong><a href=\"https:\/\/www.pubert.com\/en\/products\/grass-brush\/mower-brusch-cutter\/\">mowers brushcutters<\/a><\/strong>\u00a0have the blade toward on the engine crankshaft. However, there is an additional\u00a0<a href=\"https:\/\/www.pubert.com\/en\/advices-and-tips\/glossary\/#bearing\"><strong>bearing<\/strong>\u00a0<\/a>which maintain and guide the hub on which one is fixed the blade.<\/p>\n<p>So, It encase the shock which could be caused during the cutting. Nevertheless, if the shock is more violent (strain, rock), the crankshaft could be damaged.<\/p>\n<p><a href=\"https:\/\/www.pubert.com\/en\/products\/grass-brush\/forestry-brush-cutter\/\"><strong>The forestry range<\/strong><\/a>\u00a0is equipped of a remoted blade guard. So, they are a belt between the engine and the axle blade. During a brutal shock, the belt spins and the engine cannot be damaged.<\/p>\n<p>This independent blade clutch is useful for use the traction of machine, to move it without making the blade turn<\/p>\n<h3><strong>I DON&#8217;T FIND THE BLEED SCREW ON MY BRUSH CUTTER, HOW DRAIN OFF THE OIL ?<\/strong><\/h3>\n<p>Regarding the change of vertical axis engines, there&#8217;s no accessible bleed screw on this engines. So, you have two solutions to drain off oil:<\/p>\n1: Change by suction if you are equipped of a suction oil system<br \/>\n2: Otherwise, by tilting the engine on the side:\n&#8211; Close the fuel valve to reduce the risk of gas leakage.<br \/>\n&#8211; Put an appropriate container on the slide of the engine to collect the used oil<br \/>\n&#8211; Remove the cap dipstick and drain the oil in the container by tilting the motor toward the oil filler neck.\n<p>Drain off the engine oil when the motor is hot. The oil will flow faster and completely.<\/p>\n<p>For more information, follow the instructions of the manual supplied with the machine or download it on the engine manufacturer&#8217;s website thanks to the model number indicated on the engine.<\/p>\n<p>Otherwise, you can do the maintenance of your material to a professional<\/p>\n<h3><strong>WHAT IS THE CHAIN KIT PROPOSED IN OPTION ON SOME BRUSH CUTTERS FOR ?<\/strong><\/h3>\n<p>The\u00a0<strong><a href=\"https:\/\/www.pubert.com\/en\/advices-and-tips\/glossary\/#chain-kit\">chain kit<\/a><\/strong>\u00a0is destined to arid and stony land in which we can rapidly risk to damage the blade or the engine due to a shock. As they are flexible, chains are less fragile.<\/p>\n\n","protected":false},"excerpt":{"rendered":"<p>LEXIQUE FOR YOUR BRUSH CUTTER, THE ANSWERS TO YOUR QUESTION ARE HERE! WHAT KIND OF MATERIAL IS THE HOUSING OF YOUR WHEELED BRUSH CUTTER MADE OF ? The housing of the\u00a0brushcutter\u00a0is a key piece defining the lifestime of machine. The brushcutters blade guards are all made in superior quality steel. A robotic system apply a&hellip;<\/p>\n","protected":false},"author":4,"featured_media":5830,"parent":3917,"menu_order":0,"comment_status":"closed","ping_status":"closed","template":"","meta":{"footnotes":""},"categories":[],"tags":[],"class_list":["post-4039","page","type-page","status-publish","has-post-thumbnail","hentry"],"yoast_head":"<!-- This site is optimized with the Yoast SEO plugin v27.4 - https:\/\/yoast.com\/product\/yoast-seo-wordpress\/ -->\n<title>FAQ | Brush cutter - PUBERT EN<\/title>\n<meta name=\"description\" content=\"Retrouvez toutes les questions et r\u00e9ponses sur les d\u00e9broussailleuses \u00e0 roues de la marque fran\u00e7aise Pubert sur notre page d\u00e9di\u00e9e des FAQ.\" \/>\n<meta name=\"robots\" content=\"index, follow, max-snippet:-1, max-image-preview:large, max-video-preview:-1\" \/>\n<link rel=\"canonical\" href=\"https:\/\/pubert.com\/en\/faq\/faq-brush-cutter\/\" \/>\n<meta property=\"og:locale\" content=\"en_GB\" \/>\n<meta property=\"og:type\" content=\"article\" \/>\n<meta property=\"og:title\" content=\"FAQ | Brush cutter - PUBERT EN\" \/>\n<meta property=\"og:description\" content=\"Retrouvez toutes les questions et r\u00e9ponses sur les d\u00e9broussailleuses \u00e0 roues de la marque fran\u00e7aise Pubert sur notre page d\u00e9di\u00e9e des FAQ.\" \/>\n<meta property=\"og:url\" content=\"https:\/\/pubert.com\/en\/faq\/faq-brush-cutter\/\" \/>\n<meta property=\"og:site_name\" content=\"PUBERT EN\" \/>\n<meta property=\"article:modified_time\" content=\"2021-06-03T07:52:11+00:00\" \/>\n<meta property=\"og:image\" content=\"https:\/\/pubert.com\/en\/wp-content\/uploads\/2021\/04\/img-mise-en-avant-pubert.jpg\" \/>\n\t<meta property=\"og:image:width\" content=\"512\" \/>\n\t<meta property=\"og:image:height\" content=\"384\" \/>\n\t<meta property=\"og:image:type\" content=\"image\/jpeg\" \/>\n<meta name=\"twitter:card\" content=\"summary_large_image\" \/>\n<script type=\"application\/ld+json\" class=\"yoast-schema-graph\">{\"@context\":\"https:\\\/\\\/schema.org\",\"@graph\":[{\"@type\":\"WebPage\",\"@id\":\"https:\\\/\\\/pubert.com\\\/en\\\/faq\\\/faq-brush-cutter\\\/\",\"url\":\"https:\\\/\\\/pubert.com\\\/en\\\/faq\\\/faq-brush-cutter\\\/\",\"name\":\"FAQ | Brush cutter - PUBERT EN\",\"isPartOf\":{\"@id\":\"https:\\\/\\\/pubert.com\\\/en\\\/#website\"},\"primaryImageOfPage\":{\"@id\":\"https:\\\/\\\/pubert.com\\\/en\\\/faq\\\/faq-brush-cutter\\\/#primaryimage\"},\"image\":{\"@id\":\"https:\\\/\\\/pubert.com\\\/en\\\/faq\\\/faq-brush-cutter\\\/#primaryimage\"},\"thumbnailUrl\":\"https:\\\/\\\/pubert.com\\\/en\\\/wp-content\\\/uploads\\\/2021\\\/04\\\/img-mise-en-avant-pubert.jpg\",\"datePublished\":\"2021-04-17T13:57:00+00:00\",\"dateModified\":\"2021-06-03T07:52:11+00:00\",\"description\":\"Retrouvez toutes les questions et r\u00e9ponses sur les d\u00e9broussailleuses \u00e0 roues de la marque fran\u00e7aise Pubert sur notre page d\u00e9di\u00e9e des FAQ.\",\"breadcrumb\":{\"@id\":\"https:\\\/\\\/pubert.com\\\/en\\\/faq\\\/faq-brush-cutter\\\/#breadcrumb\"},\"inLanguage\":\"en-GB\",\"potentialAction\":[{\"@type\":\"ReadAction\",\"target\":[\"https:\\\/\\\/pubert.com\\\/en\\\/faq\\\/faq-brush-cutter\\\/\"]}]},{\"@type\":\"ImageObject\",\"inLanguage\":\"en-GB\",\"@id\":\"https:\\\/\\\/pubert.com\\\/en\\\/faq\\\/faq-brush-cutter\\\/#primaryimage\",\"url\":\"https:\\\/\\\/pubert.com\\\/en\\\/wp-content\\\/uploads\\\/2021\\\/04\\\/img-mise-en-avant-pubert.jpg\",\"contentUrl\":\"https:\\\/\\\/pubert.com\\\/en\\\/wp-content\\\/uploads\\\/2021\\\/04\\\/img-mise-en-avant-pubert.jpg\",\"width\":512,\"height\":384},{\"@type\":\"BreadcrumbList\",\"@id\":\"https:\\\/\\\/pubert.com\\\/en\\\/faq\\\/faq-brush-cutter\\\/#breadcrumb\",\"itemListElement\":[{\"@type\":\"ListItem\",\"position\":1,\"name\":\"Home\",\"item\":\"https:\\\/\\\/pubert.com\\\/en\\\/\"},{\"@type\":\"ListItem\",\"position\":2,\"name\":\"FAQ\",\"item\":\"https:\\\/\\\/pubert.com\\\/en\\\/faq\\\/\"},{\"@type\":\"ListItem\",\"position\":3,\"name\":\"FAQ | Brush cutter\"}]},{\"@type\":\"WebSite\",\"@id\":\"https:\\\/\\\/pubert.com\\\/en\\\/#website\",\"url\":\"https:\\\/\\\/pubert.com\\\/en\\\/\",\"name\":\"PUBERT EN\",\"description\":\"\",\"publisher\":{\"@id\":\"https:\\\/\\\/pubert.com\\\/en\\\/#organization\"},\"potentialAction\":[{\"@type\":\"SearchAction\",\"target\":{\"@type\":\"EntryPoint\",\"urlTemplate\":\"https:\\\/\\\/pubert.com\\\/en\\\/?s={search_term_string}\"},\"query-input\":{\"@type\":\"PropertyValueSpecification\",\"valueRequired\":true,\"valueName\":\"search_term_string\"}}],\"inLanguage\":\"en-GB\"},{\"@type\":\"Organization\",\"@id\":\"https:\\\/\\\/pubert.com\\\/en\\\/#organization\",\"name\":\"Pubert\",\"url\":\"https:\\\/\\\/pubert.com\\\/en\\\/\",\"logo\":{\"@type\":\"ImageObject\",\"inLanguage\":\"en-GB\",\"@id\":\"https:\\\/\\\/pubert.com\\\/en\\\/#\\\/schema\\\/logo\\\/image\\\/\",\"url\":\"https:\\\/\\\/pubert.com\\\/en\\\/wp-content\\\/uploads\\\/2021\\\/01\\\/logo-pubert.jpg\",\"contentUrl\":\"https:\\\/\\\/pubert.com\\\/en\\\/wp-content\\\/uploads\\\/2021\\\/01\\\/logo-pubert.jpg\",\"width\":264,\"height\":94,\"caption\":\"Pubert\"},\"image\":{\"@id\":\"https:\\\/\\\/pubert.com\\\/en\\\/#\\\/schema\\\/logo\\\/image\\\/\"}}]}<\/script>\n<!-- \/ Yoast SEO plugin. -->","yoast_head_json":{"title":"FAQ | Brush cutter - PUBERT EN","description":"Retrouvez toutes les questions et r\u00e9ponses sur les d\u00e9broussailleuses \u00e0 roues de la marque fran\u00e7aise Pubert sur notre page d\u00e9di\u00e9e des FAQ.","robots":{"index":"index","follow":"follow","max-snippet":"max-snippet:-1","max-image-preview":"max-image-preview:large","max-video-preview":"max-video-preview:-1"},"canonical":"https:\/\/pubert.com\/en\/faq\/faq-brush-cutter\/","og_locale":"en_GB","og_type":"article","og_title":"FAQ | Brush cutter - PUBERT EN","og_description":"Retrouvez toutes les questions et r\u00e9ponses sur les d\u00e9broussailleuses \u00e0 roues de la marque fran\u00e7aise Pubert sur notre page d\u00e9di\u00e9e des FAQ.","og_url":"https:\/\/pubert.com\/en\/faq\/faq-brush-cutter\/","og_site_name":"PUBERT EN","article_modified_time":"2021-06-03T07:52:11+00:00","og_image":[{"width":512,"height":384,"url":"https:\/\/pubert.com\/en\/wp-content\/uploads\/2021\/04\/img-mise-en-avant-pubert.jpg","type":"image\/jpeg"}],"twitter_card":"summary_large_image","schema":{"@context":"https:\/\/schema.org","@graph":[{"@type":"WebPage","@id":"https:\/\/pubert.com\/en\/faq\/faq-brush-cutter\/","url":"https:\/\/pubert.com\/en\/faq\/faq-brush-cutter\/","name":"FAQ | Brush cutter - PUBERT EN","isPartOf":{"@id":"https:\/\/pubert.com\/en\/#website"},"primaryImageOfPage":{"@id":"https:\/\/pubert.com\/en\/faq\/faq-brush-cutter\/#primaryimage"},"image":{"@id":"https:\/\/pubert.com\/en\/faq\/faq-brush-cutter\/#primaryimage"},"thumbnailUrl":"https:\/\/pubert.com\/en\/wp-content\/uploads\/2021\/04\/img-mise-en-avant-pubert.jpg","datePublished":"2021-04-17T13:57:00+00:00","dateModified":"2021-06-03T07:52:11+00:00","description":"Retrouvez toutes les questions et r\u00e9ponses sur les d\u00e9broussailleuses \u00e0 roues de la marque fran\u00e7aise Pubert sur notre page d\u00e9di\u00e9e des FAQ.","breadcrumb":{"@id":"https:\/\/pubert.com\/en\/faq\/faq-brush-cutter\/#breadcrumb"},"inLanguage":"en-GB","potentialAction":[{"@type":"ReadAction","target":["https:\/\/pubert.com\/en\/faq\/faq-brush-cutter\/"]}]},{"@type":"ImageObject","inLanguage":"en-GB","@id":"https:\/\/pubert.com\/en\/faq\/faq-brush-cutter\/#primaryimage","url":"https:\/\/pubert.com\/en\/wp-content\/uploads\/2021\/04\/img-mise-en-avant-pubert.jpg","contentUrl":"https:\/\/pubert.com\/en\/wp-content\/uploads\/2021\/04\/img-mise-en-avant-pubert.jpg","width":512,"height":384},{"@type":"BreadcrumbList","@id":"https:\/\/pubert.com\/en\/faq\/faq-brush-cutter\/#breadcrumb","itemListElement":[{"@type":"ListItem","position":1,"name":"Home","item":"https:\/\/pubert.com\/en\/"},{"@type":"ListItem","position":2,"name":"FAQ","item":"https:\/\/pubert.com\/en\/faq\/"},{"@type":"ListItem","position":3,"name":"FAQ | Brush cutter"}]},{"@type":"WebSite","@id":"https:\/\/pubert.com\/en\/#website","url":"https:\/\/pubert.com\/en\/","name":"PUBERT EN","description":"","publisher":{"@id":"https:\/\/pubert.com\/en\/#organization"},"potentialAction":[{"@type":"SearchAction","target":{"@type":"EntryPoint","urlTemplate":"https:\/\/pubert.com\/en\/?s={search_term_string}"},"query-input":{"@type":"PropertyValueSpecification","valueRequired":true,"valueName":"search_term_string"}}],"inLanguage":"en-GB"},{"@type":"Organization","@id":"https:\/\/pubert.com\/en\/#organization","name":"Pubert","url":"https:\/\/pubert.com\/en\/","logo":{"@type":"ImageObject","inLanguage":"en-GB","@id":"https:\/\/pubert.com\/en\/#\/schema\/logo\/image\/","url":"https:\/\/pubert.com\/en\/wp-content\/uploads\/2021\/01\/logo-pubert.jpg","contentUrl":"https:\/\/pubert.com\/en\/wp-content\/uploads\/2021\/01\/logo-pubert.jpg","width":264,"height":94,"caption":"Pubert"},"image":{"@id":"https:\/\/pubert.com\/en\/#\/schema\/logo\/image\/"}}]}},"_links":{"self":[{"href":"https:\/\/pubert.com\/en\/wp-json\/wp\/v2\/pages\/4039","targetHints":{"allow":["GET"]}}],"collection":[{"href":"https:\/\/pubert.com\/en\/wp-json\/wp\/v2\/pages"}],"about":[{"href":"https:\/\/pubert.com\/en\/wp-json\/wp\/v2\/types\/page"}],"author":[{"embeddable":true,"href":"https:\/\/pubert.com\/en\/wp-json\/wp\/v2\/users\/4"}],"replies":[{"embeddable":true,"href":"https:\/\/pubert.com\/en\/wp-json\/wp\/v2\/comments?post=4039"}],"version-history":[{"count":0,"href":"https:\/\/pubert.com\/en\/wp-json\/wp\/v2\/pages\/4039\/revisions"}],"up":[{"embeddable":true,"href":"https:\/\/pubert.com\/en\/wp-json\/wp\/v2\/pages\/3917"}],"wp:featuredmedia":[{"embeddable":true,"href":"https:\/\/pubert.com\/en\/wp-json\/wp\/v2\/media\/5830"}],"wp:attachment":[{"href":"https:\/\/pubert.com\/en\/wp-json\/wp\/v2\/media?parent=4039"}],"wp:term":[{"taxonomy":"category","embeddable":true,"href":"https:\/\/pubert.com\/en\/wp-json\/wp\/v2\/categories?post=4039"},{"taxonomy":"post_tag","embeddable":true,"href":"https:\/\/pubert.com\/en\/wp-json\/wp\/v2\/tags?post=4039"}],"curies":[{"name":"wp","href":"https:\/\/api.w.org\/{rel}","templated":true}]}}