{"id":4222,"date":"2021-04-20T09:48:58","date_gmt":"2021-04-20T07:48:58","guid":{"rendered":"https:\/\/pubertweb.com\/en\/?page_id=4222"},"modified":"2021-05-25T16:40:11","modified_gmt":"2021-05-25T14:40:11","slug":"news","status":"publish","type":"page","link":"https:\/\/pubert.com\/en\/news\/","title":{"rendered":"News"},"content":{"rendered":"\n<h1>\n\t\tL&#8217;ACTUALIT\u00c9 PUBERT\n\t<\/h1>\n\t<span><span><a href=\"https:\/\/pubert.com\/en\/\">Home<\/a><\/span><\/span>\n<h2>\n\t\tPARTAGEONS NATURELLEMENT NOTRE ACTUALIT\u00c9.\n\t<\/h2>\n\t<p>Acteur naturel, Pubert fabrique et exporte le monde entier ses machines &#8220;Made in France&#8221; pour le travail de la terre, du jardin et de l&#8217;entretien de notre milieu naturel.<\/p>\n<p>De ce fait, nous prenons r\u00e9guli\u00e8rement &#8220;la parole&#8221; en r\u00e9digeant des articles via notre &#8220;Magalogue&#8221; pour vous accompagner et vous conseiller dans votre activit\u00e9 de jardinier ou simplement entretenir votre espace naturel.<\/p>\n<p>Enfin,\u00a0notre notori\u00e9t\u00e9 et notre expansion \u00e0 l&#8217;international ont conduit la presse \u00e0 nous pr\u00e9senter \u00e0 plusieurs reprises dans divers articles.<\/p>\n<p>Retrouvez tous nos articles et notre actualit\u00e9 dans notre cet espace &#8220;Actualit\u00e9s Pubert&#8221;.<\/p>\n\t\t\t\t<img decoding=\"async\" src=\"https:\/\/pubert.com\/en\/wp-content\/uploads\/2021\/04\/article-presse-les-echos-pubert.jpg\" alt=\"actualit\u00e9s du fabricant machine pour la nature Pubert\" itemprop=\"image\" height=\"489\" width=\"563\" title=\"article-presse-les-echos-pubert\" onerror=\"this.style.display='none'\"  \/>\n\t<meta itemscope itemprop=\"mainEntityOfPage\" itemtype=\"https:\/\/schema.org\/WebPage\" itemid=\"https:\/\/pubert.com\/en\/company-news\/identite-visuelle-pubert\/\" content=\"UNE NOUVELLE IDENTIT\u00c9 VISUELLE POUR PUBERT\" \/><meta itemprop=\"datePublished\" content=\"2021-04-28\" \/><meta itemprop=\"dateModified\" content=\"2021-04-28\" \/><meta itemprop=\"name\" content=\"PUBERT EN\"\/><meta itemprop=\"url\" content=\"https:\/\/pubert.com\/en\/author\/florent\/\" \/><meta itemprop=\"name\" content=\"Florent Ardouin\" \/><meta itemprop=\"url\" content=\"https:\/\/pubert.com\/en\/wp-content\/uploads\/2021\/04\/pubert-kakemono.jpg\" \/><meta itemprop=\"width\" content=\"1200\" \/><meta itemprop=\"height\" content=\"900\" \/><meta itemprop=\"interactionType\" content=\"https:\/\/schema.org\/CommentAction\" \/><meta itemprop=\"userInteractionCount\" content=\"0\" \/>\n\t<a href='https:\/\/pubert.com\/en\/company-news\/identite-visuelle-pubert\/' title='UNE NOUVELLE IDENTIT\u00c9 VISUELLE POUR PUBERT'><img decoding=\"async\" width=\"1024\" height=\"768\" src=\"https:\/\/pubert.com\/en\/wp-content\/uploads\/2021\/04\/pubert-kakemono-1024x768.jpg\" alt=\"Une nouvelle identit\u00e9 graphique pour le fabricant fran\u00e7ais de machines pour le potager, le jardin et la nature Pubert\" loading=\"lazy\" itemprop=\"image\" srcset=\"https:\/\/pubert.com\/en\/wp-content\/uploads\/2021\/04\/pubert-kakemono-1024x768.jpg 1024w, https:\/\/pubert.com\/en\/wp-content\/uploads\/2021\/04\/pubert-kakemono-300x225.jpg 300w, https:\/\/pubert.com\/en\/wp-content\/uploads\/2021\/04\/pubert-kakemono-768x576.jpg 768w, https:\/\/pubert.com\/en\/wp-content\/uploads\/2021\/04\/pubert-kakemono-20x15.jpg 20w, https:\/\/pubert.com\/en\/wp-content\/uploads\/2021\/04\/pubert-kakemono-36x27.jpg 36w, https:\/\/pubert.com\/en\/wp-content\/uploads\/2021\/04\/pubert-kakemono-48x36.jpg 48w, https:\/\/pubert.com\/en\/wp-content\/uploads\/2021\/04\/pubert-kakemono-600x450.jpg 600w, https:\/\/pubert.com\/en\/wp-content\/uploads\/2021\/04\/pubert-kakemono.jpg 1200w\" sizes=\"auto, (max-width: 1024px) 100vw, 1024px\" \/><\/a>\n<h3><a href='https:\/\/pubert.com\/en\/company-news\/identite-visuelle-pubert\/' title='UNE NOUVELLE IDENTIT\u00c9 VISUELLE POUR PUBERT'>UNE NOUVELLE IDENTIT\u00c9 VISUELLE POUR PUBERT<\/a><\/h3>\n<p>Company<\/p>\n\t<p>Vous l&#8217;avez remarqu\u00e9, PUBERT\u00ae change ses couleurs et fait \u00e9voluer son logo. Ce n&#8217;est pas la premi\u00e8re fois que notre entreprise change son identit\u00e9 visuelle. (&#8230;)<\/p>\n\n\t<a href='https:\/\/pubert.com\/en\/company-news\/identite-visuelle-pubert\/' title='Read More'>Read More<\/a>\n\n\t<meta itemscope itemprop=\"mainEntityOfPage\" itemtype=\"https:\/\/schema.org\/WebPage\" itemid=\"https:\/\/pubert.com\/en\/products\/les-machines-francaises-pubert\/\" content=\"DES MACHINES FRAN\u00c7AISES QUI CREUSENT LEUR SILLON MONDIAL\" \/><meta itemprop=\"datePublished\" content=\"2021-02-09\" \/><meta itemprop=\"dateModified\" content=\"2021-04-21\" \/><meta itemprop=\"name\" content=\"PUBERT EN\"\/><meta itemprop=\"url\" content=\"https:\/\/pubert.com\/en\/author\/alice\/\" \/><meta itemprop=\"name\" content=\"Alice Pasquier\" \/><meta itemprop=\"url\" content=\"https:\/\/pubert.com\/en\/wp-content\/uploads\/2021\/04\/article-les-echos-pubert-22-04-2015.jpg\" \/><meta itemprop=\"width\" content=\"634\" \/><meta itemprop=\"height\" content=\"552\" \/><meta itemprop=\"interactionType\" content=\"https:\/\/schema.org\/CommentAction\" \/><meta itemprop=\"userInteractionCount\" content=\"0\" \/>\n\t<a href='https:\/\/pubert.com\/en\/products\/les-machines-francaises-pubert\/' title='DES MACHINES FRAN\u00c7AISES QUI CREUSENT LEUR SILLON MONDIAL'><img decoding=\"async\" width=\"634\" height=\"552\" src=\"https:\/\/pubert.com\/en\/wp-content\/uploads\/2021\/04\/article-les-echos-pubert-22-04-2015.jpg\" alt=\"article les echos.fr sur le fabricant acteur naturel Pubert\" loading=\"lazy\" itemprop=\"image\" srcset=\"https:\/\/pubert.com\/en\/wp-content\/uploads\/2021\/04\/article-les-echos-pubert-22-04-2015.jpg 634w, https:\/\/pubert.com\/en\/wp-content\/uploads\/2021\/04\/article-les-echos-pubert-22-04-2015-300x261.jpg 300w, https:\/\/pubert.com\/en\/wp-content\/uploads\/2021\/04\/article-les-echos-pubert-22-04-2015-20x17.jpg 20w, https:\/\/pubert.com\/en\/wp-content\/uploads\/2021\/04\/article-les-echos-pubert-22-04-2015-36x31.jpg 36w, https:\/\/pubert.com\/en\/wp-content\/uploads\/2021\/04\/article-les-echos-pubert-22-04-2015-48x42.jpg 48w, https:\/\/pubert.com\/en\/wp-content\/uploads\/2021\/04\/article-les-echos-pubert-22-04-2015-600x522.jpg 600w\" sizes=\"auto, (max-width: 634px) 100vw, 634px\" \/><\/a>\n<h3><a href='https:\/\/pubert.com\/en\/products\/les-machines-francaises-pubert\/' title='DES MACHINES FRAN\u00c7AISES QUI CREUSENT LEUR SILLON MONDIAL'>DES MACHINES FRAN\u00c7AISES QUI CREUSENT LEUR SILLON MONDIAL<\/a><\/h3>\n<p>Products<\/p>\n\t<p>Nich\u00e9e \u00e0 Chantonnay, dans le bocage vend\u00e9en, Pubert est l&#8217;une des plus anciennes entreprises industrielles de sa r\u00e9gion. Cette soci\u00e9t\u00e9 familiale de 250 salari\u00e9s est (&#8230;)<\/p>\n\n\t<a href='https:\/\/pubert.com\/en\/products\/les-machines-francaises-pubert\/' title='Read More'>Read More<\/a>\n\n\t\t\n","protected":false},"excerpt":{"rendered":"<p>L&#8217;ACTUALIT\u00c9 PUBERT PARTAGEONS NATURELLEMENT NOTRE ACTUALIT\u00c9. Acteur naturel, Pubert fabrique et exporte le monde entier ses machines &#8220;Made in France&#8221; pour le travail de la terre, du jardin et de l&#8217;entretien de notre milieu naturel. De ce fait, nous prenons r\u00e9guli\u00e8rement &#8220;la parole&#8221; en r\u00e9digeant des articles via notre &#8220;Magalogue&#8221; pour vous accompagner et vous&hellip;<\/p>\n","protected":false},"author":17,"featured_media":5830,"parent":0,"menu_order":0,"comment_status":"closed","ping_status":"closed","template":"","meta":{"footnotes":""},"categories":[],"tags":[],"class_list":["post-4222","page","type-page","status-publish","has-post-thumbnail","hentry"],"yoast_head":"<!-- This site is optimized with the Yoast SEO plugin v27.4 - https:\/\/yoast.com\/product\/yoast-seo-wordpress\/ -->\n<title>Votre entreprise prend la parole au travers d&#039;actualit\u00e9s - PUBERT EN<\/title>\n<meta name=\"description\" content=\"Retrouvez toutes les actualit\u00e9s de votre entreprise Pubert, sp\u00e9cialiste des machines pour l&#039;entretien des sols et espaces verts.\" \/>\n<meta name=\"robots\" content=\"index, follow, max-snippet:-1, max-image-preview:large, max-video-preview:-1\" \/>\n<link rel=\"canonical\" href=\"https:\/\/pubert.com\/en\/news\/\" \/>\n<meta property=\"og:locale\" content=\"en_GB\" \/>\n<meta property=\"og:type\" content=\"article\" \/>\n<meta property=\"og:title\" content=\"Votre entreprise prend la parole au travers d&#039;actualit\u00e9s - PUBERT EN\" \/>\n<meta property=\"og:description\" content=\"Retrouvez toutes les actualit\u00e9s de votre entreprise Pubert, sp\u00e9cialiste des machines pour l&#039;entretien des sols et espaces verts.\" \/>\n<meta property=\"og:url\" content=\"https:\/\/pubert.com\/en\/news\/\" \/>\n<meta property=\"og:site_name\" content=\"PUBERT EN\" \/>\n<meta property=\"article:modified_time\" content=\"2021-05-25T14:40:11+00:00\" \/>\n<meta property=\"og:image\" content=\"https:\/\/pubert.com\/en\/wp-content\/uploads\/2021\/04\/img-mise-en-avant-pubert.jpg\" \/>\n\t<meta property=\"og:image:width\" content=\"512\" \/>\n\t<meta property=\"og:image:height\" content=\"384\" \/>\n\t<meta property=\"og:image:type\" content=\"image\/jpeg\" \/>\n<meta name=\"twitter:card\" content=\"summary_large_image\" \/>\n<meta name=\"twitter:label1\" content=\"Estimated reading time\" \/>\n\t<meta name=\"twitter:data1\" content=\"1 minute\" \/>\n<script type=\"application\/ld+json\" class=\"yoast-schema-graph\">{\"@context\":\"https:\\\/\\\/schema.org\",\"@graph\":[{\"@type\":\"WebPage\",\"@id\":\"https:\\\/\\\/pubert.com\\\/en\\\/news\\\/\",\"url\":\"https:\\\/\\\/pubert.com\\\/en\\\/news\\\/\",\"name\":\"Votre entreprise prend la parole au travers d'actualit\u00e9s - PUBERT EN\",\"isPartOf\":{\"@id\":\"https:\\\/\\\/pubert.com\\\/en\\\/#website\"},\"primaryImageOfPage\":{\"@id\":\"https:\\\/\\\/pubert.com\\\/en\\\/news\\\/#primaryimage\"},\"image\":{\"@id\":\"https:\\\/\\\/pubert.com\\\/en\\\/news\\\/#primaryimage\"},\"thumbnailUrl\":\"https:\\\/\\\/pubert.com\\\/en\\\/wp-content\\\/uploads\\\/2021\\\/04\\\/img-mise-en-avant-pubert.jpg\",\"datePublished\":\"2021-04-20T07:48:58+00:00\",\"dateModified\":\"2021-05-25T14:40:11+00:00\",\"description\":\"Retrouvez toutes les actualit\u00e9s de votre entreprise Pubert, sp\u00e9cialiste des machines pour l'entretien des sols et espaces verts.\",\"breadcrumb\":{\"@id\":\"https:\\\/\\\/pubert.com\\\/en\\\/news\\\/#breadcrumb\"},\"inLanguage\":\"en-GB\",\"potentialAction\":[{\"@type\":\"ReadAction\",\"target\":[\"https:\\\/\\\/pubert.com\\\/en\\\/news\\\/\"]}]},{\"@type\":\"ImageObject\",\"inLanguage\":\"en-GB\",\"@id\":\"https:\\\/\\\/pubert.com\\\/en\\\/news\\\/#primaryimage\",\"url\":\"https:\\\/\\\/pubert.com\\\/en\\\/wp-content\\\/uploads\\\/2021\\\/04\\\/img-mise-en-avant-pubert.jpg\",\"contentUrl\":\"https:\\\/\\\/pubert.com\\\/en\\\/wp-content\\\/uploads\\\/2021\\\/04\\\/img-mise-en-avant-pubert.jpg\",\"width\":512,\"height\":384},{\"@type\":\"BreadcrumbList\",\"@id\":\"https:\\\/\\\/pubert.com\\\/en\\\/news\\\/#breadcrumb\",\"itemListElement\":[{\"@type\":\"ListItem\",\"position\":1,\"name\":\"Home\",\"item\":\"https:\\\/\\\/pubert.com\\\/en\\\/\"},{\"@type\":\"ListItem\",\"position\":2,\"name\":\"News\"}]},{\"@type\":\"WebSite\",\"@id\":\"https:\\\/\\\/pubert.com\\\/en\\\/#website\",\"url\":\"https:\\\/\\\/pubert.com\\\/en\\\/\",\"name\":\"PUBERT EN\",\"description\":\"\",\"publisher\":{\"@id\":\"https:\\\/\\\/pubert.com\\\/en\\\/#organization\"},\"potentialAction\":[{\"@type\":\"SearchAction\",\"target\":{\"@type\":\"EntryPoint\",\"urlTemplate\":\"https:\\\/\\\/pubert.com\\\/en\\\/?s={search_term_string}\"},\"query-input\":{\"@type\":\"PropertyValueSpecification\",\"valueRequired\":true,\"valueName\":\"search_term_string\"}}],\"inLanguage\":\"en-GB\"},{\"@type\":\"Organization\",\"@id\":\"https:\\\/\\\/pubert.com\\\/en\\\/#organization\",\"name\":\"Pubert\",\"url\":\"https:\\\/\\\/pubert.com\\\/en\\\/\",\"logo\":{\"@type\":\"ImageObject\",\"inLanguage\":\"en-GB\",\"@id\":\"https:\\\/\\\/pubert.com\\\/en\\\/#\\\/schema\\\/logo\\\/image\\\/\",\"url\":\"https:\\\/\\\/pubert.com\\\/en\\\/wp-content\\\/uploads\\\/2021\\\/01\\\/logo-pubert.jpg\",\"contentUrl\":\"https:\\\/\\\/pubert.com\\\/en\\\/wp-content\\\/uploads\\\/2021\\\/01\\\/logo-pubert.jpg\",\"width\":264,\"height\":94,\"caption\":\"Pubert\"},\"image\":{\"@id\":\"https:\\\/\\\/pubert.com\\\/en\\\/#\\\/schema\\\/logo\\\/image\\\/\"}}]}<\/script>\n<!-- \/ Yoast SEO plugin. -->","yoast_head_json":{"title":"Votre entreprise prend la parole au travers d'actualit\u00e9s - PUBERT EN","description":"Retrouvez toutes les actualit\u00e9s de votre entreprise Pubert, sp\u00e9cialiste des machines pour l'entretien des sols et espaces verts.","robots":{"index":"index","follow":"follow","max-snippet":"max-snippet:-1","max-image-preview":"max-image-preview:large","max-video-preview":"max-video-preview:-1"},"canonical":"https:\/\/pubert.com\/en\/news\/","og_locale":"en_GB","og_type":"article","og_title":"Votre entreprise prend la parole au travers d'actualit\u00e9s - PUBERT EN","og_description":"Retrouvez toutes les actualit\u00e9s de votre entreprise Pubert, sp\u00e9cialiste des machines pour l'entretien des sols et espaces verts.","og_url":"https:\/\/pubert.com\/en\/news\/","og_site_name":"PUBERT EN","article_modified_time":"2021-05-25T14:40:11+00:00","og_image":[{"width":512,"height":384,"url":"https:\/\/pubert.com\/en\/wp-content\/uploads\/2021\/04\/img-mise-en-avant-pubert.jpg","type":"image\/jpeg"}],"twitter_card":"summary_large_image","twitter_misc":{"Estimated reading time":"1 minute"},"schema":{"@context":"https:\/\/schema.org","@graph":[{"@type":"WebPage","@id":"https:\/\/pubert.com\/en\/news\/","url":"https:\/\/pubert.com\/en\/news\/","name":"Votre entreprise prend la parole au travers d'actualit\u00e9s - PUBERT EN","isPartOf":{"@id":"https:\/\/pubert.com\/en\/#website"},"primaryImageOfPage":{"@id":"https:\/\/pubert.com\/en\/news\/#primaryimage"},"image":{"@id":"https:\/\/pubert.com\/en\/news\/#primaryimage"},"thumbnailUrl":"https:\/\/pubert.com\/en\/wp-content\/uploads\/2021\/04\/img-mise-en-avant-pubert.jpg","datePublished":"2021-04-20T07:48:58+00:00","dateModified":"2021-05-25T14:40:11+00:00","description":"Retrouvez toutes les actualit\u00e9s de votre entreprise Pubert, sp\u00e9cialiste des machines pour l'entretien des sols et espaces verts.","breadcrumb":{"@id":"https:\/\/pubert.com\/en\/news\/#breadcrumb"},"inLanguage":"en-GB","potentialAction":[{"@type":"ReadAction","target":["https:\/\/pubert.com\/en\/news\/"]}]},{"@type":"ImageObject","inLanguage":"en-GB","@id":"https:\/\/pubert.com\/en\/news\/#primaryimage","url":"https:\/\/pubert.com\/en\/wp-content\/uploads\/2021\/04\/img-mise-en-avant-pubert.jpg","contentUrl":"https:\/\/pubert.com\/en\/wp-content\/uploads\/2021\/04\/img-mise-en-avant-pubert.jpg","width":512,"height":384},{"@type":"BreadcrumbList","@id":"https:\/\/pubert.com\/en\/news\/#breadcrumb","itemListElement":[{"@type":"ListItem","position":1,"name":"Home","item":"https:\/\/pubert.com\/en\/"},{"@type":"ListItem","position":2,"name":"News"}]},{"@type":"WebSite","@id":"https:\/\/pubert.com\/en\/#website","url":"https:\/\/pubert.com\/en\/","name":"PUBERT EN","description":"","publisher":{"@id":"https:\/\/pubert.com\/en\/#organization"},"potentialAction":[{"@type":"SearchAction","target":{"@type":"EntryPoint","urlTemplate":"https:\/\/pubert.com\/en\/?s={search_term_string}"},"query-input":{"@type":"PropertyValueSpecification","valueRequired":true,"valueName":"search_term_string"}}],"inLanguage":"en-GB"},{"@type":"Organization","@id":"https:\/\/pubert.com\/en\/#organization","name":"Pubert","url":"https:\/\/pubert.com\/en\/","logo":{"@type":"ImageObject","inLanguage":"en-GB","@id":"https:\/\/pubert.com\/en\/#\/schema\/logo\/image\/","url":"https:\/\/pubert.com\/en\/wp-content\/uploads\/2021\/01\/logo-pubert.jpg","contentUrl":"https:\/\/pubert.com\/en\/wp-content\/uploads\/2021\/01\/logo-pubert.jpg","width":264,"height":94,"caption":"Pubert"},"image":{"@id":"https:\/\/pubert.com\/en\/#\/schema\/logo\/image\/"}}]}},"_links":{"self":[{"href":"https:\/\/pubert.com\/en\/wp-json\/wp\/v2\/pages\/4222","targetHints":{"allow":["GET"]}}],"collection":[{"href":"https:\/\/pubert.com\/en\/wp-json\/wp\/v2\/pages"}],"about":[{"href":"https:\/\/pubert.com\/en\/wp-json\/wp\/v2\/types\/page"}],"author":[{"embeddable":true,"href":"https:\/\/pubert.com\/en\/wp-json\/wp\/v2\/users\/17"}],"replies":[{"embeddable":true,"href":"https:\/\/pubert.com\/en\/wp-json\/wp\/v2\/comments?post=4222"}],"version-history":[{"count":0,"href":"https:\/\/pubert.com\/en\/wp-json\/wp\/v2\/pages\/4222\/revisions"}],"wp:featuredmedia":[{"embeddable":true,"href":"https:\/\/pubert.com\/en\/wp-json\/wp\/v2\/media\/5830"}],"wp:attachment":[{"href":"https:\/\/pubert.com\/en\/wp-json\/wp\/v2\/media?parent=4222"}],"wp:term":[{"taxonomy":"category","embeddable":true,"href":"https:\/\/pubert.com\/en\/wp-json\/wp\/v2\/categories?post=4222"},{"taxonomy":"post_tag","embeddable":true,"href":"https:\/\/pubert.com\/en\/wp-json\/wp\/v2\/tags?post=4222"}],"curies":[{"name":"wp","href":"https:\/\/api.w.org\/{rel}","templated":true}]}}