{"id":4431,"date":"2021-04-20T22:48:26","date_gmt":"2021-04-20T20:48:26","guid":{"rendered":"https:\/\/pubertweb.com\/en\/?page_id=4431"},"modified":"2021-06-03T10:02:25","modified_gmt":"2021-06-03T08:02:25","slug":"faq-scarifiers","status":"publish","type":"page","link":"https:\/\/pubert.com\/en\/faq\/faq-scarifiers\/","title":{"rendered":"FAQ | Scarifiers"},"content":{"rendered":"\n<h1>\n\t\tFAQ SCARIFIERS\n\t<\/h1>\n\t<span><span><a href=\"https:\/\/pubert.com\/en\/\">Home<\/a><\/span><\/span>\n<h1>\n\t\tFOR YOUR SCARIFIERS, THE ANSWERS TO YOUR QUESTION ARE HERE!\n\t<\/h1>\n\t<h3><strong>WHAT IS THE DIFFERENCE BETWEEN A SCARIFIER, AERATOR AND DETACHER?<\/strong><\/h3>\n<p>The\u00a0<a href=\"https:\/\/www.pubert.com\/en\/products\/grass-brush\/scarifiers\/\"><strong>scarifier<\/strong>\u00a0<\/a>or lawn aerator is a device equipped with vertical\u00a0<a href=\"https:\/\/www.pubert.com\/en\/advices-and-tips\/glossary\/#cutting-blades\"><strong>blades<\/strong>\u00a0<\/a>allowing to cleave and penetrate the lawn, so to aerate and regenerate our lawn while removing the foam.<\/p>\n<p>The\u00a0<a href=\"https:\/\/www.pubert.com\/en\/products\/vegetable-garden\/accessories-dethatcher-kit-nano\/\"><strong>detacher<\/strong>\u00a0<\/a>is a device equipped with teeth springs. This accessory, to be fixed on your tiller, allows scrubbing or combing the lawn and thus, removing foam and dead grass that infect your lawn.<\/p>\n<h3><strong>WHAT IS THE MAXIMAL WORKING DEPTH WITH OUR SCARIFIERS?<\/strong><\/h3>\n<p>The goal is to restore the vegetation cover and not to return the lawn, knives should sink into the land in maximum 4 mm. It is the value that we advise on all our range\u00a0 of scarifiers, from amateur model to professional model.<\/p>\nThe adjustement ranges on our\u00a0<a href=\"https:\/\/www.pubert.com\/en\/products\/grass-brush\/scarifiers\/\"><strong>scarifiers<\/strong>\u00a0<\/a>is superior in order to offset blade wear<br \/>\nWe recommend having two crossed passages and you can make a superficial seeding once scarified.\n<h3><\/h3>\n<p>&nbsp;<\/p>\n\n","protected":false},"excerpt":{"rendered":"<p>FAQ SCARIFIERS FOR YOUR SCARIFIERS, THE ANSWERS TO YOUR QUESTION ARE HERE! WHAT IS THE DIFFERENCE BETWEEN A SCARIFIER, AERATOR AND DETACHER? The\u00a0scarifier\u00a0or lawn aerator is a device equipped with vertical\u00a0blades\u00a0allowing to cleave and penetrate the lawn, so to aerate and regenerate our lawn while removing the foam. The\u00a0detacher\u00a0is a device equipped with teeth springs.&hellip;<\/p>\n","protected":false},"author":4,"featured_media":5830,"parent":3917,"menu_order":0,"comment_status":"closed","ping_status":"closed","template":"","meta":{"footnotes":""},"categories":[],"tags":[],"class_list":["post-4431","page","type-page","status-publish","has-post-thumbnail","hentry"],"yoast_head":"<!-- This site is optimized with the Yoast SEO plugin v27.4 - https:\/\/yoast.com\/product\/yoast-seo-wordpress\/ -->\n<title>FAQ | Scarifiers - PUBERT EN<\/title>\n<meta name=\"description\" content=\"Retrouvez toutes les questions et r\u00e9ponses sur les scarificateurs de la marque fran\u00e7aise Pubert sur notre page d\u00e9di\u00e9e aux FAQ.\" \/>\n<meta name=\"robots\" content=\"index, follow, max-snippet:-1, max-image-preview:large, max-video-preview:-1\" \/>\n<link rel=\"canonical\" href=\"https:\/\/pubert.com\/en\/faq\/faq-scarifiers\/\" \/>\n<meta property=\"og:locale\" content=\"en_GB\" \/>\n<meta property=\"og:type\" content=\"article\" \/>\n<meta property=\"og:title\" content=\"FAQ | Scarifiers - PUBERT EN\" \/>\n<meta property=\"og:description\" content=\"Retrouvez toutes les questions et r\u00e9ponses sur les scarificateurs de la marque fran\u00e7aise Pubert sur notre page d\u00e9di\u00e9e aux FAQ.\" \/>\n<meta property=\"og:url\" content=\"https:\/\/pubert.com\/en\/faq\/faq-scarifiers\/\" \/>\n<meta property=\"og:site_name\" content=\"PUBERT EN\" \/>\n<meta property=\"article:modified_time\" content=\"2021-06-03T08:02:25+00:00\" \/>\n<meta property=\"og:image\" content=\"https:\/\/pubert.com\/en\/wp-content\/uploads\/2021\/04\/img-mise-en-avant-pubert.jpg\" \/>\n\t<meta property=\"og:image:width\" content=\"512\" \/>\n\t<meta property=\"og:image:height\" content=\"384\" \/>\n\t<meta property=\"og:image:type\" content=\"image\/jpeg\" \/>\n<meta name=\"twitter:card\" content=\"summary_large_image\" \/>\n<script type=\"application\/ld+json\" class=\"yoast-schema-graph\">{\"@context\":\"https:\\\/\\\/schema.org\",\"@graph\":[{\"@type\":\"WebPage\",\"@id\":\"https:\\\/\\\/pubert.com\\\/en\\\/faq\\\/faq-scarifiers\\\/\",\"url\":\"https:\\\/\\\/pubert.com\\\/en\\\/faq\\\/faq-scarifiers\\\/\",\"name\":\"FAQ | Scarifiers - PUBERT EN\",\"isPartOf\":{\"@id\":\"https:\\\/\\\/pubert.com\\\/en\\\/#website\"},\"primaryImageOfPage\":{\"@id\":\"https:\\\/\\\/pubert.com\\\/en\\\/faq\\\/faq-scarifiers\\\/#primaryimage\"},\"image\":{\"@id\":\"https:\\\/\\\/pubert.com\\\/en\\\/faq\\\/faq-scarifiers\\\/#primaryimage\"},\"thumbnailUrl\":\"https:\\\/\\\/pubert.com\\\/en\\\/wp-content\\\/uploads\\\/2021\\\/04\\\/img-mise-en-avant-pubert.jpg\",\"datePublished\":\"2021-04-20T20:48:26+00:00\",\"dateModified\":\"2021-06-03T08:02:25+00:00\",\"description\":\"Retrouvez toutes les questions et r\u00e9ponses sur les scarificateurs de la marque fran\u00e7aise Pubert sur notre page d\u00e9di\u00e9e aux FAQ.\",\"breadcrumb\":{\"@id\":\"https:\\\/\\\/pubert.com\\\/en\\\/faq\\\/faq-scarifiers\\\/#breadcrumb\"},\"inLanguage\":\"en-GB\",\"potentialAction\":[{\"@type\":\"ReadAction\",\"target\":[\"https:\\\/\\\/pubert.com\\\/en\\\/faq\\\/faq-scarifiers\\\/\"]}]},{\"@type\":\"ImageObject\",\"inLanguage\":\"en-GB\",\"@id\":\"https:\\\/\\\/pubert.com\\\/en\\\/faq\\\/faq-scarifiers\\\/#primaryimage\",\"url\":\"https:\\\/\\\/pubert.com\\\/en\\\/wp-content\\\/uploads\\\/2021\\\/04\\\/img-mise-en-avant-pubert.jpg\",\"contentUrl\":\"https:\\\/\\\/pubert.com\\\/en\\\/wp-content\\\/uploads\\\/2021\\\/04\\\/img-mise-en-avant-pubert.jpg\",\"width\":512,\"height\":384},{\"@type\":\"BreadcrumbList\",\"@id\":\"https:\\\/\\\/pubert.com\\\/en\\\/faq\\\/faq-scarifiers\\\/#breadcrumb\",\"itemListElement\":[{\"@type\":\"ListItem\",\"position\":1,\"name\":\"Home\",\"item\":\"https:\\\/\\\/pubert.com\\\/en\\\/\"},{\"@type\":\"ListItem\",\"position\":2,\"name\":\"FAQ\",\"item\":\"https:\\\/\\\/pubert.com\\\/en\\\/faq\\\/\"},{\"@type\":\"ListItem\",\"position\":3,\"name\":\"FAQ | Scarifiers\"}]},{\"@type\":\"WebSite\",\"@id\":\"https:\\\/\\\/pubert.com\\\/en\\\/#website\",\"url\":\"https:\\\/\\\/pubert.com\\\/en\\\/\",\"name\":\"PUBERT EN\",\"description\":\"\",\"publisher\":{\"@id\":\"https:\\\/\\\/pubert.com\\\/en\\\/#organization\"},\"potentialAction\":[{\"@type\":\"SearchAction\",\"target\":{\"@type\":\"EntryPoint\",\"urlTemplate\":\"https:\\\/\\\/pubert.com\\\/en\\\/?s={search_term_string}\"},\"query-input\":{\"@type\":\"PropertyValueSpecification\",\"valueRequired\":true,\"valueName\":\"search_term_string\"}}],\"inLanguage\":\"en-GB\"},{\"@type\":\"Organization\",\"@id\":\"https:\\\/\\\/pubert.com\\\/en\\\/#organization\",\"name\":\"Pubert\",\"url\":\"https:\\\/\\\/pubert.com\\\/en\\\/\",\"logo\":{\"@type\":\"ImageObject\",\"inLanguage\":\"en-GB\",\"@id\":\"https:\\\/\\\/pubert.com\\\/en\\\/#\\\/schema\\\/logo\\\/image\\\/\",\"url\":\"https:\\\/\\\/pubert.com\\\/en\\\/wp-content\\\/uploads\\\/2021\\\/01\\\/logo-pubert.jpg\",\"contentUrl\":\"https:\\\/\\\/pubert.com\\\/en\\\/wp-content\\\/uploads\\\/2021\\\/01\\\/logo-pubert.jpg\",\"width\":264,\"height\":94,\"caption\":\"Pubert\"},\"image\":{\"@id\":\"https:\\\/\\\/pubert.com\\\/en\\\/#\\\/schema\\\/logo\\\/image\\\/\"}}]}<\/script>\n<!-- \/ Yoast SEO plugin. -->","yoast_head_json":{"title":"FAQ | Scarifiers - PUBERT EN","description":"Retrouvez toutes les questions et r\u00e9ponses sur les scarificateurs de la marque fran\u00e7aise Pubert sur notre page d\u00e9di\u00e9e aux FAQ.","robots":{"index":"index","follow":"follow","max-snippet":"max-snippet:-1","max-image-preview":"max-image-preview:large","max-video-preview":"max-video-preview:-1"},"canonical":"https:\/\/pubert.com\/en\/faq\/faq-scarifiers\/","og_locale":"en_GB","og_type":"article","og_title":"FAQ | Scarifiers - PUBERT EN","og_description":"Retrouvez toutes les questions et r\u00e9ponses sur les scarificateurs de la marque fran\u00e7aise Pubert sur notre page d\u00e9di\u00e9e aux FAQ.","og_url":"https:\/\/pubert.com\/en\/faq\/faq-scarifiers\/","og_site_name":"PUBERT EN","article_modified_time":"2021-06-03T08:02:25+00:00","og_image":[{"width":512,"height":384,"url":"https:\/\/pubert.com\/en\/wp-content\/uploads\/2021\/04\/img-mise-en-avant-pubert.jpg","type":"image\/jpeg"}],"twitter_card":"summary_large_image","schema":{"@context":"https:\/\/schema.org","@graph":[{"@type":"WebPage","@id":"https:\/\/pubert.com\/en\/faq\/faq-scarifiers\/","url":"https:\/\/pubert.com\/en\/faq\/faq-scarifiers\/","name":"FAQ | Scarifiers - PUBERT EN","isPartOf":{"@id":"https:\/\/pubert.com\/en\/#website"},"primaryImageOfPage":{"@id":"https:\/\/pubert.com\/en\/faq\/faq-scarifiers\/#primaryimage"},"image":{"@id":"https:\/\/pubert.com\/en\/faq\/faq-scarifiers\/#primaryimage"},"thumbnailUrl":"https:\/\/pubert.com\/en\/wp-content\/uploads\/2021\/04\/img-mise-en-avant-pubert.jpg","datePublished":"2021-04-20T20:48:26+00:00","dateModified":"2021-06-03T08:02:25+00:00","description":"Retrouvez toutes les questions et r\u00e9ponses sur les scarificateurs de la marque fran\u00e7aise Pubert sur notre page d\u00e9di\u00e9e aux FAQ.","breadcrumb":{"@id":"https:\/\/pubert.com\/en\/faq\/faq-scarifiers\/#breadcrumb"},"inLanguage":"en-GB","potentialAction":[{"@type":"ReadAction","target":["https:\/\/pubert.com\/en\/faq\/faq-scarifiers\/"]}]},{"@type":"ImageObject","inLanguage":"en-GB","@id":"https:\/\/pubert.com\/en\/faq\/faq-scarifiers\/#primaryimage","url":"https:\/\/pubert.com\/en\/wp-content\/uploads\/2021\/04\/img-mise-en-avant-pubert.jpg","contentUrl":"https:\/\/pubert.com\/en\/wp-content\/uploads\/2021\/04\/img-mise-en-avant-pubert.jpg","width":512,"height":384},{"@type":"BreadcrumbList","@id":"https:\/\/pubert.com\/en\/faq\/faq-scarifiers\/#breadcrumb","itemListElement":[{"@type":"ListItem","position":1,"name":"Home","item":"https:\/\/pubert.com\/en\/"},{"@type":"ListItem","position":2,"name":"FAQ","item":"https:\/\/pubert.com\/en\/faq\/"},{"@type":"ListItem","position":3,"name":"FAQ | Scarifiers"}]},{"@type":"WebSite","@id":"https:\/\/pubert.com\/en\/#website","url":"https:\/\/pubert.com\/en\/","name":"PUBERT EN","description":"","publisher":{"@id":"https:\/\/pubert.com\/en\/#organization"},"potentialAction":[{"@type":"SearchAction","target":{"@type":"EntryPoint","urlTemplate":"https:\/\/pubert.com\/en\/?s={search_term_string}"},"query-input":{"@type":"PropertyValueSpecification","valueRequired":true,"valueName":"search_term_string"}}],"inLanguage":"en-GB"},{"@type":"Organization","@id":"https:\/\/pubert.com\/en\/#organization","name":"Pubert","url":"https:\/\/pubert.com\/en\/","logo":{"@type":"ImageObject","inLanguage":"en-GB","@id":"https:\/\/pubert.com\/en\/#\/schema\/logo\/image\/","url":"https:\/\/pubert.com\/en\/wp-content\/uploads\/2021\/01\/logo-pubert.jpg","contentUrl":"https:\/\/pubert.com\/en\/wp-content\/uploads\/2021\/01\/logo-pubert.jpg","width":264,"height":94,"caption":"Pubert"},"image":{"@id":"https:\/\/pubert.com\/en\/#\/schema\/logo\/image\/"}}]}},"_links":{"self":[{"href":"https:\/\/pubert.com\/en\/wp-json\/wp\/v2\/pages\/4431","targetHints":{"allow":["GET"]}}],"collection":[{"href":"https:\/\/pubert.com\/en\/wp-json\/wp\/v2\/pages"}],"about":[{"href":"https:\/\/pubert.com\/en\/wp-json\/wp\/v2\/types\/page"}],"author":[{"embeddable":true,"href":"https:\/\/pubert.com\/en\/wp-json\/wp\/v2\/users\/4"}],"replies":[{"embeddable":true,"href":"https:\/\/pubert.com\/en\/wp-json\/wp\/v2\/comments?post=4431"}],"version-history":[{"count":0,"href":"https:\/\/pubert.com\/en\/wp-json\/wp\/v2\/pages\/4431\/revisions"}],"up":[{"embeddable":true,"href":"https:\/\/pubert.com\/en\/wp-json\/wp\/v2\/pages\/3917"}],"wp:featuredmedia":[{"embeddable":true,"href":"https:\/\/pubert.com\/en\/wp-json\/wp\/v2\/media\/5830"}],"wp:attachment":[{"href":"https:\/\/pubert.com\/en\/wp-json\/wp\/v2\/media?parent=4431"}],"wp:term":[{"taxonomy":"category","embeddable":true,"href":"https:\/\/pubert.com\/en\/wp-json\/wp\/v2\/categories?post=4431"},{"taxonomy":"post_tag","embeddable":true,"href":"https:\/\/pubert.com\/en\/wp-json\/wp\/v2\/tags?post=4431"}],"curies":[{"name":"wp","href":"https:\/\/api.w.org\/{rel}","templated":true}]}}