{"id":4434,"date":"2021-04-20T22:55:25","date_gmt":"2021-04-20T20:55:25","guid":{"rendered":"https:\/\/pubertweb.com\/en\/?page_id=4434"},"modified":"2021-06-03T14:43:15","modified_gmt":"2021-06-03T12:43:15","slug":"faq-snow-thrower","status":"publish","type":"page","link":"https:\/\/pubert.com\/en\/faq\/faq-snow-thrower\/","title":{"rendered":"FAQ | Snow Thrower"},"content":{"rendered":"\n<h1>\n\t\tFAQ SNOW THROWER\n\t<\/h1>\n\t<span><span><a href=\"https:\/\/pubert.com\/en\/\">Home<\/a><\/span><\/span>\n<h1>\n\t\tFOR YOUR SNOW THROWER, THE ANSWERS TO YOUR QUESTION ARE HERE!\n\t<\/h1>\n\t<h3><strong>IN VERY COLD WEATHER, WILL MY SNOW THROWER START ?\u00a0<\/strong><\/h3>\n<p>All our\u00a0<a href=\"https:\/\/www.pubert.com\/en\/products\/snow-removal\/snow-thrower\/\"><strong>snow throwers<\/strong><\/a>\u00a0are equipped with electric starter. You could just connect our Pubert snow thrower to a plug socket and press on the button to start the motor. Once engine is \u00a0hot, the manual launcher is very effective for restart if necessary.<\/p>\n<h3><strong>CAN I USE A SNOW THROWER ON MY WOODEN DECK ?<\/strong><\/h3>\n<p>Yes, our\u00a0<a href=\"https:\/\/www.pubert.com\/en\/products\/snow-removal\/snow-thrower\/\"><strong>snow throwers<\/strong><\/a>\u00a0have been designed to work on sensitive surfaces.<\/p>\n\n","protected":false},"excerpt":{"rendered":"<p>FAQ SNOW THROWER FOR YOUR SNOW THROWER, THE ANSWERS TO YOUR QUESTION ARE HERE! IN VERY COLD WEATHER, WILL MY SNOW THROWER START ?\u00a0 All our\u00a0snow throwers\u00a0are equipped with electric starter. You could just connect our Pubert snow thrower to a plug socket and press on the button to start the motor. Once engine is&hellip;<\/p>\n","protected":false},"author":4,"featured_media":5830,"parent":3917,"menu_order":0,"comment_status":"closed","ping_status":"closed","template":"","meta":{"footnotes":""},"categories":[],"tags":[],"class_list":["post-4434","page","type-page","status-publish","has-post-thumbnail","hentry"],"yoast_head":"<!-- This site is optimized with the Yoast SEO plugin v27.4 - https:\/\/yoast.com\/product\/yoast-seo-wordpress\/ -->\n<title>FAQ | Snow Thrower - PUBERT EN<\/title>\n<meta name=\"description\" content=\"Retrouvez toutes les questions et r\u00e9ponses sur les fraises \u00e0 neige de la marque fran\u00e7aise Pubert sur notre page d\u00e9di\u00e9e aux FAQ.\" \/>\n<meta name=\"robots\" content=\"index, follow, max-snippet:-1, max-image-preview:large, max-video-preview:-1\" \/>\n<link rel=\"canonical\" href=\"https:\/\/pubert.com\/en\/faq\/faq-snow-thrower\/\" \/>\n<meta property=\"og:locale\" content=\"en_GB\" \/>\n<meta property=\"og:type\" content=\"article\" \/>\n<meta property=\"og:title\" content=\"FAQ | Snow Thrower - PUBERT EN\" \/>\n<meta property=\"og:description\" content=\"Retrouvez toutes les questions et r\u00e9ponses sur les fraises \u00e0 neige de la marque fran\u00e7aise Pubert sur notre page d\u00e9di\u00e9e aux FAQ.\" \/>\n<meta property=\"og:url\" content=\"https:\/\/pubert.com\/en\/faq\/faq-snow-thrower\/\" \/>\n<meta property=\"og:site_name\" content=\"PUBERT EN\" \/>\n<meta property=\"article:modified_time\" content=\"2021-06-03T12:43:15+00:00\" \/>\n<meta property=\"og:image\" content=\"https:\/\/pubert.com\/en\/wp-content\/uploads\/2021\/04\/img-mise-en-avant-pubert.jpg\" \/>\n\t<meta property=\"og:image:width\" content=\"512\" \/>\n\t<meta property=\"og:image:height\" content=\"384\" \/>\n\t<meta property=\"og:image:type\" content=\"image\/jpeg\" \/>\n<meta name=\"twitter:card\" content=\"summary_large_image\" \/>\n<script type=\"application\/ld+json\" class=\"yoast-schema-graph\">{\"@context\":\"https:\\\/\\\/schema.org\",\"@graph\":[{\"@type\":\"WebPage\",\"@id\":\"https:\\\/\\\/pubert.com\\\/en\\\/faq\\\/faq-snow-thrower\\\/\",\"url\":\"https:\\\/\\\/pubert.com\\\/en\\\/faq\\\/faq-snow-thrower\\\/\",\"name\":\"FAQ | Snow Thrower - PUBERT EN\",\"isPartOf\":{\"@id\":\"https:\\\/\\\/pubert.com\\\/en\\\/#website\"},\"primaryImageOfPage\":{\"@id\":\"https:\\\/\\\/pubert.com\\\/en\\\/faq\\\/faq-snow-thrower\\\/#primaryimage\"},\"image\":{\"@id\":\"https:\\\/\\\/pubert.com\\\/en\\\/faq\\\/faq-snow-thrower\\\/#primaryimage\"},\"thumbnailUrl\":\"https:\\\/\\\/pubert.com\\\/en\\\/wp-content\\\/uploads\\\/2021\\\/04\\\/img-mise-en-avant-pubert.jpg\",\"datePublished\":\"2021-04-20T20:55:25+00:00\",\"dateModified\":\"2021-06-03T12:43:15+00:00\",\"description\":\"Retrouvez toutes les questions et r\u00e9ponses sur les fraises \u00e0 neige de la marque fran\u00e7aise Pubert sur notre page d\u00e9di\u00e9e aux FAQ.\",\"breadcrumb\":{\"@id\":\"https:\\\/\\\/pubert.com\\\/en\\\/faq\\\/faq-snow-thrower\\\/#breadcrumb\"},\"inLanguage\":\"en-GB\",\"potentialAction\":[{\"@type\":\"ReadAction\",\"target\":[\"https:\\\/\\\/pubert.com\\\/en\\\/faq\\\/faq-snow-thrower\\\/\"]}]},{\"@type\":\"ImageObject\",\"inLanguage\":\"en-GB\",\"@id\":\"https:\\\/\\\/pubert.com\\\/en\\\/faq\\\/faq-snow-thrower\\\/#primaryimage\",\"url\":\"https:\\\/\\\/pubert.com\\\/en\\\/wp-content\\\/uploads\\\/2021\\\/04\\\/img-mise-en-avant-pubert.jpg\",\"contentUrl\":\"https:\\\/\\\/pubert.com\\\/en\\\/wp-content\\\/uploads\\\/2021\\\/04\\\/img-mise-en-avant-pubert.jpg\",\"width\":512,\"height\":384},{\"@type\":\"BreadcrumbList\",\"@id\":\"https:\\\/\\\/pubert.com\\\/en\\\/faq\\\/faq-snow-thrower\\\/#breadcrumb\",\"itemListElement\":[{\"@type\":\"ListItem\",\"position\":1,\"name\":\"Home\",\"item\":\"https:\\\/\\\/pubert.com\\\/en\\\/\"},{\"@type\":\"ListItem\",\"position\":2,\"name\":\"FAQ\",\"item\":\"https:\\\/\\\/pubert.com\\\/en\\\/faq\\\/\"},{\"@type\":\"ListItem\",\"position\":3,\"name\":\"FAQ | Snow Thrower\"}]},{\"@type\":\"WebSite\",\"@id\":\"https:\\\/\\\/pubert.com\\\/en\\\/#website\",\"url\":\"https:\\\/\\\/pubert.com\\\/en\\\/\",\"name\":\"PUBERT EN\",\"description\":\"\",\"publisher\":{\"@id\":\"https:\\\/\\\/pubert.com\\\/en\\\/#organization\"},\"potentialAction\":[{\"@type\":\"SearchAction\",\"target\":{\"@type\":\"EntryPoint\",\"urlTemplate\":\"https:\\\/\\\/pubert.com\\\/en\\\/?s={search_term_string}\"},\"query-input\":{\"@type\":\"PropertyValueSpecification\",\"valueRequired\":true,\"valueName\":\"search_term_string\"}}],\"inLanguage\":\"en-GB\"},{\"@type\":\"Organization\",\"@id\":\"https:\\\/\\\/pubert.com\\\/en\\\/#organization\",\"name\":\"Pubert\",\"url\":\"https:\\\/\\\/pubert.com\\\/en\\\/\",\"logo\":{\"@type\":\"ImageObject\",\"inLanguage\":\"en-GB\",\"@id\":\"https:\\\/\\\/pubert.com\\\/en\\\/#\\\/schema\\\/logo\\\/image\\\/\",\"url\":\"https:\\\/\\\/pubert.com\\\/en\\\/wp-content\\\/uploads\\\/2021\\\/01\\\/logo-pubert.jpg\",\"contentUrl\":\"https:\\\/\\\/pubert.com\\\/en\\\/wp-content\\\/uploads\\\/2021\\\/01\\\/logo-pubert.jpg\",\"width\":264,\"height\":94,\"caption\":\"Pubert\"},\"image\":{\"@id\":\"https:\\\/\\\/pubert.com\\\/en\\\/#\\\/schema\\\/logo\\\/image\\\/\"}}]}<\/script>\n<!-- \/ Yoast SEO plugin. -->","yoast_head_json":{"title":"FAQ | Snow Thrower - PUBERT EN","description":"Retrouvez toutes les questions et r\u00e9ponses sur les fraises \u00e0 neige de la marque fran\u00e7aise Pubert sur notre page d\u00e9di\u00e9e aux FAQ.","robots":{"index":"index","follow":"follow","max-snippet":"max-snippet:-1","max-image-preview":"max-image-preview:large","max-video-preview":"max-video-preview:-1"},"canonical":"https:\/\/pubert.com\/en\/faq\/faq-snow-thrower\/","og_locale":"en_GB","og_type":"article","og_title":"FAQ | Snow Thrower - PUBERT EN","og_description":"Retrouvez toutes les questions et r\u00e9ponses sur les fraises \u00e0 neige de la marque fran\u00e7aise Pubert sur notre page d\u00e9di\u00e9e aux FAQ.","og_url":"https:\/\/pubert.com\/en\/faq\/faq-snow-thrower\/","og_site_name":"PUBERT EN","article_modified_time":"2021-06-03T12:43:15+00:00","og_image":[{"width":512,"height":384,"url":"https:\/\/pubert.com\/en\/wp-content\/uploads\/2021\/04\/img-mise-en-avant-pubert.jpg","type":"image\/jpeg"}],"twitter_card":"summary_large_image","schema":{"@context":"https:\/\/schema.org","@graph":[{"@type":"WebPage","@id":"https:\/\/pubert.com\/en\/faq\/faq-snow-thrower\/","url":"https:\/\/pubert.com\/en\/faq\/faq-snow-thrower\/","name":"FAQ | Snow Thrower - PUBERT EN","isPartOf":{"@id":"https:\/\/pubert.com\/en\/#website"},"primaryImageOfPage":{"@id":"https:\/\/pubert.com\/en\/faq\/faq-snow-thrower\/#primaryimage"},"image":{"@id":"https:\/\/pubert.com\/en\/faq\/faq-snow-thrower\/#primaryimage"},"thumbnailUrl":"https:\/\/pubert.com\/en\/wp-content\/uploads\/2021\/04\/img-mise-en-avant-pubert.jpg","datePublished":"2021-04-20T20:55:25+00:00","dateModified":"2021-06-03T12:43:15+00:00","description":"Retrouvez toutes les questions et r\u00e9ponses sur les fraises \u00e0 neige de la marque fran\u00e7aise Pubert sur notre page d\u00e9di\u00e9e aux FAQ.","breadcrumb":{"@id":"https:\/\/pubert.com\/en\/faq\/faq-snow-thrower\/#breadcrumb"},"inLanguage":"en-GB","potentialAction":[{"@type":"ReadAction","target":["https:\/\/pubert.com\/en\/faq\/faq-snow-thrower\/"]}]},{"@type":"ImageObject","inLanguage":"en-GB","@id":"https:\/\/pubert.com\/en\/faq\/faq-snow-thrower\/#primaryimage","url":"https:\/\/pubert.com\/en\/wp-content\/uploads\/2021\/04\/img-mise-en-avant-pubert.jpg","contentUrl":"https:\/\/pubert.com\/en\/wp-content\/uploads\/2021\/04\/img-mise-en-avant-pubert.jpg","width":512,"height":384},{"@type":"BreadcrumbList","@id":"https:\/\/pubert.com\/en\/faq\/faq-snow-thrower\/#breadcrumb","itemListElement":[{"@type":"ListItem","position":1,"name":"Home","item":"https:\/\/pubert.com\/en\/"},{"@type":"ListItem","position":2,"name":"FAQ","item":"https:\/\/pubert.com\/en\/faq\/"},{"@type":"ListItem","position":3,"name":"FAQ | Snow Thrower"}]},{"@type":"WebSite","@id":"https:\/\/pubert.com\/en\/#website","url":"https:\/\/pubert.com\/en\/","name":"PUBERT EN","description":"","publisher":{"@id":"https:\/\/pubert.com\/en\/#organization"},"potentialAction":[{"@type":"SearchAction","target":{"@type":"EntryPoint","urlTemplate":"https:\/\/pubert.com\/en\/?s={search_term_string}"},"query-input":{"@type":"PropertyValueSpecification","valueRequired":true,"valueName":"search_term_string"}}],"inLanguage":"en-GB"},{"@type":"Organization","@id":"https:\/\/pubert.com\/en\/#organization","name":"Pubert","url":"https:\/\/pubert.com\/en\/","logo":{"@type":"ImageObject","inLanguage":"en-GB","@id":"https:\/\/pubert.com\/en\/#\/schema\/logo\/image\/","url":"https:\/\/pubert.com\/en\/wp-content\/uploads\/2021\/01\/logo-pubert.jpg","contentUrl":"https:\/\/pubert.com\/en\/wp-content\/uploads\/2021\/01\/logo-pubert.jpg","width":264,"height":94,"caption":"Pubert"},"image":{"@id":"https:\/\/pubert.com\/en\/#\/schema\/logo\/image\/"}}]}},"_links":{"self":[{"href":"https:\/\/pubert.com\/en\/wp-json\/wp\/v2\/pages\/4434","targetHints":{"allow":["GET"]}}],"collection":[{"href":"https:\/\/pubert.com\/en\/wp-json\/wp\/v2\/pages"}],"about":[{"href":"https:\/\/pubert.com\/en\/wp-json\/wp\/v2\/types\/page"}],"author":[{"embeddable":true,"href":"https:\/\/pubert.com\/en\/wp-json\/wp\/v2\/users\/4"}],"replies":[{"embeddable":true,"href":"https:\/\/pubert.com\/en\/wp-json\/wp\/v2\/comments?post=4434"}],"version-history":[{"count":0,"href":"https:\/\/pubert.com\/en\/wp-json\/wp\/v2\/pages\/4434\/revisions"}],"up":[{"embeddable":true,"href":"https:\/\/pubert.com\/en\/wp-json\/wp\/v2\/pages\/3917"}],"wp:featuredmedia":[{"embeddable":true,"href":"https:\/\/pubert.com\/en\/wp-json\/wp\/v2\/media\/5830"}],"wp:attachment":[{"href":"https:\/\/pubert.com\/en\/wp-json\/wp\/v2\/media?parent=4434"}],"wp:term":[{"taxonomy":"category","embeddable":true,"href":"https:\/\/pubert.com\/en\/wp-json\/wp\/v2\/categories?post=4434"},{"taxonomy":"post_tag","embeddable":true,"href":"https:\/\/pubert.com\/en\/wp-json\/wp\/v2\/tags?post=4434"}],"curies":[{"name":"wp","href":"https:\/\/api.w.org\/{rel}","templated":true}]}}