{"id":4437,"date":"2021-04-20T23:15:38","date_gmt":"2021-04-20T21:15:38","guid":{"rendered":"https:\/\/pubertweb.com\/en\/?page_id=4437"},"modified":"2021-06-03T14:48:54","modified_gmt":"2021-06-03T12:48:54","slug":"faq-motor","status":"publish","type":"page","link":"https:\/\/pubert.com\/en\/faq\/faq-motor\/","title":{"rendered":"FAQ | Motor"},"content":{"rendered":"\n<h1>\n\t\tFAQ MOTOR\n\t<\/h1>\n\t<span><span><a href=\"https:\/\/pubert.com\/en\/\">Home<\/a><\/span><\/span>\n<h1>\n\t\tFOR YOUR MOTOR, THE ANSWERS TO YOUR QUESTION ARE HERE!\n\t<\/h1>\n\t<h3><strong>WHICH FUEL SHOULD I USE ?<\/strong><\/h3>\n<p>All the 4-stroke engines equipping\u00a0<strong><a href=\"https:\/\/www.pubert.com\/en\/products\/vegetable-garden\/tillers\/\">tillers<\/a><\/strong>,\u00a0<strong><a href=\"https:\/\/www.pubert.com\/en\/products\/grass-brush\/\">brushcutters<\/a><\/strong>,\u00a0<strong><a href=\"https:\/\/www.pubert.com\/en\/products\/grass-brush\/scarifiers\/\">scarifiers<\/a><\/strong>,\u00a0<strong><a href=\"https:\/\/www.pubert.com\/en\/products\/shredding-composting\/shredder\/\">shredders<\/a><\/strong>\u00a0and\u00a0<strong><a href=\"https:\/\/www.pubert.com\/en\/products\/snow-removal\/snow-thrower\/\">snow throwers<\/a><\/strong>\u00a0Pubert runs on with laed-free fuel. Preferably use 95 lead-free, recent, stored away from heat in appropriate and hydrocarbon resistant jerry cans.<\/p>\n<h3><strong>IS MY MACHINE AND MOTOR ARE COMPATIBLE WITH THE SP95-E10 OR E85 FUEL ?<\/strong><\/h3>\n<p>All our machines are compatible with the SP95-E10 or E85 fuel. The E85 and fuels which have more than 10% of Ethanol are not compatible with all Pubert products.<\/p>\n<h3><strong>HOW LONG CAN I KEEP MY FUEL ?<\/strong><\/h3>\n<p>It is recommended to change the fuel from your machine beyond 3 weeks without use. \u00a0Fuel should be stored in small quantities in a sealed jerry cans specially adapted to hydrocarbons. If you plan to keep our fuel more than 3 weeks, it is necessary to use a stabilizer right after the purchase of your fuel. This will increase your fuel shelf life.<\/p>\n<h3><strong>WHICH OIL SHOULD I PUT INTO THE ENGINE OF MY MACHINE ?<\/strong><\/h3>\n<p>The type and quantity of engine oil are indicated in\u00a0<a href=\"https:\/\/www.pubert.com\/en\/documentation\/\"><strong>the user manual<\/strong><\/a>\u00a0of the machine. You can also refer to the engine utilization manual or contact the engine manufacturer to get information on the oil use. Web Address of engine websites:<\/p>\nHONDA :\u00a0<a href=\"http:\/\/www.honda-engines-eu.com\/\">www.honda-engines-eu.com<\/a><br \/>\nSUBARU, ROBIN ou MITSUBISHI :\u00a0 www.wormsentreprises.fr<br \/>\nBRIGGS &amp; STRATTON :\u00a0\u00a0<a href=\"http:\/\/www.briggsandstratton.com\/\">www.briggsandstratton.com<br \/>\n<\/a>KOHLER\u00a0:\u00a0<a href=\"http:\/\/www.kohlerpower.it\/\">www.lombardinigroup.it<\/a>\n<h3><strong>WHAT IS THE DIFFERENCE BETWEEN \u00a0OHC AND OHV ENGINES ?<\/strong><\/h3>\n<p>Both are 4-stroke engines that allow you working on strong slopes up to 20\u00b0 (so 36%). The OHC is a camshaft head engine, lighter and quieter than other engines with optimized productivity and &#8220;clean&#8221; through improved carburation.<\/p>\n<h3><strong>HOW CAN I GET THE ENGINE SPARES PARTS ?<\/strong><\/h3>\n<p>All the engine spares parts are available at authorized repairers of each brand. To know the name and address of distributors, simply connect on the website corresponding to the engine brand that you wish.<\/p>\nHONDA :\u00a0<a href=\"http:\/\/www.honda-engines-eu.com\/\">www.honda-engines-eu.com<\/a><br \/>\nSUBARU ou MITSUBISHI :\u00a0 www.wormsentreprises.fr<br \/>\nBRIGGS &amp; STRATTON :\u00a0<a href=\"http:\/\/www.briggsandstratton.com\/\">www.briggsandstratton.co<br \/>\n<\/a>KOHLER\u00a0:\u00a0<a href=\"http:\/\/www.kohlerpower.it\/\">www.lombardinigroup.it<\/a>\n<p>Morever, if you have the exact type and model of your motor, you could consult its spare parts list.<\/p>\n<h3><strong>WHAT ARE THE BENEFITS OF 4-STROKE ENGINES ?<\/strong><\/h3>\n<p>Pubert Company has chosen to equip all its heat products of 4-stroke engines, in a continuous search for environment respect. This technology allows no longer to making oil-gasoline mixture, to facilitate the start and improve fuel consumption.<\/p>\n<h3><strong>THE ENGINE OF MY TILLER IS EQUIPPED WITH AN OIL BATH FILTER, HOW MAINTAIN IT ?<\/strong><\/h3>\nThis high performance filtration is designed to extend the lifetime of your tiller engine. During preparation of your tiller, YOU MUST PUT THE OIL IN THE TANK FILTER: POURING NEW OIL SAE 10W30. The oil filling level is indicated on the tank.<br \/>\nChange air filter oil every 25h or once a year. Regularly clean the filter, especially in dusty atmosphere.\n\n","protected":false},"excerpt":{"rendered":"<p>FAQ MOTOR FOR YOUR MOTOR, THE ANSWERS TO YOUR QUESTION ARE HERE! WHICH FUEL SHOULD I USE ? All the 4-stroke engines equipping\u00a0tillers,\u00a0brushcutters,\u00a0scarifiers,\u00a0shredders\u00a0and\u00a0snow throwers\u00a0Pubert runs on with laed-free fuel. Preferably use 95 lead-free, recent, stored away from heat in appropriate and hydrocarbon resistant jerry cans. IS MY MACHINE AND MOTOR ARE COMPATIBLE WITH THE SP95-E10&hellip;<\/p>\n","protected":false},"author":4,"featured_media":5830,"parent":3917,"menu_order":0,"comment_status":"closed","ping_status":"closed","template":"","meta":{"footnotes":""},"categories":[],"tags":[],"class_list":["post-4437","page","type-page","status-publish","has-post-thumbnail","hentry"],"yoast_head":"<!-- This site is optimized with the Yoast SEO plugin v27.4 - https:\/\/yoast.com\/product\/yoast-seo-wordpress\/ -->\n<title>FAQ | Motor - PUBERT EN<\/title>\n<meta name=\"description\" content=\"Retrouvez toutes les questions et r\u00e9ponses sur les moteurs des machines de la marque fran\u00e7aise Pubert sur notre page d\u00e9di\u00e9e aux FAQ.\" \/>\n<meta name=\"robots\" content=\"index, follow, max-snippet:-1, max-image-preview:large, max-video-preview:-1\" \/>\n<link rel=\"canonical\" href=\"https:\/\/pubert.com\/en\/faq\/faq-motor\/\" \/>\n<meta property=\"og:locale\" content=\"en_GB\" \/>\n<meta property=\"og:type\" content=\"article\" \/>\n<meta property=\"og:title\" content=\"FAQ | Motor - PUBERT EN\" \/>\n<meta property=\"og:description\" content=\"Retrouvez toutes les questions et r\u00e9ponses sur les moteurs des machines de la marque fran\u00e7aise Pubert sur notre page d\u00e9di\u00e9e aux FAQ.\" \/>\n<meta property=\"og:url\" content=\"https:\/\/pubert.com\/en\/faq\/faq-motor\/\" \/>\n<meta property=\"og:site_name\" content=\"PUBERT EN\" \/>\n<meta property=\"article:modified_time\" content=\"2021-06-03T12:48:54+00:00\" \/>\n<meta property=\"og:image\" content=\"https:\/\/pubert.com\/en\/wp-content\/uploads\/2021\/04\/img-mise-en-avant-pubert.jpg\" \/>\n\t<meta property=\"og:image:width\" content=\"512\" \/>\n\t<meta property=\"og:image:height\" content=\"384\" \/>\n\t<meta property=\"og:image:type\" content=\"image\/jpeg\" \/>\n<meta name=\"twitter:card\" content=\"summary_large_image\" \/>\n<script type=\"application\/ld+json\" class=\"yoast-schema-graph\">{\"@context\":\"https:\\\/\\\/schema.org\",\"@graph\":[{\"@type\":\"WebPage\",\"@id\":\"https:\\\/\\\/pubert.com\\\/en\\\/faq\\\/faq-motor\\\/\",\"url\":\"https:\\\/\\\/pubert.com\\\/en\\\/faq\\\/faq-motor\\\/\",\"name\":\"FAQ | Motor - PUBERT EN\",\"isPartOf\":{\"@id\":\"https:\\\/\\\/pubert.com\\\/en\\\/#website\"},\"primaryImageOfPage\":{\"@id\":\"https:\\\/\\\/pubert.com\\\/en\\\/faq\\\/faq-motor\\\/#primaryimage\"},\"image\":{\"@id\":\"https:\\\/\\\/pubert.com\\\/en\\\/faq\\\/faq-motor\\\/#primaryimage\"},\"thumbnailUrl\":\"https:\\\/\\\/pubert.com\\\/en\\\/wp-content\\\/uploads\\\/2021\\\/04\\\/img-mise-en-avant-pubert.jpg\",\"datePublished\":\"2021-04-20T21:15:38+00:00\",\"dateModified\":\"2021-06-03T12:48:54+00:00\",\"description\":\"Retrouvez toutes les questions et r\u00e9ponses sur les moteurs des machines de la marque fran\u00e7aise Pubert sur notre page d\u00e9di\u00e9e aux FAQ.\",\"breadcrumb\":{\"@id\":\"https:\\\/\\\/pubert.com\\\/en\\\/faq\\\/faq-motor\\\/#breadcrumb\"},\"inLanguage\":\"en-GB\",\"potentialAction\":[{\"@type\":\"ReadAction\",\"target\":[\"https:\\\/\\\/pubert.com\\\/en\\\/faq\\\/faq-motor\\\/\"]}]},{\"@type\":\"ImageObject\",\"inLanguage\":\"en-GB\",\"@id\":\"https:\\\/\\\/pubert.com\\\/en\\\/faq\\\/faq-motor\\\/#primaryimage\",\"url\":\"https:\\\/\\\/pubert.com\\\/en\\\/wp-content\\\/uploads\\\/2021\\\/04\\\/img-mise-en-avant-pubert.jpg\",\"contentUrl\":\"https:\\\/\\\/pubert.com\\\/en\\\/wp-content\\\/uploads\\\/2021\\\/04\\\/img-mise-en-avant-pubert.jpg\",\"width\":512,\"height\":384},{\"@type\":\"BreadcrumbList\",\"@id\":\"https:\\\/\\\/pubert.com\\\/en\\\/faq\\\/faq-motor\\\/#breadcrumb\",\"itemListElement\":[{\"@type\":\"ListItem\",\"position\":1,\"name\":\"Home\",\"item\":\"https:\\\/\\\/pubert.com\\\/en\\\/\"},{\"@type\":\"ListItem\",\"position\":2,\"name\":\"FAQ\",\"item\":\"https:\\\/\\\/pubert.com\\\/en\\\/faq\\\/\"},{\"@type\":\"ListItem\",\"position\":3,\"name\":\"FAQ | Motor\"}]},{\"@type\":\"WebSite\",\"@id\":\"https:\\\/\\\/pubert.com\\\/en\\\/#website\",\"url\":\"https:\\\/\\\/pubert.com\\\/en\\\/\",\"name\":\"PUBERT EN\",\"description\":\"\",\"publisher\":{\"@id\":\"https:\\\/\\\/pubert.com\\\/en\\\/#organization\"},\"potentialAction\":[{\"@type\":\"SearchAction\",\"target\":{\"@type\":\"EntryPoint\",\"urlTemplate\":\"https:\\\/\\\/pubert.com\\\/en\\\/?s={search_term_string}\"},\"query-input\":{\"@type\":\"PropertyValueSpecification\",\"valueRequired\":true,\"valueName\":\"search_term_string\"}}],\"inLanguage\":\"en-GB\"},{\"@type\":\"Organization\",\"@id\":\"https:\\\/\\\/pubert.com\\\/en\\\/#organization\",\"name\":\"Pubert\",\"url\":\"https:\\\/\\\/pubert.com\\\/en\\\/\",\"logo\":{\"@type\":\"ImageObject\",\"inLanguage\":\"en-GB\",\"@id\":\"https:\\\/\\\/pubert.com\\\/en\\\/#\\\/schema\\\/logo\\\/image\\\/\",\"url\":\"https:\\\/\\\/pubert.com\\\/en\\\/wp-content\\\/uploads\\\/2021\\\/01\\\/logo-pubert.jpg\",\"contentUrl\":\"https:\\\/\\\/pubert.com\\\/en\\\/wp-content\\\/uploads\\\/2021\\\/01\\\/logo-pubert.jpg\",\"width\":264,\"height\":94,\"caption\":\"Pubert\"},\"image\":{\"@id\":\"https:\\\/\\\/pubert.com\\\/en\\\/#\\\/schema\\\/logo\\\/image\\\/\"}}]}<\/script>\n<!-- \/ Yoast SEO plugin. -->","yoast_head_json":{"title":"FAQ | Motor - PUBERT EN","description":"Retrouvez toutes les questions et r\u00e9ponses sur les moteurs des machines de la marque fran\u00e7aise Pubert sur notre page d\u00e9di\u00e9e aux FAQ.","robots":{"index":"index","follow":"follow","max-snippet":"max-snippet:-1","max-image-preview":"max-image-preview:large","max-video-preview":"max-video-preview:-1"},"canonical":"https:\/\/pubert.com\/en\/faq\/faq-motor\/","og_locale":"en_GB","og_type":"article","og_title":"FAQ | Motor - PUBERT EN","og_description":"Retrouvez toutes les questions et r\u00e9ponses sur les moteurs des machines de la marque fran\u00e7aise Pubert sur notre page d\u00e9di\u00e9e aux FAQ.","og_url":"https:\/\/pubert.com\/en\/faq\/faq-motor\/","og_site_name":"PUBERT EN","article_modified_time":"2021-06-03T12:48:54+00:00","og_image":[{"width":512,"height":384,"url":"https:\/\/pubert.com\/en\/wp-content\/uploads\/2021\/04\/img-mise-en-avant-pubert.jpg","type":"image\/jpeg"}],"twitter_card":"summary_large_image","schema":{"@context":"https:\/\/schema.org","@graph":[{"@type":"WebPage","@id":"https:\/\/pubert.com\/en\/faq\/faq-motor\/","url":"https:\/\/pubert.com\/en\/faq\/faq-motor\/","name":"FAQ | Motor - PUBERT EN","isPartOf":{"@id":"https:\/\/pubert.com\/en\/#website"},"primaryImageOfPage":{"@id":"https:\/\/pubert.com\/en\/faq\/faq-motor\/#primaryimage"},"image":{"@id":"https:\/\/pubert.com\/en\/faq\/faq-motor\/#primaryimage"},"thumbnailUrl":"https:\/\/pubert.com\/en\/wp-content\/uploads\/2021\/04\/img-mise-en-avant-pubert.jpg","datePublished":"2021-04-20T21:15:38+00:00","dateModified":"2021-06-03T12:48:54+00:00","description":"Retrouvez toutes les questions et r\u00e9ponses sur les moteurs des machines de la marque fran\u00e7aise Pubert sur notre page d\u00e9di\u00e9e aux FAQ.","breadcrumb":{"@id":"https:\/\/pubert.com\/en\/faq\/faq-motor\/#breadcrumb"},"inLanguage":"en-GB","potentialAction":[{"@type":"ReadAction","target":["https:\/\/pubert.com\/en\/faq\/faq-motor\/"]}]},{"@type":"ImageObject","inLanguage":"en-GB","@id":"https:\/\/pubert.com\/en\/faq\/faq-motor\/#primaryimage","url":"https:\/\/pubert.com\/en\/wp-content\/uploads\/2021\/04\/img-mise-en-avant-pubert.jpg","contentUrl":"https:\/\/pubert.com\/en\/wp-content\/uploads\/2021\/04\/img-mise-en-avant-pubert.jpg","width":512,"height":384},{"@type":"BreadcrumbList","@id":"https:\/\/pubert.com\/en\/faq\/faq-motor\/#breadcrumb","itemListElement":[{"@type":"ListItem","position":1,"name":"Home","item":"https:\/\/pubert.com\/en\/"},{"@type":"ListItem","position":2,"name":"FAQ","item":"https:\/\/pubert.com\/en\/faq\/"},{"@type":"ListItem","position":3,"name":"FAQ | Motor"}]},{"@type":"WebSite","@id":"https:\/\/pubert.com\/en\/#website","url":"https:\/\/pubert.com\/en\/","name":"PUBERT EN","description":"","publisher":{"@id":"https:\/\/pubert.com\/en\/#organization"},"potentialAction":[{"@type":"SearchAction","target":{"@type":"EntryPoint","urlTemplate":"https:\/\/pubert.com\/en\/?s={search_term_string}"},"query-input":{"@type":"PropertyValueSpecification","valueRequired":true,"valueName":"search_term_string"}}],"inLanguage":"en-GB"},{"@type":"Organization","@id":"https:\/\/pubert.com\/en\/#organization","name":"Pubert","url":"https:\/\/pubert.com\/en\/","logo":{"@type":"ImageObject","inLanguage":"en-GB","@id":"https:\/\/pubert.com\/en\/#\/schema\/logo\/image\/","url":"https:\/\/pubert.com\/en\/wp-content\/uploads\/2021\/01\/logo-pubert.jpg","contentUrl":"https:\/\/pubert.com\/en\/wp-content\/uploads\/2021\/01\/logo-pubert.jpg","width":264,"height":94,"caption":"Pubert"},"image":{"@id":"https:\/\/pubert.com\/en\/#\/schema\/logo\/image\/"}}]}},"_links":{"self":[{"href":"https:\/\/pubert.com\/en\/wp-json\/wp\/v2\/pages\/4437","targetHints":{"allow":["GET"]}}],"collection":[{"href":"https:\/\/pubert.com\/en\/wp-json\/wp\/v2\/pages"}],"about":[{"href":"https:\/\/pubert.com\/en\/wp-json\/wp\/v2\/types\/page"}],"author":[{"embeddable":true,"href":"https:\/\/pubert.com\/en\/wp-json\/wp\/v2\/users\/4"}],"replies":[{"embeddable":true,"href":"https:\/\/pubert.com\/en\/wp-json\/wp\/v2\/comments?post=4437"}],"version-history":[{"count":0,"href":"https:\/\/pubert.com\/en\/wp-json\/wp\/v2\/pages\/4437\/revisions"}],"up":[{"embeddable":true,"href":"https:\/\/pubert.com\/en\/wp-json\/wp\/v2\/pages\/3917"}],"wp:featuredmedia":[{"embeddable":true,"href":"https:\/\/pubert.com\/en\/wp-json\/wp\/v2\/media\/5830"}],"wp:attachment":[{"href":"https:\/\/pubert.com\/en\/wp-json\/wp\/v2\/media?parent=4437"}],"wp:term":[{"taxonomy":"category","embeddable":true,"href":"https:\/\/pubert.com\/en\/wp-json\/wp\/v2\/categories?post=4437"},{"taxonomy":"post_tag","embeddable":true,"href":"https:\/\/pubert.com\/en\/wp-json\/wp\/v2\/tags?post=4437"}],"curies":[{"name":"wp","href":"https:\/\/api.w.org\/{rel}","templated":true}]}}