{"id":4440,"date":"2021-04-21T08:23:47","date_gmt":"2021-04-21T06:23:47","guid":{"rendered":"https:\/\/pubertweb.com\/en\/?page_id=4440"},"modified":"2021-06-03T14:48:07","modified_gmt":"2021-06-03T12:48:07","slug":"faq-spare-parts-list","status":"publish","type":"page","link":"https:\/\/pubert.com\/en\/faq\/faq-spare-parts-list\/","title":{"rendered":"FAQ | Spare parts list"},"content":{"rendered":"\n<h1>\n\t\tFAQ SPARE PARTS LIST\n\t<\/h1>\n\t<span><span><a href=\"https:\/\/pubert.com\/en\/\">Home<\/a><\/span><\/span>\n<h1>\n\t\tFOR YOUR SPARE PARTS LIST, THE ANSWERS TO YOUR QUESTION ARE HERE!\n\t<\/h1>\n\t<h3><strong>HOW LONG CAN I GET THE SPARE PARTS FOR MY PUBERT TILLER ?<\/strong><\/h3>\n<p>We guarantee the availability of usual spare parts for all our products at least 10 years after purchase.<\/p>\n<h3><strong>WHERE CAN I GET THE SPARE PARTS ?<\/strong><\/h3>\n<p>The factory does not supply customers directly. In order to give you a proximity service, PUBERT distributes the spares parts through a\u00a0<strong><a href=\"https:\/\/www.pubert.com\/en\/stores-pubert\/\">certificated dealer network<\/a><\/strong>. Don&#8217;t hesitate to contact our dealers PUBERT to check the availability of the spare parts required and use our\u00a0<strong><a href=\"https:\/\/www.pubert.com\/en\/documentation\/\">spare parts catalog<\/a><\/strong>\u00a0provided with our machine. If they are not available in stores, order it.<\/p>\n<h3><strong>WHERE CAN I GET THE ACCESSORIES FOR MY MACHINE ?<\/strong><\/h3>\n<p>The\u00a0<strong><a href=\"https:\/\/www.pubert.com\/en\/stores-pubert\/\">Pubert&#8217;s dealers network<\/a><\/strong>\u00a0delivers compatible accessories with your machine, do not hesitate to ask them more information.<\/p>\n<h3><strong>HOW KNOW THE AVAILABILITY OF A SPARE PART ?<\/strong><\/h3>\n<p>Consult your nearest Pubert&#8217;s dearler: see the module &#8220;<a href=\"https:\/\/www.pubert.com\/en\/stores-pubert\/\"><strong>STORES<\/strong><\/a>&#8220;<\/p>\n<h3><strong>WHY BUY A PUBERT SPARE PART ?<\/strong><\/h3>\n<p>Pubert Spare parts give insurance of comfort and security of optimal use. They insure an optimal functioning and longevity of your product. In parallel, they allow you to beneifit of your Pubert warranty during all its period.<\/p>\n\n","protected":false},"excerpt":{"rendered":"<p>FAQ SPARE PARTS LIST FOR YOUR SPARE PARTS LIST, THE ANSWERS TO YOUR QUESTION ARE HERE! HOW LONG CAN I GET THE SPARE PARTS FOR MY PUBERT TILLER ? We guarantee the availability of usual spare parts for all our products at least 10 years after purchase. WHERE CAN I GET THE SPARE PARTS ?&hellip;<\/p>\n","protected":false},"author":4,"featured_media":5830,"parent":3917,"menu_order":0,"comment_status":"closed","ping_status":"closed","template":"","meta":{"footnotes":""},"categories":[],"tags":[],"class_list":["post-4440","page","type-page","status-publish","has-post-thumbnail","hentry"],"yoast_head":"<!-- This site is optimized with the Yoast SEO plugin v27.4 - https:\/\/yoast.com\/product\/yoast-seo-wordpress\/ -->\n<title>FAQ | Spare parts list - PUBERT EN<\/title>\n<meta name=\"description\" content=\"Retrouvez toutes les questions et r\u00e9ponses pour obtenir des pi\u00e8ces d\u00e9tach\u00e9es de vos machines Pubert sur notre page d\u00e9di\u00e9e aux FAQ.\" \/>\n<meta name=\"robots\" content=\"index, follow, max-snippet:-1, max-image-preview:large, max-video-preview:-1\" \/>\n<link rel=\"canonical\" href=\"https:\/\/pubert.com\/en\/faq\/faq-spare-parts-list\/\" \/>\n<meta property=\"og:locale\" content=\"en_GB\" \/>\n<meta property=\"og:type\" content=\"article\" \/>\n<meta property=\"og:title\" content=\"FAQ | Spare parts list - PUBERT EN\" \/>\n<meta property=\"og:description\" content=\"Retrouvez toutes les questions et r\u00e9ponses pour obtenir des pi\u00e8ces d\u00e9tach\u00e9es de vos machines Pubert sur notre page d\u00e9di\u00e9e aux FAQ.\" \/>\n<meta property=\"og:url\" content=\"https:\/\/pubert.com\/en\/faq\/faq-spare-parts-list\/\" \/>\n<meta property=\"og:site_name\" content=\"PUBERT EN\" \/>\n<meta property=\"article:modified_time\" content=\"2021-06-03T12:48:07+00:00\" \/>\n<meta property=\"og:image\" content=\"https:\/\/pubert.com\/en\/wp-content\/uploads\/2021\/04\/img-mise-en-avant-pubert.jpg\" \/>\n\t<meta property=\"og:image:width\" content=\"512\" \/>\n\t<meta property=\"og:image:height\" content=\"384\" \/>\n\t<meta property=\"og:image:type\" content=\"image\/jpeg\" \/>\n<meta name=\"twitter:card\" content=\"summary_large_image\" \/>\n<script type=\"application\/ld+json\" class=\"yoast-schema-graph\">{\"@context\":\"https:\\\/\\\/schema.org\",\"@graph\":[{\"@type\":\"WebPage\",\"@id\":\"https:\\\/\\\/pubert.com\\\/en\\\/faq\\\/faq-spare-parts-list\\\/\",\"url\":\"https:\\\/\\\/pubert.com\\\/en\\\/faq\\\/faq-spare-parts-list\\\/\",\"name\":\"FAQ | Spare parts list - PUBERT EN\",\"isPartOf\":{\"@id\":\"https:\\\/\\\/pubert.com\\\/en\\\/#website\"},\"primaryImageOfPage\":{\"@id\":\"https:\\\/\\\/pubert.com\\\/en\\\/faq\\\/faq-spare-parts-list\\\/#primaryimage\"},\"image\":{\"@id\":\"https:\\\/\\\/pubert.com\\\/en\\\/faq\\\/faq-spare-parts-list\\\/#primaryimage\"},\"thumbnailUrl\":\"https:\\\/\\\/pubert.com\\\/en\\\/wp-content\\\/uploads\\\/2021\\\/04\\\/img-mise-en-avant-pubert.jpg\",\"datePublished\":\"2021-04-21T06:23:47+00:00\",\"dateModified\":\"2021-06-03T12:48:07+00:00\",\"description\":\"Retrouvez toutes les questions et r\u00e9ponses pour obtenir des pi\u00e8ces d\u00e9tach\u00e9es de vos machines Pubert sur notre page d\u00e9di\u00e9e aux FAQ.\",\"breadcrumb\":{\"@id\":\"https:\\\/\\\/pubert.com\\\/en\\\/faq\\\/faq-spare-parts-list\\\/#breadcrumb\"},\"inLanguage\":\"en-GB\",\"potentialAction\":[{\"@type\":\"ReadAction\",\"target\":[\"https:\\\/\\\/pubert.com\\\/en\\\/faq\\\/faq-spare-parts-list\\\/\"]}]},{\"@type\":\"ImageObject\",\"inLanguage\":\"en-GB\",\"@id\":\"https:\\\/\\\/pubert.com\\\/en\\\/faq\\\/faq-spare-parts-list\\\/#primaryimage\",\"url\":\"https:\\\/\\\/pubert.com\\\/en\\\/wp-content\\\/uploads\\\/2021\\\/04\\\/img-mise-en-avant-pubert.jpg\",\"contentUrl\":\"https:\\\/\\\/pubert.com\\\/en\\\/wp-content\\\/uploads\\\/2021\\\/04\\\/img-mise-en-avant-pubert.jpg\",\"width\":512,\"height\":384},{\"@type\":\"BreadcrumbList\",\"@id\":\"https:\\\/\\\/pubert.com\\\/en\\\/faq\\\/faq-spare-parts-list\\\/#breadcrumb\",\"itemListElement\":[{\"@type\":\"ListItem\",\"position\":1,\"name\":\"Home\",\"item\":\"https:\\\/\\\/pubert.com\\\/en\\\/\"},{\"@type\":\"ListItem\",\"position\":2,\"name\":\"FAQ\",\"item\":\"https:\\\/\\\/pubert.com\\\/en\\\/faq\\\/\"},{\"@type\":\"ListItem\",\"position\":3,\"name\":\"FAQ | Spare parts list\"}]},{\"@type\":\"WebSite\",\"@id\":\"https:\\\/\\\/pubert.com\\\/en\\\/#website\",\"url\":\"https:\\\/\\\/pubert.com\\\/en\\\/\",\"name\":\"PUBERT EN\",\"description\":\"\",\"publisher\":{\"@id\":\"https:\\\/\\\/pubert.com\\\/en\\\/#organization\"},\"potentialAction\":[{\"@type\":\"SearchAction\",\"target\":{\"@type\":\"EntryPoint\",\"urlTemplate\":\"https:\\\/\\\/pubert.com\\\/en\\\/?s={search_term_string}\"},\"query-input\":{\"@type\":\"PropertyValueSpecification\",\"valueRequired\":true,\"valueName\":\"search_term_string\"}}],\"inLanguage\":\"en-GB\"},{\"@type\":\"Organization\",\"@id\":\"https:\\\/\\\/pubert.com\\\/en\\\/#organization\",\"name\":\"Pubert\",\"url\":\"https:\\\/\\\/pubert.com\\\/en\\\/\",\"logo\":{\"@type\":\"ImageObject\",\"inLanguage\":\"en-GB\",\"@id\":\"https:\\\/\\\/pubert.com\\\/en\\\/#\\\/schema\\\/logo\\\/image\\\/\",\"url\":\"https:\\\/\\\/pubert.com\\\/en\\\/wp-content\\\/uploads\\\/2021\\\/01\\\/logo-pubert.jpg\",\"contentUrl\":\"https:\\\/\\\/pubert.com\\\/en\\\/wp-content\\\/uploads\\\/2021\\\/01\\\/logo-pubert.jpg\",\"width\":264,\"height\":94,\"caption\":\"Pubert\"},\"image\":{\"@id\":\"https:\\\/\\\/pubert.com\\\/en\\\/#\\\/schema\\\/logo\\\/image\\\/\"}}]}<\/script>\n<!-- \/ Yoast SEO plugin. -->","yoast_head_json":{"title":"FAQ | Spare parts list - PUBERT EN","description":"Retrouvez toutes les questions et r\u00e9ponses pour obtenir des pi\u00e8ces d\u00e9tach\u00e9es de vos machines Pubert sur notre page d\u00e9di\u00e9e aux FAQ.","robots":{"index":"index","follow":"follow","max-snippet":"max-snippet:-1","max-image-preview":"max-image-preview:large","max-video-preview":"max-video-preview:-1"},"canonical":"https:\/\/pubert.com\/en\/faq\/faq-spare-parts-list\/","og_locale":"en_GB","og_type":"article","og_title":"FAQ | Spare parts list - PUBERT EN","og_description":"Retrouvez toutes les questions et r\u00e9ponses pour obtenir des pi\u00e8ces d\u00e9tach\u00e9es de vos machines Pubert sur notre page d\u00e9di\u00e9e aux FAQ.","og_url":"https:\/\/pubert.com\/en\/faq\/faq-spare-parts-list\/","og_site_name":"PUBERT EN","article_modified_time":"2021-06-03T12:48:07+00:00","og_image":[{"width":512,"height":384,"url":"https:\/\/pubert.com\/en\/wp-content\/uploads\/2021\/04\/img-mise-en-avant-pubert.jpg","type":"image\/jpeg"}],"twitter_card":"summary_large_image","schema":{"@context":"https:\/\/schema.org","@graph":[{"@type":"WebPage","@id":"https:\/\/pubert.com\/en\/faq\/faq-spare-parts-list\/","url":"https:\/\/pubert.com\/en\/faq\/faq-spare-parts-list\/","name":"FAQ | Spare parts list - PUBERT EN","isPartOf":{"@id":"https:\/\/pubert.com\/en\/#website"},"primaryImageOfPage":{"@id":"https:\/\/pubert.com\/en\/faq\/faq-spare-parts-list\/#primaryimage"},"image":{"@id":"https:\/\/pubert.com\/en\/faq\/faq-spare-parts-list\/#primaryimage"},"thumbnailUrl":"https:\/\/pubert.com\/en\/wp-content\/uploads\/2021\/04\/img-mise-en-avant-pubert.jpg","datePublished":"2021-04-21T06:23:47+00:00","dateModified":"2021-06-03T12:48:07+00:00","description":"Retrouvez toutes les questions et r\u00e9ponses pour obtenir des pi\u00e8ces d\u00e9tach\u00e9es de vos machines Pubert sur notre page d\u00e9di\u00e9e aux FAQ.","breadcrumb":{"@id":"https:\/\/pubert.com\/en\/faq\/faq-spare-parts-list\/#breadcrumb"},"inLanguage":"en-GB","potentialAction":[{"@type":"ReadAction","target":["https:\/\/pubert.com\/en\/faq\/faq-spare-parts-list\/"]}]},{"@type":"ImageObject","inLanguage":"en-GB","@id":"https:\/\/pubert.com\/en\/faq\/faq-spare-parts-list\/#primaryimage","url":"https:\/\/pubert.com\/en\/wp-content\/uploads\/2021\/04\/img-mise-en-avant-pubert.jpg","contentUrl":"https:\/\/pubert.com\/en\/wp-content\/uploads\/2021\/04\/img-mise-en-avant-pubert.jpg","width":512,"height":384},{"@type":"BreadcrumbList","@id":"https:\/\/pubert.com\/en\/faq\/faq-spare-parts-list\/#breadcrumb","itemListElement":[{"@type":"ListItem","position":1,"name":"Home","item":"https:\/\/pubert.com\/en\/"},{"@type":"ListItem","position":2,"name":"FAQ","item":"https:\/\/pubert.com\/en\/faq\/"},{"@type":"ListItem","position":3,"name":"FAQ | Spare parts list"}]},{"@type":"WebSite","@id":"https:\/\/pubert.com\/en\/#website","url":"https:\/\/pubert.com\/en\/","name":"PUBERT EN","description":"","publisher":{"@id":"https:\/\/pubert.com\/en\/#organization"},"potentialAction":[{"@type":"SearchAction","target":{"@type":"EntryPoint","urlTemplate":"https:\/\/pubert.com\/en\/?s={search_term_string}"},"query-input":{"@type":"PropertyValueSpecification","valueRequired":true,"valueName":"search_term_string"}}],"inLanguage":"en-GB"},{"@type":"Organization","@id":"https:\/\/pubert.com\/en\/#organization","name":"Pubert","url":"https:\/\/pubert.com\/en\/","logo":{"@type":"ImageObject","inLanguage":"en-GB","@id":"https:\/\/pubert.com\/en\/#\/schema\/logo\/image\/","url":"https:\/\/pubert.com\/en\/wp-content\/uploads\/2021\/01\/logo-pubert.jpg","contentUrl":"https:\/\/pubert.com\/en\/wp-content\/uploads\/2021\/01\/logo-pubert.jpg","width":264,"height":94,"caption":"Pubert"},"image":{"@id":"https:\/\/pubert.com\/en\/#\/schema\/logo\/image\/"}}]}},"_links":{"self":[{"href":"https:\/\/pubert.com\/en\/wp-json\/wp\/v2\/pages\/4440","targetHints":{"allow":["GET"]}}],"collection":[{"href":"https:\/\/pubert.com\/en\/wp-json\/wp\/v2\/pages"}],"about":[{"href":"https:\/\/pubert.com\/en\/wp-json\/wp\/v2\/types\/page"}],"author":[{"embeddable":true,"href":"https:\/\/pubert.com\/en\/wp-json\/wp\/v2\/users\/4"}],"replies":[{"embeddable":true,"href":"https:\/\/pubert.com\/en\/wp-json\/wp\/v2\/comments?post=4440"}],"version-history":[{"count":0,"href":"https:\/\/pubert.com\/en\/wp-json\/wp\/v2\/pages\/4440\/revisions"}],"up":[{"embeddable":true,"href":"https:\/\/pubert.com\/en\/wp-json\/wp\/v2\/pages\/3917"}],"wp:featuredmedia":[{"embeddable":true,"href":"https:\/\/pubert.com\/en\/wp-json\/wp\/v2\/media\/5830"}],"wp:attachment":[{"href":"https:\/\/pubert.com\/en\/wp-json\/wp\/v2\/media?parent=4440"}],"wp:term":[{"taxonomy":"category","embeddable":true,"href":"https:\/\/pubert.com\/en\/wp-json\/wp\/v2\/categories?post=4440"},{"taxonomy":"post_tag","embeddable":true,"href":"https:\/\/pubert.com\/en\/wp-json\/wp\/v2\/tags?post=4440"}],"curies":[{"name":"wp","href":"https:\/\/api.w.org\/{rel}","templated":true}]}}