{"id":4443,"date":"2021-04-21T08:50:38","date_gmt":"2021-04-21T06:50:38","guid":{"rendered":"https:\/\/pubertweb.com\/en\/?page_id=4443"},"modified":"2022-05-04T08:24:02","modified_gmt":"2022-05-04T06:24:02","slug":"faq-guarantee","status":"publish","type":"page","link":"https:\/\/pubert.com\/en\/faq\/faq-guarantee\/","title":{"rendered":"FAQ | guarantee"},"content":{"rendered":"\n<h1>\n\t\tFAQ GUARANTEE\n\t<\/h1>\n\t<span><span><a href=\"https:\/\/pubert.com\/en\/\">Home<\/a><\/span><\/span>\n<h1>\n\t\tFOR GUARANTEE, THE ANSWERS TO YOUR QUESTION ARE HERE!\n\t<\/h1>\n\t<h3><strong>THE <\/strong><strong>GUARANTEE PERIOD FOR MY PRODUCT<\/strong><\/h3>\n<p>For amateur use, all Pubert products are guaranteed for 2 years. Some products have a 1 year extension.<\/p>\n<p>You could download the warranty extension conditions on the &#8220;3-year warranty&#8221; by countries :<\/p>\n\t<p><a href=\"https:\/\/pubert.com\/en\/wp-content\/uploads\/2022\/05\/Cesky_CERTIFICAT-GARANTIE-3-ANS.pdf\" target=\"_blank\" rel=\"noopener\">&gt; \u010cesky<\/a><\/p>\n\t<p><a href=\"https:\/\/pubert.com\/en\/wp-content\/uploads\/2022\/05\/Deutsch_CERTIFICAT-GARANTIE-3-ANS.pdf\" target=\"_blank\" rel=\"noopener\">&gt; Deutsch<\/a><\/p>\n\t<p><a href=\"https:\/\/pubert.com\/en\/wp-content\/uploads\/2022\/05\/English_CERTIFICAT-GARANTIE-3-ANS.pdf\" target=\"_blank\" rel=\"noopener\">&gt; English<\/a><\/p>\n\t<p><a href=\"https:\/\/pubert.com\/en\/wp-content\/uploads\/2022\/05\/Espanol_CERTIFICAT-GARANTIE-3-ANS.pdf\" target=\"_blank\" rel=\"noopener\">&gt; Espa\u00f1ol<\/a><\/p>\n\t<p><a href=\"https:\/\/pubert.com\/en\/wp-content\/uploads\/2022\/05\/Italiano_CERTIFICAT-GARANTIE-3-ANS.pdf\" target=\"_blank\" rel=\"noopener\">&gt; Italiano<\/a><\/p>\n\t<p><a href=\"https:\/\/pubert.com\/en\/wp-content\/uploads\/2022\/05\/Latviesu-valoda_CERTIFICAT-GARANTIE-3-ANS.pdf\" target=\"_blank\" rel=\"noopener\">&gt; Latvie\u0161u valoda<\/a><\/p>\n\t<p><a href=\"https:\/\/pubert.com\/en\/wp-content\/uploads\/2022\/05\/Lietuviu-kalba_CERTIFICAT-GARANTIE-3-ANS.pdf\" target=\"_blank\" rel=\"noopener\">&gt; Lietuvi\u0173 kalba<\/a><\/p>\n\t<p><a href=\"https:\/\/pubert.com\/en\/wp-content\/uploads\/2022\/05\/Nederlands_CERTIFICAT-GARANTIE-3-ANS.pdf\" target=\"_blank\" rel=\"noopener\">&gt; Nederlands<\/a><\/p>\n\t<p><a href=\"https:\/\/pubert.com\/en\/wp-content\/uploads\/2022\/05\/Polski_CERTIFICAT-GARANTIE-3-ANS.pdf\" target=\"_blank\" rel=\"noopener\">&gt; Polski<\/a><\/p>\n\t<p><a href=\"https:\/\/pubert.com\/en\/wp-content\/uploads\/2022\/05\/Portugues_CERTIFICAT-GARANTIE-3-ANS.pdf\" target=\"_blank\" rel=\"noopener\">&gt; Portugu\u00eas<\/a><\/p>\n\t<p><a href=\"https:\/\/pubert.com\/en\/wp-content\/uploads\/2022\/05\/Romana_CERTIFICAT-GARANTIE-3-ANS.pdf\" target=\"_blank\" rel=\"noopener\">&gt; Rom\u00e2n\u0103<\/a><\/p>\n\t<p><a href=\"https:\/\/pubert.com\/en\/wp-content\/uploads\/2022\/05\/Turkce_CERTIFICAT-GARANTIE-3-ANS.pdf\" target=\"_blank\" rel=\"noopener\">&gt; T\u00fcrk\u00e7e<\/a><\/p>\n\t<p><a href=\"https:\/\/pubert.com\/en\/wp-content\/uploads\/2022\/05\/\u0395\u03bb\u03bb\u03b7\u03bd\u03b9\u03ba\u03ac_CERTIFICAT-GARANTIE-3-ANS.pdf\" target=\"_blank\" rel=\"noopener\">&gt; \u0395\u03bb\u03bb\u03b7\u03bd\u03b9\u03ba\u03ac<\/a><\/p>\n\t<p><a href=\"https:\/\/pubert.com\/en\/wp-content\/uploads\/2022\/05\/\u0431\u044a\u043b\u0433\u0430\u0440\u0441\u043a\u0438-\u0435\u0437\u0438\u043a_CERTIFICAT-GARANTIE-3-ANS.pdf\" target=\"_blank\" rel=\"noopener\">&gt; \u0431\u044a\u043b\u0433\u0430\u0440\u0441\u043a\u0438 \u0435\u0437\u0438\u043a<\/a><\/p>\n\t<p><a href=\"https:\/\/pubert.com\/en\/wp-content\/uploads\/2022\/05\/\u0440\u0443\u0441\u0441\u043a\u0438\u0439-\u044f\u0437\u044b\u043a_CERTIFICAT-GARANTIE-3-ANS.pdf\" target=\"_blank\" rel=\"noopener\">&gt; \u0440\u0443\u0441\u0441\u043a\u0438\u0439 \u044f\u0437\u044b\u043a<\/a><\/p>\n\t<h3>others questions on the guarantee :<\/h3>\n<p>&nbsp;<\/p>\n\n<h3><strong>HOW FIND SERIAL NUMBERS, FABRICATION DATE AND THE MODEL ?<\/strong><\/h3>\n<p>All this information is written on the plate of machine. It is in the form of a silver label. This label is sticking on the machine frame. It is the metallic part on which the engine is fixed.<\/p>\n<h3><strong>WHERE FIND CERTIFICATE OF CONFORMITY OF MY MACHINE ?<\/strong><\/h3>\n<p>Each user instruction supplied with the machines included, in last page, the certificate of conformity CE specific to the machine. If you haven&#8217;t your user instruction, you could use it in the tab &#8220;<a href=\"https:\/\/pubert.com\/en\/contact-pubert\/\">CONTACT<\/a>&#8221; of website.<\/p>\n<h3><strong>I HIT A ROCK WITH MY WHEELED BRUSHCUTTER AND THE BLADE IS BROKEN. IS IT SUPPORTED BY WARRANTY ?<\/strong><\/h3>\n<p>The damages cause by diverse impacts aren&#8217;t cover by warranty. The warranty is about materials or manufacture problems occurring during the specific period.<\/p>\n<h3><strong>A PART OF MY TILLER IS DEFECTIVE. CAN YOU SEND ME THE PART UNDER WARRANTY?<\/strong><\/h3>\n<p>Our after sales policy specifies that you should return to your point of sales to assert the warranty.<\/p>\n<p>Bring your\u00a0<strong>invoice<\/strong>\u00a0and\u00a0<strong>machine serial number<\/strong>. If the product have a fault covered by warranty, your certified local repairer could make the necessary repairs free of charge.<\/p>\n\n","protected":false},"excerpt":{"rendered":"<p>FAQ GUARANTEE FOR GUARANTEE, THE ANSWERS TO YOUR QUESTION ARE HERE! THE GUARANTEE PERIOD FOR MY PRODUCT For amateur use, all Pubert products are guaranteed for 2 years. Some products have a 1 year extension. You could download the warranty extension conditions on the &#8220;3-year warranty&#8221; by countries : &gt; \u010cesky &gt; Deutsch &gt; English&hellip;<\/p>\n","protected":false},"author":4,"featured_media":5830,"parent":3917,"menu_order":0,"comment_status":"closed","ping_status":"closed","template":"","meta":{"footnotes":""},"categories":[],"tags":[],"class_list":["post-4443","page","type-page","status-publish","has-post-thumbnail","hentry"],"yoast_head":"<!-- This site is optimized with the Yoast SEO plugin v27.4 - https:\/\/yoast.com\/product\/yoast-seo-wordpress\/ -->\n<title>FAQ | guarantee - PUBERT EN<\/title>\n<meta name=\"description\" content=\"Retrouvez toutes les questions et r\u00e9ponses sur les garanties disponibles pour toutes les machines Pubert sur notre page d\u00e9di\u00e9e aux FAQ.\" \/>\n<meta name=\"robots\" content=\"index, follow, max-snippet:-1, max-image-preview:large, max-video-preview:-1\" \/>\n<link rel=\"canonical\" href=\"https:\/\/pubert.com\/en\/faq\/faq-guarantee\/\" \/>\n<meta property=\"og:locale\" content=\"en_GB\" \/>\n<meta property=\"og:type\" content=\"article\" \/>\n<meta property=\"og:title\" content=\"FAQ | guarantee - PUBERT EN\" \/>\n<meta property=\"og:description\" content=\"Retrouvez toutes les questions et r\u00e9ponses sur les garanties disponibles pour toutes les machines Pubert sur notre page d\u00e9di\u00e9e aux FAQ.\" \/>\n<meta property=\"og:url\" content=\"https:\/\/pubert.com\/en\/faq\/faq-guarantee\/\" \/>\n<meta property=\"og:site_name\" content=\"PUBERT EN\" \/>\n<meta property=\"article:modified_time\" content=\"2022-05-04T06:24:02+00:00\" \/>\n<meta property=\"og:image\" content=\"https:\/\/pubert.com\/en\/wp-content\/uploads\/2021\/04\/img-mise-en-avant-pubert.jpg\" \/>\n\t<meta property=\"og:image:width\" content=\"512\" \/>\n\t<meta property=\"og:image:height\" content=\"384\" \/>\n\t<meta property=\"og:image:type\" content=\"image\/jpeg\" \/>\n<meta name=\"twitter:card\" content=\"summary_large_image\" \/>\n<script type=\"application\/ld+json\" class=\"yoast-schema-graph\">{\"@context\":\"https:\\\/\\\/schema.org\",\"@graph\":[{\"@type\":\"WebPage\",\"@id\":\"https:\\\/\\\/pubert.com\\\/en\\\/faq\\\/faq-guarantee\\\/\",\"url\":\"https:\\\/\\\/pubert.com\\\/en\\\/faq\\\/faq-guarantee\\\/\",\"name\":\"FAQ | guarantee - PUBERT EN\",\"isPartOf\":{\"@id\":\"https:\\\/\\\/pubert.com\\\/en\\\/#website\"},\"primaryImageOfPage\":{\"@id\":\"https:\\\/\\\/pubert.com\\\/en\\\/faq\\\/faq-guarantee\\\/#primaryimage\"},\"image\":{\"@id\":\"https:\\\/\\\/pubert.com\\\/en\\\/faq\\\/faq-guarantee\\\/#primaryimage\"},\"thumbnailUrl\":\"https:\\\/\\\/pubert.com\\\/en\\\/wp-content\\\/uploads\\\/2021\\\/04\\\/img-mise-en-avant-pubert.jpg\",\"datePublished\":\"2021-04-21T06:50:38+00:00\",\"dateModified\":\"2022-05-04T06:24:02+00:00\",\"description\":\"Retrouvez toutes les questions et r\u00e9ponses sur les garanties disponibles pour toutes les machines Pubert sur notre page d\u00e9di\u00e9e aux FAQ.\",\"breadcrumb\":{\"@id\":\"https:\\\/\\\/pubert.com\\\/en\\\/faq\\\/faq-guarantee\\\/#breadcrumb\"},\"inLanguage\":\"en-GB\",\"potentialAction\":[{\"@type\":\"ReadAction\",\"target\":[\"https:\\\/\\\/pubert.com\\\/en\\\/faq\\\/faq-guarantee\\\/\"]}]},{\"@type\":\"ImageObject\",\"inLanguage\":\"en-GB\",\"@id\":\"https:\\\/\\\/pubert.com\\\/en\\\/faq\\\/faq-guarantee\\\/#primaryimage\",\"url\":\"https:\\\/\\\/pubert.com\\\/en\\\/wp-content\\\/uploads\\\/2021\\\/04\\\/img-mise-en-avant-pubert.jpg\",\"contentUrl\":\"https:\\\/\\\/pubert.com\\\/en\\\/wp-content\\\/uploads\\\/2021\\\/04\\\/img-mise-en-avant-pubert.jpg\",\"width\":512,\"height\":384},{\"@type\":\"BreadcrumbList\",\"@id\":\"https:\\\/\\\/pubert.com\\\/en\\\/faq\\\/faq-guarantee\\\/#breadcrumb\",\"itemListElement\":[{\"@type\":\"ListItem\",\"position\":1,\"name\":\"Home\",\"item\":\"https:\\\/\\\/pubert.com\\\/en\\\/\"},{\"@type\":\"ListItem\",\"position\":2,\"name\":\"FAQ\",\"item\":\"https:\\\/\\\/pubert.com\\\/en\\\/faq\\\/\"},{\"@type\":\"ListItem\",\"position\":3,\"name\":\"FAQ | guarantee\"}]},{\"@type\":\"WebSite\",\"@id\":\"https:\\\/\\\/pubert.com\\\/en\\\/#website\",\"url\":\"https:\\\/\\\/pubert.com\\\/en\\\/\",\"name\":\"PUBERT EN\",\"description\":\"\",\"publisher\":{\"@id\":\"https:\\\/\\\/pubert.com\\\/en\\\/#organization\"},\"potentialAction\":[{\"@type\":\"SearchAction\",\"target\":{\"@type\":\"EntryPoint\",\"urlTemplate\":\"https:\\\/\\\/pubert.com\\\/en\\\/?s={search_term_string}\"},\"query-input\":{\"@type\":\"PropertyValueSpecification\",\"valueRequired\":true,\"valueName\":\"search_term_string\"}}],\"inLanguage\":\"en-GB\"},{\"@type\":\"Organization\",\"@id\":\"https:\\\/\\\/pubert.com\\\/en\\\/#organization\",\"name\":\"Pubert\",\"url\":\"https:\\\/\\\/pubert.com\\\/en\\\/\",\"logo\":{\"@type\":\"ImageObject\",\"inLanguage\":\"en-GB\",\"@id\":\"https:\\\/\\\/pubert.com\\\/en\\\/#\\\/schema\\\/logo\\\/image\\\/\",\"url\":\"https:\\\/\\\/pubert.com\\\/en\\\/wp-content\\\/uploads\\\/2021\\\/01\\\/logo-pubert.jpg\",\"contentUrl\":\"https:\\\/\\\/pubert.com\\\/en\\\/wp-content\\\/uploads\\\/2021\\\/01\\\/logo-pubert.jpg\",\"width\":264,\"height\":94,\"caption\":\"Pubert\"},\"image\":{\"@id\":\"https:\\\/\\\/pubert.com\\\/en\\\/#\\\/schema\\\/logo\\\/image\\\/\"}}]}<\/script>\n<!-- \/ Yoast SEO plugin. -->","yoast_head_json":{"title":"FAQ | guarantee - PUBERT EN","description":"Retrouvez toutes les questions et r\u00e9ponses sur les garanties disponibles pour toutes les machines Pubert sur notre page d\u00e9di\u00e9e aux FAQ.","robots":{"index":"index","follow":"follow","max-snippet":"max-snippet:-1","max-image-preview":"max-image-preview:large","max-video-preview":"max-video-preview:-1"},"canonical":"https:\/\/pubert.com\/en\/faq\/faq-guarantee\/","og_locale":"en_GB","og_type":"article","og_title":"FAQ | guarantee - PUBERT EN","og_description":"Retrouvez toutes les questions et r\u00e9ponses sur les garanties disponibles pour toutes les machines Pubert sur notre page d\u00e9di\u00e9e aux FAQ.","og_url":"https:\/\/pubert.com\/en\/faq\/faq-guarantee\/","og_site_name":"PUBERT EN","article_modified_time":"2022-05-04T06:24:02+00:00","og_image":[{"width":512,"height":384,"url":"https:\/\/pubert.com\/en\/wp-content\/uploads\/2021\/04\/img-mise-en-avant-pubert.jpg","type":"image\/jpeg"}],"twitter_card":"summary_large_image","schema":{"@context":"https:\/\/schema.org","@graph":[{"@type":"WebPage","@id":"https:\/\/pubert.com\/en\/faq\/faq-guarantee\/","url":"https:\/\/pubert.com\/en\/faq\/faq-guarantee\/","name":"FAQ | guarantee - PUBERT EN","isPartOf":{"@id":"https:\/\/pubert.com\/en\/#website"},"primaryImageOfPage":{"@id":"https:\/\/pubert.com\/en\/faq\/faq-guarantee\/#primaryimage"},"image":{"@id":"https:\/\/pubert.com\/en\/faq\/faq-guarantee\/#primaryimage"},"thumbnailUrl":"https:\/\/pubert.com\/en\/wp-content\/uploads\/2021\/04\/img-mise-en-avant-pubert.jpg","datePublished":"2021-04-21T06:50:38+00:00","dateModified":"2022-05-04T06:24:02+00:00","description":"Retrouvez toutes les questions et r\u00e9ponses sur les garanties disponibles pour toutes les machines Pubert sur notre page d\u00e9di\u00e9e aux FAQ.","breadcrumb":{"@id":"https:\/\/pubert.com\/en\/faq\/faq-guarantee\/#breadcrumb"},"inLanguage":"en-GB","potentialAction":[{"@type":"ReadAction","target":["https:\/\/pubert.com\/en\/faq\/faq-guarantee\/"]}]},{"@type":"ImageObject","inLanguage":"en-GB","@id":"https:\/\/pubert.com\/en\/faq\/faq-guarantee\/#primaryimage","url":"https:\/\/pubert.com\/en\/wp-content\/uploads\/2021\/04\/img-mise-en-avant-pubert.jpg","contentUrl":"https:\/\/pubert.com\/en\/wp-content\/uploads\/2021\/04\/img-mise-en-avant-pubert.jpg","width":512,"height":384},{"@type":"BreadcrumbList","@id":"https:\/\/pubert.com\/en\/faq\/faq-guarantee\/#breadcrumb","itemListElement":[{"@type":"ListItem","position":1,"name":"Home","item":"https:\/\/pubert.com\/en\/"},{"@type":"ListItem","position":2,"name":"FAQ","item":"https:\/\/pubert.com\/en\/faq\/"},{"@type":"ListItem","position":3,"name":"FAQ | guarantee"}]},{"@type":"WebSite","@id":"https:\/\/pubert.com\/en\/#website","url":"https:\/\/pubert.com\/en\/","name":"PUBERT EN","description":"","publisher":{"@id":"https:\/\/pubert.com\/en\/#organization"},"potentialAction":[{"@type":"SearchAction","target":{"@type":"EntryPoint","urlTemplate":"https:\/\/pubert.com\/en\/?s={search_term_string}"},"query-input":{"@type":"PropertyValueSpecification","valueRequired":true,"valueName":"search_term_string"}}],"inLanguage":"en-GB"},{"@type":"Organization","@id":"https:\/\/pubert.com\/en\/#organization","name":"Pubert","url":"https:\/\/pubert.com\/en\/","logo":{"@type":"ImageObject","inLanguage":"en-GB","@id":"https:\/\/pubert.com\/en\/#\/schema\/logo\/image\/","url":"https:\/\/pubert.com\/en\/wp-content\/uploads\/2021\/01\/logo-pubert.jpg","contentUrl":"https:\/\/pubert.com\/en\/wp-content\/uploads\/2021\/01\/logo-pubert.jpg","width":264,"height":94,"caption":"Pubert"},"image":{"@id":"https:\/\/pubert.com\/en\/#\/schema\/logo\/image\/"}}]}},"_links":{"self":[{"href":"https:\/\/pubert.com\/en\/wp-json\/wp\/v2\/pages\/4443","targetHints":{"allow":["GET"]}}],"collection":[{"href":"https:\/\/pubert.com\/en\/wp-json\/wp\/v2\/pages"}],"about":[{"href":"https:\/\/pubert.com\/en\/wp-json\/wp\/v2\/types\/page"}],"author":[{"embeddable":true,"href":"https:\/\/pubert.com\/en\/wp-json\/wp\/v2\/users\/4"}],"replies":[{"embeddable":true,"href":"https:\/\/pubert.com\/en\/wp-json\/wp\/v2\/comments?post=4443"}],"version-history":[{"count":0,"href":"https:\/\/pubert.com\/en\/wp-json\/wp\/v2\/pages\/4443\/revisions"}],"up":[{"embeddable":true,"href":"https:\/\/pubert.com\/en\/wp-json\/wp\/v2\/pages\/3917"}],"wp:featuredmedia":[{"embeddable":true,"href":"https:\/\/pubert.com\/en\/wp-json\/wp\/v2\/media\/5830"}],"wp:attachment":[{"href":"https:\/\/pubert.com\/en\/wp-json\/wp\/v2\/media?parent=4443"}],"wp:term":[{"taxonomy":"category","embeddable":true,"href":"https:\/\/pubert.com\/en\/wp-json\/wp\/v2\/categories?post=4443"},{"taxonomy":"post_tag","embeddable":true,"href":"https:\/\/pubert.com\/en\/wp-json\/wp\/v2\/tags?post=4443"}],"curies":[{"name":"wp","href":"https:\/\/api.w.org\/{rel}","templated":true}]}}