{"id":5836,"date":"2021-05-12T19:38:17","date_gmt":"2021-05-12T17:38:17","guid":{"rendered":"https:\/\/pubertweb.com\/en\/?page_id=5836"},"modified":"2021-06-04T14:37:29","modified_gmt":"2021-06-04T12:37:29","slug":"linnovation-secret-pubert-know-how","status":"publish","type":"page","link":"https:\/\/pubert.com\/en\/linnovation-secret-pubert-know-how\/","title":{"rendered":"Innovation : The secret behind Pubert&#8217;s know-how"},"content":{"rendered":"\n<h1>\n\t\tPUBERT KNOW-HOW\n\t<\/h1>\n\t<span><span><a href=\"https:\/\/pubert.com\/en\/\">Home<\/a><\/span><\/span>\n\t<h3>CONSTANT INNOVATION IS THE SECRET BEHIND PUBERT&#8217;S KNOW-HOW<\/h3>\n<p>Over the years, the Pubert company has integrated new technologies to manufacture machines that are ever more efficient, more practical to use, sturdy and very competitively priced.<\/p>\n<p>The company devotes a significant portion of its turnover to researching and developing new technologies.<\/p>\n<p>Each year, it files many patents, trademarks and models. For example, the tiller range has the added benefit of battery-powered electric machines that are very quiet to comply with the latest requirements and in particular to protect the environment.<\/p>\n<h2>\n\t\tPUBERT&#8217;S MAIN MACHINE INNOVATIONS\n\t<\/h2>\n\t<h3><a href=\"https:\/\/pubert.com\/en\/linnovation-le-secret-du-savoir-faire-pubert\/innovation-boite-vitesse-motobineuse\/\"><strong>TILLER GEARBOX<\/strong><\/a><\/h3>\n\t\t\t\t<a href=\"https:\/\/pubert.com\/en\/linnovation-le-secret-du-savoir-faire-pubert\/innovation-boite-vitesse-motobineuse\/\" target=\"_self\" itemprop=\"url\" rel=\"noopener noreferrer\">\n\t\t\t\t<img decoding=\"async\" src=\"https:\/\/pubert.com\/en\/wp-content\/uploads\/2021\/05\/Boite-de-vitesse-mecanique-Vario.jpg\" alt=\"BO\u00ceTE DE VITESSE M\u00c9CANIQUE POUR MOTOBINEUSE (2 VITESSES AVANT + 1 ARRI\u00c8RE)\" itemprop=\"image\" height=\"240\" width=\"320\" title=\"Boite-de-vitesse-m\u00e9canique-Vario\" onerror=\"this.style.display='none'\">\n\t\t\t\t<\/a>\n\t<h3><a href=\"https:\/\/pubert.com\/en\/linnovation-le-secret-du-savoir-faire-pubert\/innovations-demarrage-electrique-motobineuse\/\"><strong>EASY GO SYSTEM<\/strong><\/a><\/h3>\n\t\t\t\t<a href=\"https:\/\/pubert.com\/en\/linnovation-le-secret-du-savoir-faire-pubert\/innovations-demarrage-electrique-motobineuse\/\" target=\"_self\" itemprop=\"url\" rel=\"noopener noreferrer\">\n\t\t\t\t<img decoding=\"async\" src=\"https:\/\/pubert.com\/en\/wp-content\/uploads\/2021\/05\/Terro-EG.jpg\" alt=\"LE DEMARRAGE ELECTRIQUE FACILE\" itemprop=\"image\" height=\"240\" width=\"320\" title=\"Terro-EG\" onerror=\"this.style.display='none'\">\n\t\t\t\t<\/a>\n\t<h3><a href=\"https:\/\/pubert.com\/en\/linnovation-le-secret-du-savoir-faire-pubert\/innovation-embrayage-pneumatique-motobineuse\/\">PNEUMATIC CLUTCH SYSTEM ON TILLER<\/a><\/h3>\n\t\t\t\t<a href=\"https:\/\/pubert.com\/en\/linnovation-le-secret-du-savoir-faire-pubert\/innovation-embrayage-pneumatique-motobineuse\/\" target=\"_self\" itemprop=\"url\" rel=\"noopener noreferrer\">\n\t\t\t\t<img decoding=\"async\" src=\"https:\/\/pubert.com\/en\/wp-content\/uploads\/2021\/05\/Embrayage-pneumatique.jpg\" alt=\"L'EMBRAYAGE PNEUMATIQUE SUR MOTOBINEUSE\" itemprop=\"image\" height=\"240\" width=\"320\" title=\"Embrayage-pneumatique\" onerror=\"this.style.display='none'\">\n\t\t\t\t<\/a>\n\t<h3><a href=\"https:\/\/pubert.com\/en\/linnovation-le-secret-du-savoir-faire-pubert\/innovations-boite-vitesse-1-avant-1arriere-motobineuse\/\">COMPACT GEARBOX 1+1 REVERSE<\/a><\/h3>\n\t\t\t\t<a href=\"https:\/\/pubert.com\/en\/linnovation-le-secret-du-savoir-faire-pubert\/innovations-boite-vitesse-1-avant-1arriere-motobineuse\/\" target=\"_self\" itemprop=\"url\" rel=\"noopener noreferrer\">\n\t\t\t\t<img decoding=\"async\" src=\"https:\/\/pubert.com\/en\/wp-content\/uploads\/2021\/05\/Vignette-Innovatioon-boite-vitesse.jpg\" alt=\"BO\u00ceTE DE VITESSE M\u00c9CANIQUE (1 VITESSE AVANT + 1 ARRI\u00c8RE)\" itemprop=\"image\" height=\"240\" width=\"320\" title=\"Vignette-Innovatioon-bo\u00eete-vitesse\" onerror=\"this.style.display='none'\">\n\t\t\t\t<\/a>\n","protected":false},"excerpt":{"rendered":"<p>PUBERT KNOW-HOW CONSTANT INNOVATION IS THE SECRET BEHIND PUBERT&#8217;S KNOW-HOW Over the years, the Pubert company has integrated new technologies to manufacture machines that are ever more efficient, more practical to use, sturdy and very competitively priced. The company devotes a significant portion of its turnover to researching and developing new technologies. Each year, it&hellip;<\/p>\n","protected":false},"author":4,"featured_media":5830,"parent":0,"menu_order":0,"comment_status":"closed","ping_status":"closed","template":"","meta":{"footnotes":""},"categories":[],"tags":[],"class_list":["post-5836","page","type-page","status-publish","has-post-thumbnail","hentry"],"yoast_head":"<!-- This site is optimized with the Yoast SEO plugin v27.4 - https:\/\/yoast.com\/product\/yoast-seo-wordpress\/ -->\n<title>The secret behind Pubert&#039;s know-how | Innovation - PUBERT EN<\/title>\n<meta name=\"description\" content=\"The company Pubert devotes a significant portion of its turnover to researching and developing new technologies for innovation.\" \/>\n<meta name=\"robots\" content=\"index, follow, max-snippet:-1, max-image-preview:large, max-video-preview:-1\" \/>\n<link rel=\"canonical\" href=\"https:\/\/pubert.com\/en\/linnovation-secret-pubert-know-how\/\" \/>\n<meta property=\"og:locale\" content=\"en_GB\" \/>\n<meta property=\"og:type\" content=\"article\" \/>\n<meta property=\"og:title\" content=\"The secret behind Pubert&#039;s know-how | Innovation - PUBERT EN\" \/>\n<meta property=\"og:description\" content=\"The company Pubert devotes a significant portion of its turnover to researching and developing new technologies for innovation.\" \/>\n<meta property=\"og:url\" content=\"https:\/\/pubert.com\/en\/linnovation-secret-pubert-know-how\/\" \/>\n<meta property=\"og:site_name\" content=\"PUBERT EN\" \/>\n<meta property=\"article:modified_time\" content=\"2021-06-04T12:37:29+00:00\" \/>\n<meta property=\"og:image\" content=\"https:\/\/pubert.com\/en\/wp-content\/uploads\/2021\/04\/img-mise-en-avant-pubert.jpg\" \/>\n\t<meta property=\"og:image:width\" content=\"512\" \/>\n\t<meta property=\"og:image:height\" content=\"384\" \/>\n\t<meta property=\"og:image:type\" content=\"image\/jpeg\" \/>\n<meta name=\"twitter:card\" content=\"summary_large_image\" \/>\n<meta name=\"twitter:label1\" content=\"Estimated reading time\" \/>\n\t<meta name=\"twitter:data1\" content=\"1 minute\" \/>\n<script type=\"application\/ld+json\" class=\"yoast-schema-graph\">{\"@context\":\"https:\\\/\\\/schema.org\",\"@graph\":[{\"@type\":\"WebPage\",\"@id\":\"https:\\\/\\\/pubert.com\\\/en\\\/linnovation-secret-pubert-know-how\\\/\",\"url\":\"https:\\\/\\\/pubert.com\\\/en\\\/linnovation-secret-pubert-know-how\\\/\",\"name\":\"The secret behind Pubert's know-how | Innovation - PUBERT EN\",\"isPartOf\":{\"@id\":\"https:\\\/\\\/pubert.com\\\/en\\\/#website\"},\"primaryImageOfPage\":{\"@id\":\"https:\\\/\\\/pubert.com\\\/en\\\/linnovation-secret-pubert-know-how\\\/#primaryimage\"},\"image\":{\"@id\":\"https:\\\/\\\/pubert.com\\\/en\\\/linnovation-secret-pubert-know-how\\\/#primaryimage\"},\"thumbnailUrl\":\"https:\\\/\\\/pubert.com\\\/en\\\/wp-content\\\/uploads\\\/2021\\\/04\\\/img-mise-en-avant-pubert.jpg\",\"datePublished\":\"2021-05-12T17:38:17+00:00\",\"dateModified\":\"2021-06-04T12:37:29+00:00\",\"description\":\"The company Pubert devotes a significant portion of its turnover to researching and developing new technologies for innovation.\",\"breadcrumb\":{\"@id\":\"https:\\\/\\\/pubert.com\\\/en\\\/linnovation-secret-pubert-know-how\\\/#breadcrumb\"},\"inLanguage\":\"en-GB\",\"potentialAction\":[{\"@type\":\"ReadAction\",\"target\":[\"https:\\\/\\\/pubert.com\\\/en\\\/linnovation-secret-pubert-know-how\\\/\"]}]},{\"@type\":\"ImageObject\",\"inLanguage\":\"en-GB\",\"@id\":\"https:\\\/\\\/pubert.com\\\/en\\\/linnovation-secret-pubert-know-how\\\/#primaryimage\",\"url\":\"https:\\\/\\\/pubert.com\\\/en\\\/wp-content\\\/uploads\\\/2021\\\/04\\\/img-mise-en-avant-pubert.jpg\",\"contentUrl\":\"https:\\\/\\\/pubert.com\\\/en\\\/wp-content\\\/uploads\\\/2021\\\/04\\\/img-mise-en-avant-pubert.jpg\",\"width\":512,\"height\":384},{\"@type\":\"BreadcrumbList\",\"@id\":\"https:\\\/\\\/pubert.com\\\/en\\\/linnovation-secret-pubert-know-how\\\/#breadcrumb\",\"itemListElement\":[{\"@type\":\"ListItem\",\"position\":1,\"name\":\"Home\",\"item\":\"https:\\\/\\\/pubert.com\\\/en\\\/\"},{\"@type\":\"ListItem\",\"position\":2,\"name\":\"Innovation : The secret behind Pubert&#8217;s know-how\"}]},{\"@type\":\"WebSite\",\"@id\":\"https:\\\/\\\/pubert.com\\\/en\\\/#website\",\"url\":\"https:\\\/\\\/pubert.com\\\/en\\\/\",\"name\":\"PUBERT EN\",\"description\":\"\",\"publisher\":{\"@id\":\"https:\\\/\\\/pubert.com\\\/en\\\/#organization\"},\"potentialAction\":[{\"@type\":\"SearchAction\",\"target\":{\"@type\":\"EntryPoint\",\"urlTemplate\":\"https:\\\/\\\/pubert.com\\\/en\\\/?s={search_term_string}\"},\"query-input\":{\"@type\":\"PropertyValueSpecification\",\"valueRequired\":true,\"valueName\":\"search_term_string\"}}],\"inLanguage\":\"en-GB\"},{\"@type\":\"Organization\",\"@id\":\"https:\\\/\\\/pubert.com\\\/en\\\/#organization\",\"name\":\"Pubert\",\"url\":\"https:\\\/\\\/pubert.com\\\/en\\\/\",\"logo\":{\"@type\":\"ImageObject\",\"inLanguage\":\"en-GB\",\"@id\":\"https:\\\/\\\/pubert.com\\\/en\\\/#\\\/schema\\\/logo\\\/image\\\/\",\"url\":\"https:\\\/\\\/pubert.com\\\/en\\\/wp-content\\\/uploads\\\/2021\\\/01\\\/logo-pubert.jpg\",\"contentUrl\":\"https:\\\/\\\/pubert.com\\\/en\\\/wp-content\\\/uploads\\\/2021\\\/01\\\/logo-pubert.jpg\",\"width\":264,\"height\":94,\"caption\":\"Pubert\"},\"image\":{\"@id\":\"https:\\\/\\\/pubert.com\\\/en\\\/#\\\/schema\\\/logo\\\/image\\\/\"}}]}<\/script>\n<!-- \/ Yoast SEO plugin. -->","yoast_head_json":{"title":"The secret behind Pubert's know-how | Innovation - PUBERT EN","description":"The company Pubert devotes a significant portion of its turnover to researching and developing new technologies for innovation.","robots":{"index":"index","follow":"follow","max-snippet":"max-snippet:-1","max-image-preview":"max-image-preview:large","max-video-preview":"max-video-preview:-1"},"canonical":"https:\/\/pubert.com\/en\/linnovation-secret-pubert-know-how\/","og_locale":"en_GB","og_type":"article","og_title":"The secret behind Pubert's know-how | Innovation - PUBERT EN","og_description":"The company Pubert devotes a significant portion of its turnover to researching and developing new technologies for innovation.","og_url":"https:\/\/pubert.com\/en\/linnovation-secret-pubert-know-how\/","og_site_name":"PUBERT EN","article_modified_time":"2021-06-04T12:37:29+00:00","og_image":[{"width":512,"height":384,"url":"https:\/\/pubert.com\/en\/wp-content\/uploads\/2021\/04\/img-mise-en-avant-pubert.jpg","type":"image\/jpeg"}],"twitter_card":"summary_large_image","twitter_misc":{"Estimated reading time":"1 minute"},"schema":{"@context":"https:\/\/schema.org","@graph":[{"@type":"WebPage","@id":"https:\/\/pubert.com\/en\/linnovation-secret-pubert-know-how\/","url":"https:\/\/pubert.com\/en\/linnovation-secret-pubert-know-how\/","name":"The secret behind Pubert's know-how | Innovation - PUBERT EN","isPartOf":{"@id":"https:\/\/pubert.com\/en\/#website"},"primaryImageOfPage":{"@id":"https:\/\/pubert.com\/en\/linnovation-secret-pubert-know-how\/#primaryimage"},"image":{"@id":"https:\/\/pubert.com\/en\/linnovation-secret-pubert-know-how\/#primaryimage"},"thumbnailUrl":"https:\/\/pubert.com\/en\/wp-content\/uploads\/2021\/04\/img-mise-en-avant-pubert.jpg","datePublished":"2021-05-12T17:38:17+00:00","dateModified":"2021-06-04T12:37:29+00:00","description":"The company Pubert devotes a significant portion of its turnover to researching and developing new technologies for innovation.","breadcrumb":{"@id":"https:\/\/pubert.com\/en\/linnovation-secret-pubert-know-how\/#breadcrumb"},"inLanguage":"en-GB","potentialAction":[{"@type":"ReadAction","target":["https:\/\/pubert.com\/en\/linnovation-secret-pubert-know-how\/"]}]},{"@type":"ImageObject","inLanguage":"en-GB","@id":"https:\/\/pubert.com\/en\/linnovation-secret-pubert-know-how\/#primaryimage","url":"https:\/\/pubert.com\/en\/wp-content\/uploads\/2021\/04\/img-mise-en-avant-pubert.jpg","contentUrl":"https:\/\/pubert.com\/en\/wp-content\/uploads\/2021\/04\/img-mise-en-avant-pubert.jpg","width":512,"height":384},{"@type":"BreadcrumbList","@id":"https:\/\/pubert.com\/en\/linnovation-secret-pubert-know-how\/#breadcrumb","itemListElement":[{"@type":"ListItem","position":1,"name":"Home","item":"https:\/\/pubert.com\/en\/"},{"@type":"ListItem","position":2,"name":"Innovation : The secret behind Pubert&#8217;s know-how"}]},{"@type":"WebSite","@id":"https:\/\/pubert.com\/en\/#website","url":"https:\/\/pubert.com\/en\/","name":"PUBERT EN","description":"","publisher":{"@id":"https:\/\/pubert.com\/en\/#organization"},"potentialAction":[{"@type":"SearchAction","target":{"@type":"EntryPoint","urlTemplate":"https:\/\/pubert.com\/en\/?s={search_term_string}"},"query-input":{"@type":"PropertyValueSpecification","valueRequired":true,"valueName":"search_term_string"}}],"inLanguage":"en-GB"},{"@type":"Organization","@id":"https:\/\/pubert.com\/en\/#organization","name":"Pubert","url":"https:\/\/pubert.com\/en\/","logo":{"@type":"ImageObject","inLanguage":"en-GB","@id":"https:\/\/pubert.com\/en\/#\/schema\/logo\/image\/","url":"https:\/\/pubert.com\/en\/wp-content\/uploads\/2021\/01\/logo-pubert.jpg","contentUrl":"https:\/\/pubert.com\/en\/wp-content\/uploads\/2021\/01\/logo-pubert.jpg","width":264,"height":94,"caption":"Pubert"},"image":{"@id":"https:\/\/pubert.com\/en\/#\/schema\/logo\/image\/"}}]}},"_links":{"self":[{"href":"https:\/\/pubert.com\/en\/wp-json\/wp\/v2\/pages\/5836","targetHints":{"allow":["GET"]}}],"collection":[{"href":"https:\/\/pubert.com\/en\/wp-json\/wp\/v2\/pages"}],"about":[{"href":"https:\/\/pubert.com\/en\/wp-json\/wp\/v2\/types\/page"}],"author":[{"embeddable":true,"href":"https:\/\/pubert.com\/en\/wp-json\/wp\/v2\/users\/4"}],"replies":[{"embeddable":true,"href":"https:\/\/pubert.com\/en\/wp-json\/wp\/v2\/comments?post=5836"}],"version-history":[{"count":0,"href":"https:\/\/pubert.com\/en\/wp-json\/wp\/v2\/pages\/5836\/revisions"}],"wp:featuredmedia":[{"embeddable":true,"href":"https:\/\/pubert.com\/en\/wp-json\/wp\/v2\/media\/5830"}],"wp:attachment":[{"href":"https:\/\/pubert.com\/en\/wp-json\/wp\/v2\/media?parent=5836"}],"wp:term":[{"taxonomy":"category","embeddable":true,"href":"https:\/\/pubert.com\/en\/wp-json\/wp\/v2\/categories?post=5836"},{"taxonomy":"post_tag","embeddable":true,"href":"https:\/\/pubert.com\/en\/wp-json\/wp\/v2\/tags?post=5836"}],"curies":[{"name":"wp","href":"https:\/\/api.w.org\/{rel}","templated":true}]}}