{"id":5847,"date":"2021-05-12T20:15:21","date_gmt":"2021-05-12T18:15:21","guid":{"rendered":"https:\/\/pubertweb.com\/en\/?page_id=5847"},"modified":"2021-06-04T17:34:38","modified_gmt":"2021-06-04T15:34:38","slug":"innovation-boite-vitesse-motobineuse","status":"publish","type":"page","link":"https:\/\/pubert.com\/en\/linnovation-secret-pubert-know-how\/innovation-boite-vitesse-motobineuse\/","title":{"rendered":"La bo\u00eete de vitesse pour motobineuse (2 vitesses avant + 1 arri\u00e8re)"},"content":{"rendered":"\n<h1>\n\t\tPUBERT INNOVATIONS\n\t<\/h1>\n\t<span><span><a href=\"https:\/\/pubert.com\/en\/\">Home<\/a><\/span><\/span>\n\t<h3>TILLER GEARBOX<\/h3>\n<p>During Vario tiller development, a\u00a0<strong>very compact new gearbox<\/strong>\u00a0was fully conceived by the Pubert R&amp;D department in collaboration with a calculation office specialized in motor sport transmission.<\/p>\n<p>It is equipped with 2 gears forwards and 1 gear reverse. It is a\u00a0<strong>real technologic innovation<\/strong>, 2 international level patents were filed.<\/p>\n<p>Its\u00a0<strong>main asset<\/strong>\u00a0is to offer a wide working axle rotation speed range: the choice and design of the actuator gear train insure a high torque over the whole range of speed, the engine power don&#8217;t decrease.<\/p>\n<p>The rotation speed range allows a perfect adaptation to the type of work and kind of soil. It keeps a\u00a0<strong>maximum performance<\/strong>\u00a0with all its accessories.<\/p>\n\t<h3>Operation and use principle:<\/h3>\n\t\n\n<ul>\n<li><strong>Slow speed 1\u00a0 :\u00a0<\/strong>Thanks to the slow rotation of tines, it is possible to break a very hard soil or use a large range of accessories. By action on the engine throttle speed control, tines speed rotation is adjustable from 28 RPM to 67 RPM.<\/li>\n<li><strong>Fast speed 2\u00a0 :\u00a0<\/strong>By choosing the fast speed, the machine could till, crumble\u00a0 or draw a trailer. Then the rotation speed range is from 67 RPM to 165 RPM.<\/li>\n<\/ul>\n<ul>\n<li><strong>Reverse\u00a0gear :\u00a0<\/strong>On its center the speed selector has a reverse gear for maneuver on very slow speed for the operator safety.<\/li>\n<\/ul>\n\t\t\t\t<img decoding=\"async\" src=\"https:\/\/pubert.com\/en\/wp-content\/uploads\/2021\/05\/Guidon-boite-de-vitesse.jpg\" alt=\"Guidon de la boite de vitesse m\u00e9canique pour motobineuse\" itemprop=\"image\" height=\"640\" width=\"1433\" title=\"Guidon-boite-de-vitesse\" onerror=\"this.style.display='none'\"  \/>\n\t\t\t\t<img decoding=\"async\" src=\"https:\/\/pubert.com\/en\/wp-content\/uploads\/2021\/05\/Boite-de-vitesse-mecanique-motobineuse.jpg\" alt=\"M\u00e9canisme de la boite de vitesse m\u00e9canique pour motobineuse\" itemprop=\"image\" height=\"859\" width=\"869\" title=\"Bo\u00eete-de-vitesse-m\u00e9canique-motobineuse\" onerror=\"this.style.display='none'\"  \/>\n\t<h3>Technical Description:<\/h3>\n<p>It is a<strong>\u00a0heavy-duty and reliable<\/strong>\u00a0gearbox, with cast aluminum housings and steel processed actuator gear train. The treated shafts are assembled on ball bearings, everything lubricated by liquid grease.<\/p>\n<p>The gearbox assembly is done on a semi-automatic mounting chain. A 100% dedicated test bench control validates the proper functioning of the whole production.<\/p>\n\n","protected":false},"excerpt":{"rendered":"<p>PUBERT INNOVATIONS TILLER GEARBOX During Vario tiller development, a\u00a0very compact new gearbox\u00a0was fully conceived by the Pubert R&amp;D department in collaboration with a calculation office specialized in motor sport transmission. It is equipped with 2 gears forwards and 1 gear reverse. It is a\u00a0real technologic innovation, 2 international level patents were filed. Its\u00a0main asset\u00a0is to&hellip;<\/p>\n","protected":false},"author":4,"featured_media":5830,"parent":5836,"menu_order":0,"comment_status":"closed","ping_status":"closed","template":"","meta":{"footnotes":""},"categories":[],"tags":[],"class_list":["post-5847","page","type-page","status-publish","has-post-thumbnail","hentry"],"yoast_head":"<!-- This site is optimized with the Yoast SEO plugin v27.4 - https:\/\/yoast.com\/product\/yoast-seo-wordpress\/ -->\n<title>La bo\u00eete de vitesse pour motobineuse | Innovations machines - PUBERT EN<\/title>\n<meta name=\"description\" content=\"D\u00e9couvrez l&#039;innovation bo\u00eete de vitesse m\u00e9canique pour motobineuse dot\u00e9e de 2 rapports de marche avant et 1 rapport de marche arri\u00e8re.\" \/>\n<meta name=\"robots\" content=\"index, follow, max-snippet:-1, max-image-preview:large, max-video-preview:-1\" \/>\n<link rel=\"canonical\" href=\"https:\/\/pubert.com\/en\/linnovation-secret-pubert-know-how\/innovation-boite-vitesse-motobineuse\/\" \/>\n<meta property=\"og:locale\" content=\"en_GB\" \/>\n<meta property=\"og:type\" content=\"article\" \/>\n<meta property=\"og:title\" content=\"La bo\u00eete de vitesse pour motobineuse | Innovations machines - PUBERT EN\" \/>\n<meta property=\"og:description\" content=\"D\u00e9couvrez l&#039;innovation bo\u00eete de vitesse m\u00e9canique pour motobineuse dot\u00e9e de 2 rapports de marche avant et 1 rapport de marche arri\u00e8re.\" \/>\n<meta property=\"og:url\" content=\"https:\/\/pubert.com\/en\/linnovation-secret-pubert-know-how\/innovation-boite-vitesse-motobineuse\/\" \/>\n<meta property=\"og:site_name\" content=\"PUBERT EN\" \/>\n<meta property=\"article:modified_time\" content=\"2021-06-04T15:34:38+00:00\" \/>\n<meta property=\"og:image\" content=\"https:\/\/pubert.com\/en\/wp-content\/uploads\/2021\/04\/img-mise-en-avant-pubert.jpg\" \/>\n\t<meta property=\"og:image:width\" content=\"512\" \/>\n\t<meta property=\"og:image:height\" content=\"384\" \/>\n\t<meta property=\"og:image:type\" content=\"image\/jpeg\" \/>\n<meta name=\"twitter:card\" content=\"summary_large_image\" \/>\n<meta name=\"twitter:label1\" content=\"Estimated reading time\" \/>\n\t<meta name=\"twitter:data1\" content=\"1 minute\" \/>\n<script type=\"application\/ld+json\" class=\"yoast-schema-graph\">{\"@context\":\"https:\\\/\\\/schema.org\",\"@graph\":[{\"@type\":\"WebPage\",\"@id\":\"https:\\\/\\\/pubert.com\\\/en\\\/linnovation-secret-pubert-know-how\\\/innovation-boite-vitesse-motobineuse\\\/\",\"url\":\"https:\\\/\\\/pubert.com\\\/en\\\/linnovation-secret-pubert-know-how\\\/innovation-boite-vitesse-motobineuse\\\/\",\"name\":\"La bo\u00eete de vitesse pour motobineuse | Innovations machines - PUBERT EN\",\"isPartOf\":{\"@id\":\"https:\\\/\\\/pubert.com\\\/en\\\/#website\"},\"primaryImageOfPage\":{\"@id\":\"https:\\\/\\\/pubert.com\\\/en\\\/linnovation-secret-pubert-know-how\\\/innovation-boite-vitesse-motobineuse\\\/#primaryimage\"},\"image\":{\"@id\":\"https:\\\/\\\/pubert.com\\\/en\\\/linnovation-secret-pubert-know-how\\\/innovation-boite-vitesse-motobineuse\\\/#primaryimage\"},\"thumbnailUrl\":\"https:\\\/\\\/pubert.com\\\/en\\\/wp-content\\\/uploads\\\/2021\\\/04\\\/img-mise-en-avant-pubert.jpg\",\"datePublished\":\"2021-05-12T18:15:21+00:00\",\"dateModified\":\"2021-06-04T15:34:38+00:00\",\"description\":\"D\u00e9couvrez l'innovation bo\u00eete de vitesse m\u00e9canique pour motobineuse dot\u00e9e de 2 rapports de marche avant et 1 rapport de marche arri\u00e8re.\",\"breadcrumb\":{\"@id\":\"https:\\\/\\\/pubert.com\\\/en\\\/linnovation-secret-pubert-know-how\\\/innovation-boite-vitesse-motobineuse\\\/#breadcrumb\"},\"inLanguage\":\"en-GB\",\"potentialAction\":[{\"@type\":\"ReadAction\",\"target\":[\"https:\\\/\\\/pubert.com\\\/en\\\/linnovation-secret-pubert-know-how\\\/innovation-boite-vitesse-motobineuse\\\/\"]}]},{\"@type\":\"ImageObject\",\"inLanguage\":\"en-GB\",\"@id\":\"https:\\\/\\\/pubert.com\\\/en\\\/linnovation-secret-pubert-know-how\\\/innovation-boite-vitesse-motobineuse\\\/#primaryimage\",\"url\":\"https:\\\/\\\/pubert.com\\\/en\\\/wp-content\\\/uploads\\\/2021\\\/04\\\/img-mise-en-avant-pubert.jpg\",\"contentUrl\":\"https:\\\/\\\/pubert.com\\\/en\\\/wp-content\\\/uploads\\\/2021\\\/04\\\/img-mise-en-avant-pubert.jpg\",\"width\":512,\"height\":384},{\"@type\":\"BreadcrumbList\",\"@id\":\"https:\\\/\\\/pubert.com\\\/en\\\/linnovation-secret-pubert-know-how\\\/innovation-boite-vitesse-motobineuse\\\/#breadcrumb\",\"itemListElement\":[{\"@type\":\"ListItem\",\"position\":1,\"name\":\"Home\",\"item\":\"https:\\\/\\\/pubert.com\\\/en\\\/\"},{\"@type\":\"ListItem\",\"position\":2,\"name\":\"Innovation : The secret behind Pubert&#8217;s know-how\",\"item\":\"https:\\\/\\\/pubert.com\\\/en\\\/linnovation-secret-pubert-know-how\\\/\"},{\"@type\":\"ListItem\",\"position\":3,\"name\":\"La bo\u00eete de vitesse pour motobineuse (2 vitesses avant + 1 arri\u00e8re)\"}]},{\"@type\":\"WebSite\",\"@id\":\"https:\\\/\\\/pubert.com\\\/en\\\/#website\",\"url\":\"https:\\\/\\\/pubert.com\\\/en\\\/\",\"name\":\"PUBERT EN\",\"description\":\"\",\"publisher\":{\"@id\":\"https:\\\/\\\/pubert.com\\\/en\\\/#organization\"},\"potentialAction\":[{\"@type\":\"SearchAction\",\"target\":{\"@type\":\"EntryPoint\",\"urlTemplate\":\"https:\\\/\\\/pubert.com\\\/en\\\/?s={search_term_string}\"},\"query-input\":{\"@type\":\"PropertyValueSpecification\",\"valueRequired\":true,\"valueName\":\"search_term_string\"}}],\"inLanguage\":\"en-GB\"},{\"@type\":\"Organization\",\"@id\":\"https:\\\/\\\/pubert.com\\\/en\\\/#organization\",\"name\":\"Pubert\",\"url\":\"https:\\\/\\\/pubert.com\\\/en\\\/\",\"logo\":{\"@type\":\"ImageObject\",\"inLanguage\":\"en-GB\",\"@id\":\"https:\\\/\\\/pubert.com\\\/en\\\/#\\\/schema\\\/logo\\\/image\\\/\",\"url\":\"https:\\\/\\\/pubert.com\\\/en\\\/wp-content\\\/uploads\\\/2021\\\/01\\\/logo-pubert.jpg\",\"contentUrl\":\"https:\\\/\\\/pubert.com\\\/en\\\/wp-content\\\/uploads\\\/2021\\\/01\\\/logo-pubert.jpg\",\"width\":264,\"height\":94,\"caption\":\"Pubert\"},\"image\":{\"@id\":\"https:\\\/\\\/pubert.com\\\/en\\\/#\\\/schema\\\/logo\\\/image\\\/\"}}]}<\/script>\n<!-- \/ Yoast SEO plugin. -->","yoast_head_json":{"title":"La bo\u00eete de vitesse pour motobineuse | Innovations machines - PUBERT EN","description":"D\u00e9couvrez l'innovation bo\u00eete de vitesse m\u00e9canique pour motobineuse dot\u00e9e de 2 rapports de marche avant et 1 rapport de marche arri\u00e8re.","robots":{"index":"index","follow":"follow","max-snippet":"max-snippet:-1","max-image-preview":"max-image-preview:large","max-video-preview":"max-video-preview:-1"},"canonical":"https:\/\/pubert.com\/en\/linnovation-secret-pubert-know-how\/innovation-boite-vitesse-motobineuse\/","og_locale":"en_GB","og_type":"article","og_title":"La bo\u00eete de vitesse pour motobineuse | Innovations machines - PUBERT EN","og_description":"D\u00e9couvrez l'innovation bo\u00eete de vitesse m\u00e9canique pour motobineuse dot\u00e9e de 2 rapports de marche avant et 1 rapport de marche arri\u00e8re.","og_url":"https:\/\/pubert.com\/en\/linnovation-secret-pubert-know-how\/innovation-boite-vitesse-motobineuse\/","og_site_name":"PUBERT EN","article_modified_time":"2021-06-04T15:34:38+00:00","og_image":[{"width":512,"height":384,"url":"https:\/\/pubert.com\/en\/wp-content\/uploads\/2021\/04\/img-mise-en-avant-pubert.jpg","type":"image\/jpeg"}],"twitter_card":"summary_large_image","twitter_misc":{"Estimated reading time":"1 minute"},"schema":{"@context":"https:\/\/schema.org","@graph":[{"@type":"WebPage","@id":"https:\/\/pubert.com\/en\/linnovation-secret-pubert-know-how\/innovation-boite-vitesse-motobineuse\/","url":"https:\/\/pubert.com\/en\/linnovation-secret-pubert-know-how\/innovation-boite-vitesse-motobineuse\/","name":"La bo\u00eete de vitesse pour motobineuse | Innovations machines - PUBERT EN","isPartOf":{"@id":"https:\/\/pubert.com\/en\/#website"},"primaryImageOfPage":{"@id":"https:\/\/pubert.com\/en\/linnovation-secret-pubert-know-how\/innovation-boite-vitesse-motobineuse\/#primaryimage"},"image":{"@id":"https:\/\/pubert.com\/en\/linnovation-secret-pubert-know-how\/innovation-boite-vitesse-motobineuse\/#primaryimage"},"thumbnailUrl":"https:\/\/pubert.com\/en\/wp-content\/uploads\/2021\/04\/img-mise-en-avant-pubert.jpg","datePublished":"2021-05-12T18:15:21+00:00","dateModified":"2021-06-04T15:34:38+00:00","description":"D\u00e9couvrez l'innovation bo\u00eete de vitesse m\u00e9canique pour motobineuse dot\u00e9e de 2 rapports de marche avant et 1 rapport de marche arri\u00e8re.","breadcrumb":{"@id":"https:\/\/pubert.com\/en\/linnovation-secret-pubert-know-how\/innovation-boite-vitesse-motobineuse\/#breadcrumb"},"inLanguage":"en-GB","potentialAction":[{"@type":"ReadAction","target":["https:\/\/pubert.com\/en\/linnovation-secret-pubert-know-how\/innovation-boite-vitesse-motobineuse\/"]}]},{"@type":"ImageObject","inLanguage":"en-GB","@id":"https:\/\/pubert.com\/en\/linnovation-secret-pubert-know-how\/innovation-boite-vitesse-motobineuse\/#primaryimage","url":"https:\/\/pubert.com\/en\/wp-content\/uploads\/2021\/04\/img-mise-en-avant-pubert.jpg","contentUrl":"https:\/\/pubert.com\/en\/wp-content\/uploads\/2021\/04\/img-mise-en-avant-pubert.jpg","width":512,"height":384},{"@type":"BreadcrumbList","@id":"https:\/\/pubert.com\/en\/linnovation-secret-pubert-know-how\/innovation-boite-vitesse-motobineuse\/#breadcrumb","itemListElement":[{"@type":"ListItem","position":1,"name":"Home","item":"https:\/\/pubert.com\/en\/"},{"@type":"ListItem","position":2,"name":"Innovation : The secret behind Pubert&#8217;s know-how","item":"https:\/\/pubert.com\/en\/linnovation-secret-pubert-know-how\/"},{"@type":"ListItem","position":3,"name":"La bo\u00eete de vitesse pour motobineuse (2 vitesses avant + 1 arri\u00e8re)"}]},{"@type":"WebSite","@id":"https:\/\/pubert.com\/en\/#website","url":"https:\/\/pubert.com\/en\/","name":"PUBERT EN","description":"","publisher":{"@id":"https:\/\/pubert.com\/en\/#organization"},"potentialAction":[{"@type":"SearchAction","target":{"@type":"EntryPoint","urlTemplate":"https:\/\/pubert.com\/en\/?s={search_term_string}"},"query-input":{"@type":"PropertyValueSpecification","valueRequired":true,"valueName":"search_term_string"}}],"inLanguage":"en-GB"},{"@type":"Organization","@id":"https:\/\/pubert.com\/en\/#organization","name":"Pubert","url":"https:\/\/pubert.com\/en\/","logo":{"@type":"ImageObject","inLanguage":"en-GB","@id":"https:\/\/pubert.com\/en\/#\/schema\/logo\/image\/","url":"https:\/\/pubert.com\/en\/wp-content\/uploads\/2021\/01\/logo-pubert.jpg","contentUrl":"https:\/\/pubert.com\/en\/wp-content\/uploads\/2021\/01\/logo-pubert.jpg","width":264,"height":94,"caption":"Pubert"},"image":{"@id":"https:\/\/pubert.com\/en\/#\/schema\/logo\/image\/"}}]}},"_links":{"self":[{"href":"https:\/\/pubert.com\/en\/wp-json\/wp\/v2\/pages\/5847","targetHints":{"allow":["GET"]}}],"collection":[{"href":"https:\/\/pubert.com\/en\/wp-json\/wp\/v2\/pages"}],"about":[{"href":"https:\/\/pubert.com\/en\/wp-json\/wp\/v2\/types\/page"}],"author":[{"embeddable":true,"href":"https:\/\/pubert.com\/en\/wp-json\/wp\/v2\/users\/4"}],"replies":[{"embeddable":true,"href":"https:\/\/pubert.com\/en\/wp-json\/wp\/v2\/comments?post=5847"}],"version-history":[{"count":0,"href":"https:\/\/pubert.com\/en\/wp-json\/wp\/v2\/pages\/5847\/revisions"}],"up":[{"embeddable":true,"href":"https:\/\/pubert.com\/en\/wp-json\/wp\/v2\/pages\/5836"}],"wp:featuredmedia":[{"embeddable":true,"href":"https:\/\/pubert.com\/en\/wp-json\/wp\/v2\/media\/5830"}],"wp:attachment":[{"href":"https:\/\/pubert.com\/en\/wp-json\/wp\/v2\/media?parent=5847"}],"wp:term":[{"taxonomy":"category","embeddable":true,"href":"https:\/\/pubert.com\/en\/wp-json\/wp\/v2\/categories?post=5847"},{"taxonomy":"post_tag","embeddable":true,"href":"https:\/\/pubert.com\/en\/wp-json\/wp\/v2\/tags?post=5847"}],"curies":[{"name":"wp","href":"https:\/\/api.w.org\/{rel}","templated":true}]}}