{"id":5857,"date":"2021-05-14T14:48:57","date_gmt":"2021-05-14T12:48:57","guid":{"rendered":"https:\/\/pubertweb.com\/en\/?page_id=5857"},"modified":"2021-06-04T17:38:38","modified_gmt":"2021-06-04T15:38:38","slug":"innovations-demarrage-electrique-motobineuse","status":"publish","type":"page","link":"https:\/\/pubert.com\/en\/linnovation-secret-pubert-know-how\/innovations-demarrage-electrique-motobineuse\/","title":{"rendered":"Le d\u00e9marrage \u00e9lectrique facile &#8220;EASY GO&#8221;"},"content":{"rendered":"\n<h1>\n\t\tPUBERT INNOVATIONS\n\t<\/h1>\n\t<span><span><a href=\"https:\/\/pubert.com\/en\/\">Home<\/a><\/span><\/span>\n\t<h3>&#8220;EASY GO SYSTEM&#8221;<\/h3>\n<p><strong>Launched on the market by Pubert in 2017<\/strong>: an electric starting Easy Go on a petrol engine tiller. This system combines the heat engine power for tines driving and the\u00a0<strong>starting easiness and reliability of an electric device<\/strong>.<\/p>\n<p>The electric starter is powered by a battery integrated in the machine. It allows starting with only one finger pressure.<\/p>\n<p><strong>No more pulling on the recoil starter<\/strong>!<\/p>\n<p>The Pubert tiller whiwh is equipped with this technology is the Ecomax &#8220;EasyGo&#8221;. A compact tiller, easy to maneuver, with a 80cm working width, powered by a 212cc engine.<\/p>\n\t<h3>Easy to use:<\/h3>\n\t<p>Simply connect the charger to the machine to charge the integrated battery.<\/p>\n<p>15 minutes of charge are enough for 30 starts*<\/p>\n<p>The complete charge insure 80 starts*<\/p>\n<p>The command is located on the handlebar. A single finger pressure on the START button starts immediately the engine\u00a0<strong>effortlessly<\/strong>!<\/p>\n\n\t\t\t\t<img decoding=\"async\" src=\"https:\/\/pubert.com\/en\/wp-content\/uploads\/2021\/05\/demarrage-electrique-easygo-pubert.jpg\" alt=\"Syst\u00e8me du d\u00e9marrage \u00e9letrique pour motobineuse Pubert\" itemprop=\"image\" height=\"512\" width=\"768\" title=\"demarrage-electrique-easygo-pubert\" onerror=\"this.style.display='none'\"  \/>\n\n","protected":false},"excerpt":{"rendered":"<p>PUBERT INNOVATIONS &#8220;EASY GO SYSTEM&#8221; Launched on the market by Pubert in 2017: an electric starting Easy Go on a petrol engine tiller. This system combines the heat engine power for tines driving and the\u00a0starting easiness and reliability of an electric device. The electric starter is powered by a battery integrated in the machine. It&hellip;<\/p>\n","protected":false},"author":4,"featured_media":5830,"parent":5836,"menu_order":0,"comment_status":"closed","ping_status":"closed","template":"","meta":{"footnotes":""},"categories":[],"tags":[],"class_list":["post-5857","page","type-page","status-publish","has-post-thumbnail","hentry"],"yoast_head":"<!-- This site is optimized with the Yoast SEO plugin v27.4 - https:\/\/yoast.com\/product\/yoast-seo-wordpress\/ -->\n<title>Le d\u00e9marrage \u00e9lectrique Easy Go | Innovations machines - PUBERT EN<\/title>\n<meta name=\"description\" content=\"D\u00e9couvrez l&#039;innovation d\u00e9marrage \u00e9lectrique \u201cEasy Go\u201d de Pubert sur une motobineuse \u00e0 moteur essence pour une utilisation encore plus facile.\" \/>\n<meta name=\"robots\" content=\"index, follow, max-snippet:-1, max-image-preview:large, max-video-preview:-1\" \/>\n<link rel=\"canonical\" href=\"https:\/\/pubert.com\/en\/linnovation-secret-pubert-know-how\/innovations-demarrage-electrique-motobineuse\/\" \/>\n<meta property=\"og:locale\" content=\"en_GB\" \/>\n<meta property=\"og:type\" content=\"article\" \/>\n<meta property=\"og:title\" content=\"Le d\u00e9marrage \u00e9lectrique Easy Go | Innovations machines - PUBERT EN\" \/>\n<meta property=\"og:description\" content=\"D\u00e9couvrez l&#039;innovation d\u00e9marrage \u00e9lectrique \u201cEasy Go\u201d de Pubert sur une motobineuse \u00e0 moteur essence pour une utilisation encore plus facile.\" \/>\n<meta property=\"og:url\" content=\"https:\/\/pubert.com\/en\/linnovation-secret-pubert-know-how\/innovations-demarrage-electrique-motobineuse\/\" \/>\n<meta property=\"og:site_name\" content=\"PUBERT EN\" \/>\n<meta property=\"article:modified_time\" content=\"2021-06-04T15:38:38+00:00\" \/>\n<meta property=\"og:image\" content=\"https:\/\/pubert.com\/en\/wp-content\/uploads\/2021\/04\/img-mise-en-avant-pubert.jpg\" \/>\n\t<meta property=\"og:image:width\" content=\"512\" \/>\n\t<meta property=\"og:image:height\" content=\"384\" \/>\n\t<meta property=\"og:image:type\" content=\"image\/jpeg\" \/>\n<meta name=\"twitter:card\" content=\"summary_large_image\" \/>\n<meta name=\"twitter:label1\" content=\"Estimated reading time\" \/>\n\t<meta name=\"twitter:data1\" content=\"1 minute\" \/>\n<script type=\"application\/ld+json\" class=\"yoast-schema-graph\">{\"@context\":\"https:\\\/\\\/schema.org\",\"@graph\":[{\"@type\":\"WebPage\",\"@id\":\"https:\\\/\\\/pubert.com\\\/en\\\/linnovation-secret-pubert-know-how\\\/innovations-demarrage-electrique-motobineuse\\\/\",\"url\":\"https:\\\/\\\/pubert.com\\\/en\\\/linnovation-secret-pubert-know-how\\\/innovations-demarrage-electrique-motobineuse\\\/\",\"name\":\"Le d\u00e9marrage \u00e9lectrique Easy Go | Innovations machines - PUBERT EN\",\"isPartOf\":{\"@id\":\"https:\\\/\\\/pubert.com\\\/en\\\/#website\"},\"primaryImageOfPage\":{\"@id\":\"https:\\\/\\\/pubert.com\\\/en\\\/linnovation-secret-pubert-know-how\\\/innovations-demarrage-electrique-motobineuse\\\/#primaryimage\"},\"image\":{\"@id\":\"https:\\\/\\\/pubert.com\\\/en\\\/linnovation-secret-pubert-know-how\\\/innovations-demarrage-electrique-motobineuse\\\/#primaryimage\"},\"thumbnailUrl\":\"https:\\\/\\\/pubert.com\\\/en\\\/wp-content\\\/uploads\\\/2021\\\/04\\\/img-mise-en-avant-pubert.jpg\",\"datePublished\":\"2021-05-14T12:48:57+00:00\",\"dateModified\":\"2021-06-04T15:38:38+00:00\",\"description\":\"D\u00e9couvrez l'innovation d\u00e9marrage \u00e9lectrique \u201cEasy Go\u201d de Pubert sur une motobineuse \u00e0 moteur essence pour une utilisation encore plus facile.\",\"breadcrumb\":{\"@id\":\"https:\\\/\\\/pubert.com\\\/en\\\/linnovation-secret-pubert-know-how\\\/innovations-demarrage-electrique-motobineuse\\\/#breadcrumb\"},\"inLanguage\":\"en-GB\",\"potentialAction\":[{\"@type\":\"ReadAction\",\"target\":[\"https:\\\/\\\/pubert.com\\\/en\\\/linnovation-secret-pubert-know-how\\\/innovations-demarrage-electrique-motobineuse\\\/\"]}]},{\"@type\":\"ImageObject\",\"inLanguage\":\"en-GB\",\"@id\":\"https:\\\/\\\/pubert.com\\\/en\\\/linnovation-secret-pubert-know-how\\\/innovations-demarrage-electrique-motobineuse\\\/#primaryimage\",\"url\":\"https:\\\/\\\/pubert.com\\\/en\\\/wp-content\\\/uploads\\\/2021\\\/04\\\/img-mise-en-avant-pubert.jpg\",\"contentUrl\":\"https:\\\/\\\/pubert.com\\\/en\\\/wp-content\\\/uploads\\\/2021\\\/04\\\/img-mise-en-avant-pubert.jpg\",\"width\":512,\"height\":384},{\"@type\":\"BreadcrumbList\",\"@id\":\"https:\\\/\\\/pubert.com\\\/en\\\/linnovation-secret-pubert-know-how\\\/innovations-demarrage-electrique-motobineuse\\\/#breadcrumb\",\"itemListElement\":[{\"@type\":\"ListItem\",\"position\":1,\"name\":\"Home\",\"item\":\"https:\\\/\\\/pubert.com\\\/en\\\/\"},{\"@type\":\"ListItem\",\"position\":2,\"name\":\"Innovation : The secret behind Pubert&#8217;s know-how\",\"item\":\"https:\\\/\\\/pubert.com\\\/en\\\/linnovation-secret-pubert-know-how\\\/\"},{\"@type\":\"ListItem\",\"position\":3,\"name\":\"Le d\u00e9marrage \u00e9lectrique facile &#8220;EASY GO&#8221;\"}]},{\"@type\":\"WebSite\",\"@id\":\"https:\\\/\\\/pubert.com\\\/en\\\/#website\",\"url\":\"https:\\\/\\\/pubert.com\\\/en\\\/\",\"name\":\"PUBERT EN\",\"description\":\"\",\"publisher\":{\"@id\":\"https:\\\/\\\/pubert.com\\\/en\\\/#organization\"},\"potentialAction\":[{\"@type\":\"SearchAction\",\"target\":{\"@type\":\"EntryPoint\",\"urlTemplate\":\"https:\\\/\\\/pubert.com\\\/en\\\/?s={search_term_string}\"},\"query-input\":{\"@type\":\"PropertyValueSpecification\",\"valueRequired\":true,\"valueName\":\"search_term_string\"}}],\"inLanguage\":\"en-GB\"},{\"@type\":\"Organization\",\"@id\":\"https:\\\/\\\/pubert.com\\\/en\\\/#organization\",\"name\":\"Pubert\",\"url\":\"https:\\\/\\\/pubert.com\\\/en\\\/\",\"logo\":{\"@type\":\"ImageObject\",\"inLanguage\":\"en-GB\",\"@id\":\"https:\\\/\\\/pubert.com\\\/en\\\/#\\\/schema\\\/logo\\\/image\\\/\",\"url\":\"https:\\\/\\\/pubert.com\\\/en\\\/wp-content\\\/uploads\\\/2021\\\/01\\\/logo-pubert.jpg\",\"contentUrl\":\"https:\\\/\\\/pubert.com\\\/en\\\/wp-content\\\/uploads\\\/2021\\\/01\\\/logo-pubert.jpg\",\"width\":264,\"height\":94,\"caption\":\"Pubert\"},\"image\":{\"@id\":\"https:\\\/\\\/pubert.com\\\/en\\\/#\\\/schema\\\/logo\\\/image\\\/\"}}]}<\/script>\n<!-- \/ Yoast SEO plugin. -->","yoast_head_json":{"title":"Le d\u00e9marrage \u00e9lectrique Easy Go | Innovations machines - PUBERT EN","description":"D\u00e9couvrez l'innovation d\u00e9marrage \u00e9lectrique \u201cEasy Go\u201d de Pubert sur une motobineuse \u00e0 moteur essence pour une utilisation encore plus facile.","robots":{"index":"index","follow":"follow","max-snippet":"max-snippet:-1","max-image-preview":"max-image-preview:large","max-video-preview":"max-video-preview:-1"},"canonical":"https:\/\/pubert.com\/en\/linnovation-secret-pubert-know-how\/innovations-demarrage-electrique-motobineuse\/","og_locale":"en_GB","og_type":"article","og_title":"Le d\u00e9marrage \u00e9lectrique Easy Go | Innovations machines - PUBERT EN","og_description":"D\u00e9couvrez l'innovation d\u00e9marrage \u00e9lectrique \u201cEasy Go\u201d de Pubert sur une motobineuse \u00e0 moteur essence pour une utilisation encore plus facile.","og_url":"https:\/\/pubert.com\/en\/linnovation-secret-pubert-know-how\/innovations-demarrage-electrique-motobineuse\/","og_site_name":"PUBERT EN","article_modified_time":"2021-06-04T15:38:38+00:00","og_image":[{"width":512,"height":384,"url":"https:\/\/pubert.com\/en\/wp-content\/uploads\/2021\/04\/img-mise-en-avant-pubert.jpg","type":"image\/jpeg"}],"twitter_card":"summary_large_image","twitter_misc":{"Estimated reading time":"1 minute"},"schema":{"@context":"https:\/\/schema.org","@graph":[{"@type":"WebPage","@id":"https:\/\/pubert.com\/en\/linnovation-secret-pubert-know-how\/innovations-demarrage-electrique-motobineuse\/","url":"https:\/\/pubert.com\/en\/linnovation-secret-pubert-know-how\/innovations-demarrage-electrique-motobineuse\/","name":"Le d\u00e9marrage \u00e9lectrique Easy Go | Innovations machines - PUBERT EN","isPartOf":{"@id":"https:\/\/pubert.com\/en\/#website"},"primaryImageOfPage":{"@id":"https:\/\/pubert.com\/en\/linnovation-secret-pubert-know-how\/innovations-demarrage-electrique-motobineuse\/#primaryimage"},"image":{"@id":"https:\/\/pubert.com\/en\/linnovation-secret-pubert-know-how\/innovations-demarrage-electrique-motobineuse\/#primaryimage"},"thumbnailUrl":"https:\/\/pubert.com\/en\/wp-content\/uploads\/2021\/04\/img-mise-en-avant-pubert.jpg","datePublished":"2021-05-14T12:48:57+00:00","dateModified":"2021-06-04T15:38:38+00:00","description":"D\u00e9couvrez l'innovation d\u00e9marrage \u00e9lectrique \u201cEasy Go\u201d de Pubert sur une motobineuse \u00e0 moteur essence pour une utilisation encore plus facile.","breadcrumb":{"@id":"https:\/\/pubert.com\/en\/linnovation-secret-pubert-know-how\/innovations-demarrage-electrique-motobineuse\/#breadcrumb"},"inLanguage":"en-GB","potentialAction":[{"@type":"ReadAction","target":["https:\/\/pubert.com\/en\/linnovation-secret-pubert-know-how\/innovations-demarrage-electrique-motobineuse\/"]}]},{"@type":"ImageObject","inLanguage":"en-GB","@id":"https:\/\/pubert.com\/en\/linnovation-secret-pubert-know-how\/innovations-demarrage-electrique-motobineuse\/#primaryimage","url":"https:\/\/pubert.com\/en\/wp-content\/uploads\/2021\/04\/img-mise-en-avant-pubert.jpg","contentUrl":"https:\/\/pubert.com\/en\/wp-content\/uploads\/2021\/04\/img-mise-en-avant-pubert.jpg","width":512,"height":384},{"@type":"BreadcrumbList","@id":"https:\/\/pubert.com\/en\/linnovation-secret-pubert-know-how\/innovations-demarrage-electrique-motobineuse\/#breadcrumb","itemListElement":[{"@type":"ListItem","position":1,"name":"Home","item":"https:\/\/pubert.com\/en\/"},{"@type":"ListItem","position":2,"name":"Innovation : The secret behind Pubert&#8217;s know-how","item":"https:\/\/pubert.com\/en\/linnovation-secret-pubert-know-how\/"},{"@type":"ListItem","position":3,"name":"Le d\u00e9marrage \u00e9lectrique facile &#8220;EASY GO&#8221;"}]},{"@type":"WebSite","@id":"https:\/\/pubert.com\/en\/#website","url":"https:\/\/pubert.com\/en\/","name":"PUBERT EN","description":"","publisher":{"@id":"https:\/\/pubert.com\/en\/#organization"},"potentialAction":[{"@type":"SearchAction","target":{"@type":"EntryPoint","urlTemplate":"https:\/\/pubert.com\/en\/?s={search_term_string}"},"query-input":{"@type":"PropertyValueSpecification","valueRequired":true,"valueName":"search_term_string"}}],"inLanguage":"en-GB"},{"@type":"Organization","@id":"https:\/\/pubert.com\/en\/#organization","name":"Pubert","url":"https:\/\/pubert.com\/en\/","logo":{"@type":"ImageObject","inLanguage":"en-GB","@id":"https:\/\/pubert.com\/en\/#\/schema\/logo\/image\/","url":"https:\/\/pubert.com\/en\/wp-content\/uploads\/2021\/01\/logo-pubert.jpg","contentUrl":"https:\/\/pubert.com\/en\/wp-content\/uploads\/2021\/01\/logo-pubert.jpg","width":264,"height":94,"caption":"Pubert"},"image":{"@id":"https:\/\/pubert.com\/en\/#\/schema\/logo\/image\/"}}]}},"_links":{"self":[{"href":"https:\/\/pubert.com\/en\/wp-json\/wp\/v2\/pages\/5857","targetHints":{"allow":["GET"]}}],"collection":[{"href":"https:\/\/pubert.com\/en\/wp-json\/wp\/v2\/pages"}],"about":[{"href":"https:\/\/pubert.com\/en\/wp-json\/wp\/v2\/types\/page"}],"author":[{"embeddable":true,"href":"https:\/\/pubert.com\/en\/wp-json\/wp\/v2\/users\/4"}],"replies":[{"embeddable":true,"href":"https:\/\/pubert.com\/en\/wp-json\/wp\/v2\/comments?post=5857"}],"version-history":[{"count":0,"href":"https:\/\/pubert.com\/en\/wp-json\/wp\/v2\/pages\/5857\/revisions"}],"up":[{"embeddable":true,"href":"https:\/\/pubert.com\/en\/wp-json\/wp\/v2\/pages\/5836"}],"wp:featuredmedia":[{"embeddable":true,"href":"https:\/\/pubert.com\/en\/wp-json\/wp\/v2\/media\/5830"}],"wp:attachment":[{"href":"https:\/\/pubert.com\/en\/wp-json\/wp\/v2\/media?parent=5857"}],"wp:term":[{"taxonomy":"category","embeddable":true,"href":"https:\/\/pubert.com\/en\/wp-json\/wp\/v2\/categories?post=5857"},{"taxonomy":"post_tag","embeddable":true,"href":"https:\/\/pubert.com\/en\/wp-json\/wp\/v2\/tags?post=5857"}],"curies":[{"name":"wp","href":"https:\/\/api.w.org\/{rel}","templated":true}]}}