{"id":5871,"date":"2021-05-14T16:56:24","date_gmt":"2021-05-14T14:56:24","guid":{"rendered":"https:\/\/pubertweb.com\/en\/?page_id=5871"},"modified":"2021-06-04T17:43:26","modified_gmt":"2021-06-04T15:43:26","slug":"innovation-embrayage-pneumatique-motobineuse","status":"publish","type":"page","link":"https:\/\/pubert.com\/en\/linnovation-secret-pubert-know-how\/innovation-embrayage-pneumatique-motobineuse\/","title":{"rendered":"L&#8217;embrayage pneumatique sur motobineuse"},"content":{"rendered":"\n<h1>\n\t\tPUBERT INNOVATIONS \n\t<\/h1>\n\t<span><span><a href=\"https:\/\/pubert.com\/en\/\">Home<\/a><\/span><\/span>\n\t<h1><strong>PNEUMATIC CLUTCH SYSTEM ON TILLER<\/strong><\/h1>\n\n<p>This pneumatic clutch system brings a better prehension on the handles and an\u00a0<strong>unequalled comfort to the user<\/strong>. Thanks to this new technology, clutching becomes smooth and gradual, it also enables<strong>\u00a0a longer lifetime to the belt<\/strong>. &#8220;Safety trophy&#8221; at URBAVERT-URBATEC exhibition rewarded the efforts made in innovation and safety.<\/p>\n\t<h3>Right handle: pneumatic clutch system<\/h3>\n\t\t\t\t<img decoding=\"async\" src=\"https:\/\/pubert.com\/en\/wp-content\/uploads\/2021\/05\/Levier-des-gaz-motobineuse-pubert-300x224-1.jpg\" alt=\"Poign\u00e9e de gauche acc\u00e9l\u00e9rateur de gaz sur une motobineuse Pubert\" itemprop=\"image\" height=\"224\" width=\"300\" title=\"Levier-des-gaz-motobineuse-pubert-300x224\" onerror=\"this.style.display='none'\"  \/>\n\t<p>Integrated On\/Off and security locking<\/p>\n\t<h3>Left handle: throttle lever<\/h3>\n\t\t\t\t<img decoding=\"async\" src=\"https:\/\/pubert.com\/en\/wp-content\/uploads\/2021\/05\/Embrayage_pneumatique-300x151-1.jpg\" alt=\"Syst\u00e8me d'embrayage pneumatique de la motobineuse invent\u00e9 par Pubert\" itemprop=\"image\" height=\"151\" width=\"300\" title=\"Embrayage_pneumatique-300x151\" onerror=\"this.style.display='none'\"  \/>\n\t<p>\u00a0 \u00a0Robust and ergonomic throttle lever<\/p>\n\t<h3>Pneumatic clutch system handlebar<\/h3>\n\t<p>Attractive design of the handles with shape consistency between right and left handles. Cables and pneumatic tubes have been integrated into handlebars:<\/p>\n<p>This is an important<strong>\u00a0guarantee of comfort<\/strong>: at each gear it is possible\u00a0to increase or decrease the working\u00a0speed with the throttle lever.<\/p>\n\t\t\t\t<img decoding=\"async\" src=\"https:\/\/pubert.com\/en\/wp-content\/uploads\/2021\/05\/guidon-embrayage-pneumatique_copie-768x575-1.jpg\" alt=\"Guidon \u00e0 embrayage pneumatique de la motobineuse Pubert\" itemprop=\"image\" height=\"575\" width=\"768\" title=\"guidon-embrayage-pneumatique-768x575\" onerror=\"this.style.display='none'\"  \/>\n\n","protected":false},"excerpt":{"rendered":"<p>PUBERT INNOVATIONS PNEUMATIC CLUTCH SYSTEM ON TILLER This pneumatic clutch system brings a better prehension on the handles and an\u00a0unequalled comfort to the user. Thanks to this new technology, clutching becomes smooth and gradual, it also enables\u00a0a longer lifetime to the belt. &#8220;Safety trophy&#8221; at URBAVERT-URBATEC exhibition rewarded the efforts made in innovation and safety.&hellip;<\/p>\n","protected":false},"author":4,"featured_media":5873,"parent":5836,"menu_order":0,"comment_status":"closed","ping_status":"closed","template":"","meta":{"footnotes":""},"categories":[],"tags":[],"class_list":["post-5871","page","type-page","status-publish","has-post-thumbnail","hentry"],"yoast_head":"<!-- This site is optimized with the Yoast SEO plugin v27.4 - https:\/\/yoast.com\/product\/yoast-seo-wordpress\/ -->\n<title>L&#039;embrayage pneumatique motobineuse | Innovations machines - PUBERT EN<\/title>\n<meta name=\"description\" content=\"D\u00e9couvrez l&#039;embrayage pneumatique invent\u00e9 par Pubert. Cette machine est aussi appel\u00e9e motobineuse \u00e0 commande pneumatique ou \u00ab \u00e0 d\u00e9pression \u00bb.\" \/>\n<meta name=\"robots\" content=\"index, follow, max-snippet:-1, max-image-preview:large, max-video-preview:-1\" \/>\n<link rel=\"canonical\" href=\"https:\/\/pubert.com\/en\/linnovation-secret-pubert-know-how\/innovation-embrayage-pneumatique-motobineuse\/\" \/>\n<meta property=\"og:locale\" content=\"en_GB\" \/>\n<meta property=\"og:type\" content=\"article\" \/>\n<meta property=\"og:title\" content=\"L&#039;embrayage pneumatique motobineuse | Innovations machines - PUBERT EN\" \/>\n<meta property=\"og:description\" content=\"D\u00e9couvrez l&#039;embrayage pneumatique invent\u00e9 par Pubert. Cette machine est aussi appel\u00e9e motobineuse \u00e0 commande pneumatique ou \u00ab \u00e0 d\u00e9pression \u00bb.\" \/>\n<meta property=\"og:url\" content=\"https:\/\/pubert.com\/en\/linnovation-secret-pubert-know-how\/innovation-embrayage-pneumatique-motobineuse\/\" \/>\n<meta property=\"og:site_name\" content=\"PUBERT EN\" \/>\n<meta property=\"article:modified_time\" content=\"2021-06-04T15:43:26+00:00\" \/>\n<meta property=\"og:image\" content=\"https:\/\/pubert.com\/en\/wp-content\/uploads\/2021\/05\/Embrayage_pneumatique-300x151-1.jpg\" \/>\n\t<meta property=\"og:image:width\" content=\"300\" \/>\n\t<meta property=\"og:image:height\" content=\"151\" \/>\n\t<meta property=\"og:image:type\" content=\"image\/jpeg\" \/>\n<meta name=\"twitter:card\" content=\"summary_large_image\" \/>\n<meta name=\"twitter:label1\" content=\"Estimated reading time\" \/>\n\t<meta name=\"twitter:data1\" content=\"1 minute\" \/>\n<script type=\"application\/ld+json\" class=\"yoast-schema-graph\">{\"@context\":\"https:\\\/\\\/schema.org\",\"@graph\":[{\"@type\":\"WebPage\",\"@id\":\"https:\\\/\\\/pubert.com\\\/en\\\/linnovation-secret-pubert-know-how\\\/innovation-embrayage-pneumatique-motobineuse\\\/\",\"url\":\"https:\\\/\\\/pubert.com\\\/en\\\/linnovation-secret-pubert-know-how\\\/innovation-embrayage-pneumatique-motobineuse\\\/\",\"name\":\"L'embrayage pneumatique motobineuse | Innovations machines - PUBERT EN\",\"isPartOf\":{\"@id\":\"https:\\\/\\\/pubert.com\\\/en\\\/#website\"},\"primaryImageOfPage\":{\"@id\":\"https:\\\/\\\/pubert.com\\\/en\\\/linnovation-secret-pubert-know-how\\\/innovation-embrayage-pneumatique-motobineuse\\\/#primaryimage\"},\"image\":{\"@id\":\"https:\\\/\\\/pubert.com\\\/en\\\/linnovation-secret-pubert-know-how\\\/innovation-embrayage-pneumatique-motobineuse\\\/#primaryimage\"},\"thumbnailUrl\":\"https:\\\/\\\/pubert.com\\\/en\\\/wp-content\\\/uploads\\\/2021\\\/05\\\/Embrayage_pneumatique-300x151-1.jpg\",\"datePublished\":\"2021-05-14T14:56:24+00:00\",\"dateModified\":\"2021-06-04T15:43:26+00:00\",\"description\":\"D\u00e9couvrez l'embrayage pneumatique invent\u00e9 par Pubert. Cette machine est aussi appel\u00e9e motobineuse \u00e0 commande pneumatique ou \u00ab \u00e0 d\u00e9pression \u00bb.\",\"breadcrumb\":{\"@id\":\"https:\\\/\\\/pubert.com\\\/en\\\/linnovation-secret-pubert-know-how\\\/innovation-embrayage-pneumatique-motobineuse\\\/#breadcrumb\"},\"inLanguage\":\"en-GB\",\"potentialAction\":[{\"@type\":\"ReadAction\",\"target\":[\"https:\\\/\\\/pubert.com\\\/en\\\/linnovation-secret-pubert-know-how\\\/innovation-embrayage-pneumatique-motobineuse\\\/\"]}]},{\"@type\":\"ImageObject\",\"inLanguage\":\"en-GB\",\"@id\":\"https:\\\/\\\/pubert.com\\\/en\\\/linnovation-secret-pubert-know-how\\\/innovation-embrayage-pneumatique-motobineuse\\\/#primaryimage\",\"url\":\"https:\\\/\\\/pubert.com\\\/en\\\/wp-content\\\/uploads\\\/2021\\\/05\\\/Embrayage_pneumatique-300x151-1.jpg\",\"contentUrl\":\"https:\\\/\\\/pubert.com\\\/en\\\/wp-content\\\/uploads\\\/2021\\\/05\\\/Embrayage_pneumatique-300x151-1.jpg\",\"width\":300,\"height\":151,\"caption\":\"Syst\u00e8me d'embrayage pneumatique de la motobineuse invent\u00e9 par Pubert\"},{\"@type\":\"BreadcrumbList\",\"@id\":\"https:\\\/\\\/pubert.com\\\/en\\\/linnovation-secret-pubert-know-how\\\/innovation-embrayage-pneumatique-motobineuse\\\/#breadcrumb\",\"itemListElement\":[{\"@type\":\"ListItem\",\"position\":1,\"name\":\"Home\",\"item\":\"https:\\\/\\\/pubert.com\\\/en\\\/\"},{\"@type\":\"ListItem\",\"position\":2,\"name\":\"Innovation : The secret behind Pubert&#8217;s know-how\",\"item\":\"https:\\\/\\\/pubert.com\\\/en\\\/linnovation-secret-pubert-know-how\\\/\"},{\"@type\":\"ListItem\",\"position\":3,\"name\":\"L&#8217;embrayage pneumatique sur motobineuse\"}]},{\"@type\":\"WebSite\",\"@id\":\"https:\\\/\\\/pubert.com\\\/en\\\/#website\",\"url\":\"https:\\\/\\\/pubert.com\\\/en\\\/\",\"name\":\"PUBERT EN\",\"description\":\"\",\"publisher\":{\"@id\":\"https:\\\/\\\/pubert.com\\\/en\\\/#organization\"},\"potentialAction\":[{\"@type\":\"SearchAction\",\"target\":{\"@type\":\"EntryPoint\",\"urlTemplate\":\"https:\\\/\\\/pubert.com\\\/en\\\/?s={search_term_string}\"},\"query-input\":{\"@type\":\"PropertyValueSpecification\",\"valueRequired\":true,\"valueName\":\"search_term_string\"}}],\"inLanguage\":\"en-GB\"},{\"@type\":\"Organization\",\"@id\":\"https:\\\/\\\/pubert.com\\\/en\\\/#organization\",\"name\":\"Pubert\",\"url\":\"https:\\\/\\\/pubert.com\\\/en\\\/\",\"logo\":{\"@type\":\"ImageObject\",\"inLanguage\":\"en-GB\",\"@id\":\"https:\\\/\\\/pubert.com\\\/en\\\/#\\\/schema\\\/logo\\\/image\\\/\",\"url\":\"https:\\\/\\\/pubert.com\\\/en\\\/wp-content\\\/uploads\\\/2021\\\/01\\\/logo-pubert.jpg\",\"contentUrl\":\"https:\\\/\\\/pubert.com\\\/en\\\/wp-content\\\/uploads\\\/2021\\\/01\\\/logo-pubert.jpg\",\"width\":264,\"height\":94,\"caption\":\"Pubert\"},\"image\":{\"@id\":\"https:\\\/\\\/pubert.com\\\/en\\\/#\\\/schema\\\/logo\\\/image\\\/\"}}]}<\/script>\n<!-- \/ Yoast SEO plugin. -->","yoast_head_json":{"title":"L'embrayage pneumatique motobineuse | Innovations machines - PUBERT EN","description":"D\u00e9couvrez l'embrayage pneumatique invent\u00e9 par Pubert. Cette machine est aussi appel\u00e9e motobineuse \u00e0 commande pneumatique ou \u00ab \u00e0 d\u00e9pression \u00bb.","robots":{"index":"index","follow":"follow","max-snippet":"max-snippet:-1","max-image-preview":"max-image-preview:large","max-video-preview":"max-video-preview:-1"},"canonical":"https:\/\/pubert.com\/en\/linnovation-secret-pubert-know-how\/innovation-embrayage-pneumatique-motobineuse\/","og_locale":"en_GB","og_type":"article","og_title":"L'embrayage pneumatique motobineuse | Innovations machines - PUBERT EN","og_description":"D\u00e9couvrez l'embrayage pneumatique invent\u00e9 par Pubert. Cette machine est aussi appel\u00e9e motobineuse \u00e0 commande pneumatique ou \u00ab \u00e0 d\u00e9pression \u00bb.","og_url":"https:\/\/pubert.com\/en\/linnovation-secret-pubert-know-how\/innovation-embrayage-pneumatique-motobineuse\/","og_site_name":"PUBERT EN","article_modified_time":"2021-06-04T15:43:26+00:00","og_image":[{"width":300,"height":151,"url":"https:\/\/pubert.com\/en\/wp-content\/uploads\/2021\/05\/Embrayage_pneumatique-300x151-1.jpg","type":"image\/jpeg"}],"twitter_card":"summary_large_image","twitter_misc":{"Estimated reading time":"1 minute"},"schema":{"@context":"https:\/\/schema.org","@graph":[{"@type":"WebPage","@id":"https:\/\/pubert.com\/en\/linnovation-secret-pubert-know-how\/innovation-embrayage-pneumatique-motobineuse\/","url":"https:\/\/pubert.com\/en\/linnovation-secret-pubert-know-how\/innovation-embrayage-pneumatique-motobineuse\/","name":"L'embrayage pneumatique motobineuse | Innovations machines - PUBERT EN","isPartOf":{"@id":"https:\/\/pubert.com\/en\/#website"},"primaryImageOfPage":{"@id":"https:\/\/pubert.com\/en\/linnovation-secret-pubert-know-how\/innovation-embrayage-pneumatique-motobineuse\/#primaryimage"},"image":{"@id":"https:\/\/pubert.com\/en\/linnovation-secret-pubert-know-how\/innovation-embrayage-pneumatique-motobineuse\/#primaryimage"},"thumbnailUrl":"https:\/\/pubert.com\/en\/wp-content\/uploads\/2021\/05\/Embrayage_pneumatique-300x151-1.jpg","datePublished":"2021-05-14T14:56:24+00:00","dateModified":"2021-06-04T15:43:26+00:00","description":"D\u00e9couvrez l'embrayage pneumatique invent\u00e9 par Pubert. Cette machine est aussi appel\u00e9e motobineuse \u00e0 commande pneumatique ou \u00ab \u00e0 d\u00e9pression \u00bb.","breadcrumb":{"@id":"https:\/\/pubert.com\/en\/linnovation-secret-pubert-know-how\/innovation-embrayage-pneumatique-motobineuse\/#breadcrumb"},"inLanguage":"en-GB","potentialAction":[{"@type":"ReadAction","target":["https:\/\/pubert.com\/en\/linnovation-secret-pubert-know-how\/innovation-embrayage-pneumatique-motobineuse\/"]}]},{"@type":"ImageObject","inLanguage":"en-GB","@id":"https:\/\/pubert.com\/en\/linnovation-secret-pubert-know-how\/innovation-embrayage-pneumatique-motobineuse\/#primaryimage","url":"https:\/\/pubert.com\/en\/wp-content\/uploads\/2021\/05\/Embrayage_pneumatique-300x151-1.jpg","contentUrl":"https:\/\/pubert.com\/en\/wp-content\/uploads\/2021\/05\/Embrayage_pneumatique-300x151-1.jpg","width":300,"height":151,"caption":"Syst\u00e8me d'embrayage pneumatique de la motobineuse invent\u00e9 par Pubert"},{"@type":"BreadcrumbList","@id":"https:\/\/pubert.com\/en\/linnovation-secret-pubert-know-how\/innovation-embrayage-pneumatique-motobineuse\/#breadcrumb","itemListElement":[{"@type":"ListItem","position":1,"name":"Home","item":"https:\/\/pubert.com\/en\/"},{"@type":"ListItem","position":2,"name":"Innovation : The secret behind Pubert&#8217;s know-how","item":"https:\/\/pubert.com\/en\/linnovation-secret-pubert-know-how\/"},{"@type":"ListItem","position":3,"name":"L&#8217;embrayage pneumatique sur motobineuse"}]},{"@type":"WebSite","@id":"https:\/\/pubert.com\/en\/#website","url":"https:\/\/pubert.com\/en\/","name":"PUBERT EN","description":"","publisher":{"@id":"https:\/\/pubert.com\/en\/#organization"},"potentialAction":[{"@type":"SearchAction","target":{"@type":"EntryPoint","urlTemplate":"https:\/\/pubert.com\/en\/?s={search_term_string}"},"query-input":{"@type":"PropertyValueSpecification","valueRequired":true,"valueName":"search_term_string"}}],"inLanguage":"en-GB"},{"@type":"Organization","@id":"https:\/\/pubert.com\/en\/#organization","name":"Pubert","url":"https:\/\/pubert.com\/en\/","logo":{"@type":"ImageObject","inLanguage":"en-GB","@id":"https:\/\/pubert.com\/en\/#\/schema\/logo\/image\/","url":"https:\/\/pubert.com\/en\/wp-content\/uploads\/2021\/01\/logo-pubert.jpg","contentUrl":"https:\/\/pubert.com\/en\/wp-content\/uploads\/2021\/01\/logo-pubert.jpg","width":264,"height":94,"caption":"Pubert"},"image":{"@id":"https:\/\/pubert.com\/en\/#\/schema\/logo\/image\/"}}]}},"_links":{"self":[{"href":"https:\/\/pubert.com\/en\/wp-json\/wp\/v2\/pages\/5871","targetHints":{"allow":["GET"]}}],"collection":[{"href":"https:\/\/pubert.com\/en\/wp-json\/wp\/v2\/pages"}],"about":[{"href":"https:\/\/pubert.com\/en\/wp-json\/wp\/v2\/types\/page"}],"author":[{"embeddable":true,"href":"https:\/\/pubert.com\/en\/wp-json\/wp\/v2\/users\/4"}],"replies":[{"embeddable":true,"href":"https:\/\/pubert.com\/en\/wp-json\/wp\/v2\/comments?post=5871"}],"version-history":[{"count":0,"href":"https:\/\/pubert.com\/en\/wp-json\/wp\/v2\/pages\/5871\/revisions"}],"up":[{"embeddable":true,"href":"https:\/\/pubert.com\/en\/wp-json\/wp\/v2\/pages\/5836"}],"wp:featuredmedia":[{"embeddable":true,"href":"https:\/\/pubert.com\/en\/wp-json\/wp\/v2\/media\/5873"}],"wp:attachment":[{"href":"https:\/\/pubert.com\/en\/wp-json\/wp\/v2\/media?parent=5871"}],"wp:term":[{"taxonomy":"category","embeddable":true,"href":"https:\/\/pubert.com\/en\/wp-json\/wp\/v2\/categories?post=5871"},{"taxonomy":"post_tag","embeddable":true,"href":"https:\/\/pubert.com\/en\/wp-json\/wp\/v2\/tags?post=5871"}],"curies":[{"name":"wp","href":"https:\/\/api.w.org\/{rel}","templated":true}]}}