{"id":5878,"date":"2021-05-14T17:16:42","date_gmt":"2021-05-14T15:16:42","guid":{"rendered":"https:\/\/pubertweb.com\/en\/?page_id=5878"},"modified":"2021-06-04T17:47:14","modified_gmt":"2021-06-04T15:47:14","slug":"innovations-boite-vitesse-1-avant-1arriere-motobineuse","status":"publish","type":"page","link":"https:\/\/pubert.com\/en\/linnovation-secret-pubert-know-how\/innovations-boite-vitesse-1-avant-1arriere-motobineuse\/","title":{"rendered":"La bo\u00eete de vitesse pour motobineuse (1 vitesse avant + 1 arri\u00e8re)"},"content":{"rendered":"\n<h1>\n\t\tPUBERT INNOVATIONS \n\t<\/h1>\n\t<span><span><a href=\"https:\/\/pubert.com\/en\/\">Home<\/a><\/span><\/span>\n\t<h1><strong>COMPACT GEARBOX 1+1REVERSE<\/strong><\/h1>\n<p>Pubert reveal it new extra flat gearbox for tiller. With polymeric shells and processed steel gear pinions. Shafts are mounted on ball bearings, lubricated with grease. A O-ring seal insures the peripheral sealing. Splined treated output shaft for a secure fit on the chain transmission sprocket. A rudder with tension spring enables the reverse gear selection.<\/p>\n\t<p>The MESO is the first tiller equipped with this new generation gearbox; it is perfect for small and medium size gardens, thanks to its maneuverability. Command on handlebar allows the user to reverse the tines rotation direction :<\/p>\n\n<ul>\n<li><strong>Working tines rotation speed<\/strong>\u00a0: 115 RPM<\/li>\n<li><strong>Tines rotation speed when moving backward\u00a0<\/strong>: 54 RPM<\/li>\n<li><strong>Rear drive speed with tines\u00a0<\/strong>: 0.84 m\/s<\/li>\n<\/ul>\n<p>&nbsp;<\/p>\n\t<h3>operation process<\/h3>\n\t\n<ul>\n<li>The user doesn&#8217;t operate on the reverse gear command.<\/li>\n<li>The dog clutch is engaged in the forward gear pinion thanks to the tension spring<\/li>\n<li>The chain drives the output shaft.<\/li>\n<\/ul>\n\t\t\t\t<img decoding=\"async\" src=\"https:\/\/pubert.com\/en\/wp-content\/uploads\/2021\/05\/Crabot-boite-vitesse-mecanique-motobineuse-300x198-1.jpg\" alt=\"Crabot de la boite de vitesse m\u00e9canique de la motobineuse Pubert\" itemprop=\"image\" height=\"198\" width=\"300\" title=\"Crabot-boite-vitesse-mecanique-motobineuse-300x198\" onerror=\"this.style.display='none'\"  \/>\n\t\n<ul>\n<li>The user operates on the reverse gear command; the sliding pinion moves on the splined shaft.<\/li>\n<li>It engages the big steel reverse sprocket which drives the output shaft in the reverse direction.<\/li>\n<li>The machine moves backward slowly.<\/li>\n<\/ul>\n\t\t\t\t<img decoding=\"async\" src=\"https:\/\/pubert.com\/en\/wp-content\/uploads\/2021\/05\/Pignon-baladeur-boite-vitesse-motobineuse-300x222-1.jpg\" alt=\"Pignon de la boite de vitesse m\u00e9canique de la motobineuse Pubert\" itemprop=\"image\" height=\"222\" width=\"300\" title=\"Pignon-baladeur-boite-vitesse-motobineuse-300x222\" onerror=\"this.style.display='none'\"  \/>\n\n","protected":false},"excerpt":{"rendered":"<p>PUBERT INNOVATIONS COMPACT GEARBOX 1+1REVERSE Pubert reveal it new extra flat gearbox for tiller. With polymeric shells and processed steel gear pinions. Shafts are mounted on ball bearings, lubricated with grease. A O-ring seal insures the peripheral sealing. Splined treated output shaft for a secure fit on the chain transmission sprocket. A rudder with tension&hellip;<\/p>\n","protected":false},"author":4,"featured_media":5841,"parent":5836,"menu_order":0,"comment_status":"closed","ping_status":"closed","template":"","meta":{"footnotes":""},"categories":[],"tags":[],"class_list":["post-5878","page","type-page","status-publish","has-post-thumbnail","hentry"],"yoast_head":"<!-- This site is optimized with the Yoast SEO plugin v27.4 - https:\/\/yoast.com\/product\/yoast-seo-wordpress\/ -->\n<title>Bo\u00eete de vitesse 1 avant 1 arri\u00e8re | Innovation motobineuse - PUBERT EN<\/title>\n<meta name=\"description\" content=\"D\u00e9couvrez l&#039;innovation bo\u00eete de vitesse m\u00e9canique 1 vitesse avant 1 vitesse arri\u00e8re. Cette boite de vitesse pour motobineuse est ultra plate.\" \/>\n<meta name=\"robots\" content=\"index, follow, max-snippet:-1, max-image-preview:large, max-video-preview:-1\" \/>\n<link rel=\"canonical\" href=\"https:\/\/pubert.com\/en\/linnovation-secret-pubert-know-how\/innovations-boite-vitesse-1-avant-1arriere-motobineuse\/\" \/>\n<meta property=\"og:locale\" content=\"en_GB\" \/>\n<meta property=\"og:type\" content=\"article\" \/>\n<meta property=\"og:title\" content=\"Bo\u00eete de vitesse 1 avant 1 arri\u00e8re | Innovation motobineuse - PUBERT EN\" \/>\n<meta property=\"og:description\" content=\"D\u00e9couvrez l&#039;innovation bo\u00eete de vitesse m\u00e9canique 1 vitesse avant 1 vitesse arri\u00e8re. Cette boite de vitesse pour motobineuse est ultra plate.\" \/>\n<meta property=\"og:url\" content=\"https:\/\/pubert.com\/en\/linnovation-secret-pubert-know-how\/innovations-boite-vitesse-1-avant-1arriere-motobineuse\/\" \/>\n<meta property=\"og:site_name\" content=\"PUBERT EN\" \/>\n<meta property=\"article:modified_time\" content=\"2021-06-04T15:47:14+00:00\" \/>\n<meta property=\"og:image\" content=\"https:\/\/pubert.com\/en\/wp-content\/uploads\/2021\/05\/Vignette-Innovatioon-boite-vitesse.jpg\" \/>\n\t<meta property=\"og:image:width\" content=\"320\" \/>\n\t<meta property=\"og:image:height\" content=\"240\" \/>\n\t<meta property=\"og:image:type\" content=\"image\/jpeg\" \/>\n<meta name=\"twitter:card\" content=\"summary_large_image\" \/>\n<meta name=\"twitter:label1\" content=\"Estimated reading time\" \/>\n\t<meta name=\"twitter:data1\" content=\"1 minute\" \/>\n<script type=\"application\/ld+json\" class=\"yoast-schema-graph\">{\"@context\":\"https:\\\/\\\/schema.org\",\"@graph\":[{\"@type\":\"WebPage\",\"@id\":\"https:\\\/\\\/pubert.com\\\/en\\\/linnovation-secret-pubert-know-how\\\/innovations-boite-vitesse-1-avant-1arriere-motobineuse\\\/\",\"url\":\"https:\\\/\\\/pubert.com\\\/en\\\/linnovation-secret-pubert-know-how\\\/innovations-boite-vitesse-1-avant-1arriere-motobineuse\\\/\",\"name\":\"Bo\u00eete de vitesse 1 avant 1 arri\u00e8re | Innovation motobineuse - PUBERT EN\",\"isPartOf\":{\"@id\":\"https:\\\/\\\/pubert.com\\\/en\\\/#website\"},\"primaryImageOfPage\":{\"@id\":\"https:\\\/\\\/pubert.com\\\/en\\\/linnovation-secret-pubert-know-how\\\/innovations-boite-vitesse-1-avant-1arriere-motobineuse\\\/#primaryimage\"},\"image\":{\"@id\":\"https:\\\/\\\/pubert.com\\\/en\\\/linnovation-secret-pubert-know-how\\\/innovations-boite-vitesse-1-avant-1arriere-motobineuse\\\/#primaryimage\"},\"thumbnailUrl\":\"https:\\\/\\\/pubert.com\\\/en\\\/wp-content\\\/uploads\\\/2021\\\/05\\\/Vignette-Innovatioon-boite-vitesse.jpg\",\"datePublished\":\"2021-05-14T15:16:42+00:00\",\"dateModified\":\"2021-06-04T15:47:14+00:00\",\"description\":\"D\u00e9couvrez l'innovation bo\u00eete de vitesse m\u00e9canique 1 vitesse avant 1 vitesse arri\u00e8re. Cette boite de vitesse pour motobineuse est ultra plate.\",\"breadcrumb\":{\"@id\":\"https:\\\/\\\/pubert.com\\\/en\\\/linnovation-secret-pubert-know-how\\\/innovations-boite-vitesse-1-avant-1arriere-motobineuse\\\/#breadcrumb\"},\"inLanguage\":\"en-GB\",\"potentialAction\":[{\"@type\":\"ReadAction\",\"target\":[\"https:\\\/\\\/pubert.com\\\/en\\\/linnovation-secret-pubert-know-how\\\/innovations-boite-vitesse-1-avant-1arriere-motobineuse\\\/\"]}]},{\"@type\":\"ImageObject\",\"inLanguage\":\"en-GB\",\"@id\":\"https:\\\/\\\/pubert.com\\\/en\\\/linnovation-secret-pubert-know-how\\\/innovations-boite-vitesse-1-avant-1arriere-motobineuse\\\/#primaryimage\",\"url\":\"https:\\\/\\\/pubert.com\\\/en\\\/wp-content\\\/uploads\\\/2021\\\/05\\\/Vignette-Innovatioon-boite-vitesse.jpg\",\"contentUrl\":\"https:\\\/\\\/pubert.com\\\/en\\\/wp-content\\\/uploads\\\/2021\\\/05\\\/Vignette-Innovatioon-boite-vitesse.jpg\",\"width\":320,\"height\":240,\"caption\":\"BO\u00ceTE DE VITESSE M\u00c9CANIQUE (1 VITESSE AVANT + 1 ARRI\u00c8RE)\"},{\"@type\":\"BreadcrumbList\",\"@id\":\"https:\\\/\\\/pubert.com\\\/en\\\/linnovation-secret-pubert-know-how\\\/innovations-boite-vitesse-1-avant-1arriere-motobineuse\\\/#breadcrumb\",\"itemListElement\":[{\"@type\":\"ListItem\",\"position\":1,\"name\":\"Home\",\"item\":\"https:\\\/\\\/pubert.com\\\/en\\\/\"},{\"@type\":\"ListItem\",\"position\":2,\"name\":\"Innovation : The secret behind Pubert&#8217;s know-how\",\"item\":\"https:\\\/\\\/pubert.com\\\/en\\\/linnovation-secret-pubert-know-how\\\/\"},{\"@type\":\"ListItem\",\"position\":3,\"name\":\"La bo\u00eete de vitesse pour motobineuse (1 vitesse avant + 1 arri\u00e8re)\"}]},{\"@type\":\"WebSite\",\"@id\":\"https:\\\/\\\/pubert.com\\\/en\\\/#website\",\"url\":\"https:\\\/\\\/pubert.com\\\/en\\\/\",\"name\":\"PUBERT EN\",\"description\":\"\",\"publisher\":{\"@id\":\"https:\\\/\\\/pubert.com\\\/en\\\/#organization\"},\"potentialAction\":[{\"@type\":\"SearchAction\",\"target\":{\"@type\":\"EntryPoint\",\"urlTemplate\":\"https:\\\/\\\/pubert.com\\\/en\\\/?s={search_term_string}\"},\"query-input\":{\"@type\":\"PropertyValueSpecification\",\"valueRequired\":true,\"valueName\":\"search_term_string\"}}],\"inLanguage\":\"en-GB\"},{\"@type\":\"Organization\",\"@id\":\"https:\\\/\\\/pubert.com\\\/en\\\/#organization\",\"name\":\"Pubert\",\"url\":\"https:\\\/\\\/pubert.com\\\/en\\\/\",\"logo\":{\"@type\":\"ImageObject\",\"inLanguage\":\"en-GB\",\"@id\":\"https:\\\/\\\/pubert.com\\\/en\\\/#\\\/schema\\\/logo\\\/image\\\/\",\"url\":\"https:\\\/\\\/pubert.com\\\/en\\\/wp-content\\\/uploads\\\/2021\\\/01\\\/logo-pubert.jpg\",\"contentUrl\":\"https:\\\/\\\/pubert.com\\\/en\\\/wp-content\\\/uploads\\\/2021\\\/01\\\/logo-pubert.jpg\",\"width\":264,\"height\":94,\"caption\":\"Pubert\"},\"image\":{\"@id\":\"https:\\\/\\\/pubert.com\\\/en\\\/#\\\/schema\\\/logo\\\/image\\\/\"}}]}<\/script>\n<!-- \/ Yoast SEO plugin. -->","yoast_head_json":{"title":"Bo\u00eete de vitesse 1 avant 1 arri\u00e8re | Innovation motobineuse - PUBERT EN","description":"D\u00e9couvrez l'innovation bo\u00eete de vitesse m\u00e9canique 1 vitesse avant 1 vitesse arri\u00e8re. Cette boite de vitesse pour motobineuse est ultra plate.","robots":{"index":"index","follow":"follow","max-snippet":"max-snippet:-1","max-image-preview":"max-image-preview:large","max-video-preview":"max-video-preview:-1"},"canonical":"https:\/\/pubert.com\/en\/linnovation-secret-pubert-know-how\/innovations-boite-vitesse-1-avant-1arriere-motobineuse\/","og_locale":"en_GB","og_type":"article","og_title":"Bo\u00eete de vitesse 1 avant 1 arri\u00e8re | Innovation motobineuse - PUBERT EN","og_description":"D\u00e9couvrez l'innovation bo\u00eete de vitesse m\u00e9canique 1 vitesse avant 1 vitesse arri\u00e8re. Cette boite de vitesse pour motobineuse est ultra plate.","og_url":"https:\/\/pubert.com\/en\/linnovation-secret-pubert-know-how\/innovations-boite-vitesse-1-avant-1arriere-motobineuse\/","og_site_name":"PUBERT EN","article_modified_time":"2021-06-04T15:47:14+00:00","og_image":[{"width":320,"height":240,"url":"https:\/\/pubert.com\/en\/wp-content\/uploads\/2021\/05\/Vignette-Innovatioon-boite-vitesse.jpg","type":"image\/jpeg"}],"twitter_card":"summary_large_image","twitter_misc":{"Estimated reading time":"1 minute"},"schema":{"@context":"https:\/\/schema.org","@graph":[{"@type":"WebPage","@id":"https:\/\/pubert.com\/en\/linnovation-secret-pubert-know-how\/innovations-boite-vitesse-1-avant-1arriere-motobineuse\/","url":"https:\/\/pubert.com\/en\/linnovation-secret-pubert-know-how\/innovations-boite-vitesse-1-avant-1arriere-motobineuse\/","name":"Bo\u00eete de vitesse 1 avant 1 arri\u00e8re | Innovation motobineuse - PUBERT EN","isPartOf":{"@id":"https:\/\/pubert.com\/en\/#website"},"primaryImageOfPage":{"@id":"https:\/\/pubert.com\/en\/linnovation-secret-pubert-know-how\/innovations-boite-vitesse-1-avant-1arriere-motobineuse\/#primaryimage"},"image":{"@id":"https:\/\/pubert.com\/en\/linnovation-secret-pubert-know-how\/innovations-boite-vitesse-1-avant-1arriere-motobineuse\/#primaryimage"},"thumbnailUrl":"https:\/\/pubert.com\/en\/wp-content\/uploads\/2021\/05\/Vignette-Innovatioon-boite-vitesse.jpg","datePublished":"2021-05-14T15:16:42+00:00","dateModified":"2021-06-04T15:47:14+00:00","description":"D\u00e9couvrez l'innovation bo\u00eete de vitesse m\u00e9canique 1 vitesse avant 1 vitesse arri\u00e8re. Cette boite de vitesse pour motobineuse est ultra plate.","breadcrumb":{"@id":"https:\/\/pubert.com\/en\/linnovation-secret-pubert-know-how\/innovations-boite-vitesse-1-avant-1arriere-motobineuse\/#breadcrumb"},"inLanguage":"en-GB","potentialAction":[{"@type":"ReadAction","target":["https:\/\/pubert.com\/en\/linnovation-secret-pubert-know-how\/innovations-boite-vitesse-1-avant-1arriere-motobineuse\/"]}]},{"@type":"ImageObject","inLanguage":"en-GB","@id":"https:\/\/pubert.com\/en\/linnovation-secret-pubert-know-how\/innovations-boite-vitesse-1-avant-1arriere-motobineuse\/#primaryimage","url":"https:\/\/pubert.com\/en\/wp-content\/uploads\/2021\/05\/Vignette-Innovatioon-boite-vitesse.jpg","contentUrl":"https:\/\/pubert.com\/en\/wp-content\/uploads\/2021\/05\/Vignette-Innovatioon-boite-vitesse.jpg","width":320,"height":240,"caption":"BO\u00ceTE DE VITESSE M\u00c9CANIQUE (1 VITESSE AVANT + 1 ARRI\u00c8RE)"},{"@type":"BreadcrumbList","@id":"https:\/\/pubert.com\/en\/linnovation-secret-pubert-know-how\/innovations-boite-vitesse-1-avant-1arriere-motobineuse\/#breadcrumb","itemListElement":[{"@type":"ListItem","position":1,"name":"Home","item":"https:\/\/pubert.com\/en\/"},{"@type":"ListItem","position":2,"name":"Innovation : The secret behind Pubert&#8217;s know-how","item":"https:\/\/pubert.com\/en\/linnovation-secret-pubert-know-how\/"},{"@type":"ListItem","position":3,"name":"La bo\u00eete de vitesse pour motobineuse (1 vitesse avant + 1 arri\u00e8re)"}]},{"@type":"WebSite","@id":"https:\/\/pubert.com\/en\/#website","url":"https:\/\/pubert.com\/en\/","name":"PUBERT EN","description":"","publisher":{"@id":"https:\/\/pubert.com\/en\/#organization"},"potentialAction":[{"@type":"SearchAction","target":{"@type":"EntryPoint","urlTemplate":"https:\/\/pubert.com\/en\/?s={search_term_string}"},"query-input":{"@type":"PropertyValueSpecification","valueRequired":true,"valueName":"search_term_string"}}],"inLanguage":"en-GB"},{"@type":"Organization","@id":"https:\/\/pubert.com\/en\/#organization","name":"Pubert","url":"https:\/\/pubert.com\/en\/","logo":{"@type":"ImageObject","inLanguage":"en-GB","@id":"https:\/\/pubert.com\/en\/#\/schema\/logo\/image\/","url":"https:\/\/pubert.com\/en\/wp-content\/uploads\/2021\/01\/logo-pubert.jpg","contentUrl":"https:\/\/pubert.com\/en\/wp-content\/uploads\/2021\/01\/logo-pubert.jpg","width":264,"height":94,"caption":"Pubert"},"image":{"@id":"https:\/\/pubert.com\/en\/#\/schema\/logo\/image\/"}}]}},"_links":{"self":[{"href":"https:\/\/pubert.com\/en\/wp-json\/wp\/v2\/pages\/5878","targetHints":{"allow":["GET"]}}],"collection":[{"href":"https:\/\/pubert.com\/en\/wp-json\/wp\/v2\/pages"}],"about":[{"href":"https:\/\/pubert.com\/en\/wp-json\/wp\/v2\/types\/page"}],"author":[{"embeddable":true,"href":"https:\/\/pubert.com\/en\/wp-json\/wp\/v2\/users\/4"}],"replies":[{"embeddable":true,"href":"https:\/\/pubert.com\/en\/wp-json\/wp\/v2\/comments?post=5878"}],"version-history":[{"count":0,"href":"https:\/\/pubert.com\/en\/wp-json\/wp\/v2\/pages\/5878\/revisions"}],"up":[{"embeddable":true,"href":"https:\/\/pubert.com\/en\/wp-json\/wp\/v2\/pages\/5836"}],"wp:featuredmedia":[{"embeddable":true,"href":"https:\/\/pubert.com\/en\/wp-json\/wp\/v2\/media\/5841"}],"wp:attachment":[{"href":"https:\/\/pubert.com\/en\/wp-json\/wp\/v2\/media?parent=5878"}],"wp:term":[{"taxonomy":"category","embeddable":true,"href":"https:\/\/pubert.com\/en\/wp-json\/wp\/v2\/categories?post=5878"},{"taxonomy":"post_tag","embeddable":true,"href":"https:\/\/pubert.com\/en\/wp-json\/wp\/v2\/tags?post=5878"}],"curies":[{"name":"wp","href":"https:\/\/api.w.org\/{rel}","templated":true}]}}