{"id":3191,"date":"2021-04-07T12:24:50","date_gmt":"2021-04-07T10:24:50","guid":{"rendered":"https:\/\/pubertweb.com\/en\/?post_type=product&#038;p=3191"},"modified":"2021-06-04T10:46:54","modified_gmt":"2021-06-04T08:46:54","slug":"ridger-kit-tiller-convertible-tiller-aro-pro","status":"publish","type":"product","link":"https:\/\/pubert.com\/en\/product\/ridger-kit-tiller-convertible-tiller-aro-pro\/","title":{"rendered":"RIDGER KIT WITH WHEELS ARO PRO"},"content":{"rendered":"<p><strong>RIDGER THE VEGETABLES WITH YOUR TILLER OR CULTIVATOR.<\/strong><\/p>\n<p>The ridger kit designed by PUBERT is adaptable on a tiller to enlarge its functions in your vegetable garden.<\/p>\n<p>Once your vegetable garden seeded, and after the emergence of the first vegetable plants, it is sometimes necessary to ridger those vegetables (potatoes, leeks, asparagus\u2026) to improve their bleaching and so increase the yield.<\/p>\n<p>The ridger consists in returning of the soil and forming a mound of 10 to 15 cm at plants or vegetables foot to protect them from frosts.<\/p>\n","protected":false},"excerpt":{"rendered":"<p>RIDGER THE VEGETABLES WITH YOUR TILLER OR CULTIVATOR. The ridger kit designed by PUBERT is adaptable on a tiller to enlarge its functions in your vegetable garden. Once your vegetable garden seeded, and after the emergence of the first vegetable plants, it is sometimes necessary to ridger those vegetables (potatoes, leeks, asparagus\u2026) to improve their&hellip;<\/p>\n","protected":false},"featured_media":3204,"comment_status":"open","ping_status":"closed","template":"","meta":[],"product_brand":[],"product_cat":[71],"product_tag":[],"class_list":{"0":"post-3191","1":"product","2":"type-product","3":"status-publish","4":"has-post-thumbnail","6":"product_cat-ridging-convertible-tillers-accessories","8":"first","9":"instock","10":"shipping-taxable","11":"product-type-simple"},"yoast_head":"<!-- This site is optimized with the Yoast SEO plugin v27.4 - https:\/\/yoast.com\/product\/yoast-seo-wordpress\/ -->\n<title>RIDGER KIT WITH WHEELS ARO PRO | Convertible tiller accessory - PUBERT EN<\/title>\n<meta name=\"description\" content=\"The ridger kit is necessary to ridger those vegetables (potatoes, leeks, asparagus\u2026) to improve their bleaching and so increase the yield.\" \/>\n<meta name=\"robots\" content=\"index, follow, max-snippet:-1, max-image-preview:large, max-video-preview:-1\" \/>\n<link rel=\"canonical\" href=\"https:\/\/pubert.com\/en\/product\/ridger-kit-tiller-convertible-tiller-aro-pro\/\" \/>\n<meta property=\"og:locale\" content=\"en_GB\" \/>\n<meta property=\"og:type\" content=\"article\" \/>\n<meta property=\"og:title\" content=\"RIDGER KIT WITH WHEELS ARO PRO | Convertible tiller accessory - PUBERT EN\" \/>\n<meta property=\"og:description\" content=\"The ridger kit is necessary to ridger those vegetables (potatoes, leeks, asparagus\u2026) to improve their bleaching and so increase the yield.\" \/>\n<meta property=\"og:url\" content=\"https:\/\/pubert.com\/en\/product\/ridger-kit-tiller-convertible-tiller-aro-pro\/\" \/>\n<meta property=\"og:site_name\" content=\"PUBERT EN\" \/>\n<meta property=\"article:modified_time\" content=\"2021-06-04T08:46:54+00:00\" \/>\n<meta property=\"og:image\" content=\"https:\/\/pubert.com\/en\/wp-content\/uploads\/2021\/04\/kit-buttage-eco-ecomax-elite-aro-aropro-vario-8000020104-1.jpg\" \/>\n\t<meta property=\"og:image:width\" content=\"800\" \/>\n\t<meta property=\"og:image:height\" content=\"800\" \/>\n\t<meta property=\"og:image:type\" content=\"image\/jpeg\" \/>\n<meta name=\"twitter:card\" content=\"summary_large_image\" \/>\n<meta name=\"twitter:label1\" content=\"Estimated reading time\" \/>\n\t<meta name=\"twitter:data1\" content=\"1 minute\" \/>\n<script type=\"application\/ld+json\" class=\"yoast-schema-graph\">{\"@context\":\"https:\\\/\\\/schema.org\",\"@graph\":[{\"@type\":\"WebPage\",\"@id\":\"https:\\\/\\\/pubert.com\\\/en\\\/product\\\/ridger-kit-tiller-convertible-tiller-aro-pro\\\/\",\"url\":\"https:\\\/\\\/pubert.com\\\/en\\\/product\\\/ridger-kit-tiller-convertible-tiller-aro-pro\\\/\",\"name\":\"RIDGER KIT WITH WHEELS ARO PRO | Convertible tiller accessory - PUBERT EN\",\"isPartOf\":{\"@id\":\"https:\\\/\\\/pubert.com\\\/en\\\/#website\"},\"primaryImageOfPage\":{\"@id\":\"https:\\\/\\\/pubert.com\\\/en\\\/product\\\/ridger-kit-tiller-convertible-tiller-aro-pro\\\/#primaryimage\"},\"image\":{\"@id\":\"https:\\\/\\\/pubert.com\\\/en\\\/product\\\/ridger-kit-tiller-convertible-tiller-aro-pro\\\/#primaryimage\"},\"thumbnailUrl\":\"https:\\\/\\\/pubert.com\\\/en\\\/wp-content\\\/uploads\\\/2021\\\/04\\\/kit-buttage-eco-ecomax-elite-aro-aropro-vario-8000020104-1.jpg\",\"datePublished\":\"2021-04-07T10:24:50+00:00\",\"dateModified\":\"2021-06-04T08:46:54+00:00\",\"description\":\"The ridger kit is necessary to ridger those vegetables (potatoes, leeks, asparagus\u2026) to improve their bleaching and so increase the yield.\",\"breadcrumb\":{\"@id\":\"https:\\\/\\\/pubert.com\\\/en\\\/product\\\/ridger-kit-tiller-convertible-tiller-aro-pro\\\/#breadcrumb\"},\"inLanguage\":\"en-GB\",\"potentialAction\":[{\"@type\":\"ReadAction\",\"target\":[\"https:\\\/\\\/pubert.com\\\/en\\\/product\\\/ridger-kit-tiller-convertible-tiller-aro-pro\\\/\"]}]},{\"@type\":\"ImageObject\",\"inLanguage\":\"en-GB\",\"@id\":\"https:\\\/\\\/pubert.com\\\/en\\\/product\\\/ridger-kit-tiller-convertible-tiller-aro-pro\\\/#primaryimage\",\"url\":\"https:\\\/\\\/pubert.com\\\/en\\\/wp-content\\\/uploads\\\/2021\\\/04\\\/kit-buttage-eco-ecomax-elite-aro-aropro-vario-8000020104-1.jpg\",\"contentUrl\":\"https:\\\/\\\/pubert.com\\\/en\\\/wp-content\\\/uploads\\\/2021\\\/04\\\/kit-buttage-eco-ecomax-elite-aro-aropro-vario-8000020104-1.jpg\",\"width\":800,\"height\":800,\"caption\":\"kit buttage \u00e9co, \u00e9comax, \u00e9lite, aro,aro pro, vario, pour butter vos l\u00e9gumes\"},{\"@type\":\"BreadcrumbList\",\"@id\":\"https:\\\/\\\/pubert.com\\\/en\\\/product\\\/ridger-kit-tiller-convertible-tiller-aro-pro\\\/#breadcrumb\",\"itemListElement\":[{\"@type\":\"ListItem\",\"position\":1,\"name\":\"Home\",\"item\":\"https:\\\/\\\/pubert.com\\\/en\\\/\"},{\"@type\":\"ListItem\",\"position\":2,\"name\":\"All products\",\"item\":\"https:\\\/\\\/pubert.com\\\/en\\\/all-products\\\/\"},{\"@type\":\"ListItem\",\"position\":3,\"name\":\"Convertible tillers accessories\",\"item\":\"https:\\\/\\\/pubert.com\\\/en\\\/products-catalog\\\/convertible-tillers-accessories\\\/\"},{\"@type\":\"ListItem\",\"position\":4,\"name\":\"Ridging\",\"item\":\"https:\\\/\\\/pubert.com\\\/en\\\/products-catalog\\\/convertible-tillers-accessories\\\/ridging-convertible-tillers-accessories\\\/\"},{\"@type\":\"ListItem\",\"position\":5,\"name\":\"RIDGER KIT WITH WHEELS ARO PRO\"}]},{\"@type\":\"WebSite\",\"@id\":\"https:\\\/\\\/pubert.com\\\/en\\\/#website\",\"url\":\"https:\\\/\\\/pubert.com\\\/en\\\/\",\"name\":\"PUBERT EN\",\"description\":\"\",\"publisher\":{\"@id\":\"https:\\\/\\\/pubert.com\\\/en\\\/#organization\"},\"potentialAction\":[{\"@type\":\"SearchAction\",\"target\":{\"@type\":\"EntryPoint\",\"urlTemplate\":\"https:\\\/\\\/pubert.com\\\/en\\\/?s={search_term_string}\"},\"query-input\":{\"@type\":\"PropertyValueSpecification\",\"valueRequired\":true,\"valueName\":\"search_term_string\"}}],\"inLanguage\":\"en-GB\"},{\"@type\":\"Organization\",\"@id\":\"https:\\\/\\\/pubert.com\\\/en\\\/#organization\",\"name\":\"Pubert\",\"url\":\"https:\\\/\\\/pubert.com\\\/en\\\/\",\"logo\":{\"@type\":\"ImageObject\",\"inLanguage\":\"en-GB\",\"@id\":\"https:\\\/\\\/pubert.com\\\/en\\\/#\\\/schema\\\/logo\\\/image\\\/\",\"url\":\"https:\\\/\\\/pubert.com\\\/en\\\/wp-content\\\/uploads\\\/2021\\\/01\\\/logo-pubert.jpg\",\"contentUrl\":\"https:\\\/\\\/pubert.com\\\/en\\\/wp-content\\\/uploads\\\/2021\\\/01\\\/logo-pubert.jpg\",\"width\":264,\"height\":94,\"caption\":\"Pubert\"},\"image\":{\"@id\":\"https:\\\/\\\/pubert.com\\\/en\\\/#\\\/schema\\\/logo\\\/image\\\/\"}}]}<\/script>\n<!-- \/ Yoast SEO plugin. -->","yoast_head_json":{"title":"RIDGER KIT WITH WHEELS ARO PRO | Convertible tiller accessory - PUBERT EN","description":"The ridger kit is necessary to ridger those vegetables (potatoes, leeks, asparagus\u2026) to improve their bleaching and so increase the yield.","robots":{"index":"index","follow":"follow","max-snippet":"max-snippet:-1","max-image-preview":"max-image-preview:large","max-video-preview":"max-video-preview:-1"},"canonical":"https:\/\/pubert.com\/en\/product\/ridger-kit-tiller-convertible-tiller-aro-pro\/","og_locale":"en_GB","og_type":"article","og_title":"RIDGER KIT WITH WHEELS ARO PRO | Convertible tiller accessory - PUBERT EN","og_description":"The ridger kit is necessary to ridger those vegetables (potatoes, leeks, asparagus\u2026) to improve their bleaching and so increase the yield.","og_url":"https:\/\/pubert.com\/en\/product\/ridger-kit-tiller-convertible-tiller-aro-pro\/","og_site_name":"PUBERT EN","article_modified_time":"2021-06-04T08:46:54+00:00","og_image":[{"width":800,"height":800,"url":"https:\/\/pubert.com\/en\/wp-content\/uploads\/2021\/04\/kit-buttage-eco-ecomax-elite-aro-aropro-vario-8000020104-1.jpg","type":"image\/jpeg"}],"twitter_card":"summary_large_image","twitter_misc":{"Estimated reading time":"1 minute"},"schema":{"@context":"https:\/\/schema.org","@graph":[{"@type":"WebPage","@id":"https:\/\/pubert.com\/en\/product\/ridger-kit-tiller-convertible-tiller-aro-pro\/","url":"https:\/\/pubert.com\/en\/product\/ridger-kit-tiller-convertible-tiller-aro-pro\/","name":"RIDGER KIT WITH WHEELS ARO PRO | Convertible tiller accessory - PUBERT EN","isPartOf":{"@id":"https:\/\/pubert.com\/en\/#website"},"primaryImageOfPage":{"@id":"https:\/\/pubert.com\/en\/product\/ridger-kit-tiller-convertible-tiller-aro-pro\/#primaryimage"},"image":{"@id":"https:\/\/pubert.com\/en\/product\/ridger-kit-tiller-convertible-tiller-aro-pro\/#primaryimage"},"thumbnailUrl":"https:\/\/pubert.com\/en\/wp-content\/uploads\/2021\/04\/kit-buttage-eco-ecomax-elite-aro-aropro-vario-8000020104-1.jpg","datePublished":"2021-04-07T10:24:50+00:00","dateModified":"2021-06-04T08:46:54+00:00","description":"The ridger kit is necessary to ridger those vegetables (potatoes, leeks, asparagus\u2026) to improve their bleaching and so increase the yield.","breadcrumb":{"@id":"https:\/\/pubert.com\/en\/product\/ridger-kit-tiller-convertible-tiller-aro-pro\/#breadcrumb"},"inLanguage":"en-GB","potentialAction":[{"@type":"ReadAction","target":["https:\/\/pubert.com\/en\/product\/ridger-kit-tiller-convertible-tiller-aro-pro\/"]}]},{"@type":"ImageObject","inLanguage":"en-GB","@id":"https:\/\/pubert.com\/en\/product\/ridger-kit-tiller-convertible-tiller-aro-pro\/#primaryimage","url":"https:\/\/pubert.com\/en\/wp-content\/uploads\/2021\/04\/kit-buttage-eco-ecomax-elite-aro-aropro-vario-8000020104-1.jpg","contentUrl":"https:\/\/pubert.com\/en\/wp-content\/uploads\/2021\/04\/kit-buttage-eco-ecomax-elite-aro-aropro-vario-8000020104-1.jpg","width":800,"height":800,"caption":"kit buttage \u00e9co, \u00e9comax, \u00e9lite, aro,aro pro, vario, pour butter vos l\u00e9gumes"},{"@type":"BreadcrumbList","@id":"https:\/\/pubert.com\/en\/product\/ridger-kit-tiller-convertible-tiller-aro-pro\/#breadcrumb","itemListElement":[{"@type":"ListItem","position":1,"name":"Home","item":"https:\/\/pubert.com\/en\/"},{"@type":"ListItem","position":2,"name":"All products","item":"https:\/\/pubert.com\/en\/all-products\/"},{"@type":"ListItem","position":3,"name":"Convertible tillers accessories","item":"https:\/\/pubert.com\/en\/products-catalog\/convertible-tillers-accessories\/"},{"@type":"ListItem","position":4,"name":"Ridging","item":"https:\/\/pubert.com\/en\/products-catalog\/convertible-tillers-accessories\/ridging-convertible-tillers-accessories\/"},{"@type":"ListItem","position":5,"name":"RIDGER KIT WITH WHEELS ARO PRO"}]},{"@type":"WebSite","@id":"https:\/\/pubert.com\/en\/#website","url":"https:\/\/pubert.com\/en\/","name":"PUBERT EN","description":"","publisher":{"@id":"https:\/\/pubert.com\/en\/#organization"},"potentialAction":[{"@type":"SearchAction","target":{"@type":"EntryPoint","urlTemplate":"https:\/\/pubert.com\/en\/?s={search_term_string}"},"query-input":{"@type":"PropertyValueSpecification","valueRequired":true,"valueName":"search_term_string"}}],"inLanguage":"en-GB"},{"@type":"Organization","@id":"https:\/\/pubert.com\/en\/#organization","name":"Pubert","url":"https:\/\/pubert.com\/en\/","logo":{"@type":"ImageObject","inLanguage":"en-GB","@id":"https:\/\/pubert.com\/en\/#\/schema\/logo\/image\/","url":"https:\/\/pubert.com\/en\/wp-content\/uploads\/2021\/01\/logo-pubert.jpg","contentUrl":"https:\/\/pubert.com\/en\/wp-content\/uploads\/2021\/01\/logo-pubert.jpg","width":264,"height":94,"caption":"Pubert"},"image":{"@id":"https:\/\/pubert.com\/en\/#\/schema\/logo\/image\/"}}]}},"_links":{"self":[{"href":"https:\/\/pubert.com\/en\/wp-json\/wp\/v2\/product\/3191","targetHints":{"allow":["GET"]}}],"collection":[{"href":"https:\/\/pubert.com\/en\/wp-json\/wp\/v2\/product"}],"about":[{"href":"https:\/\/pubert.com\/en\/wp-json\/wp\/v2\/types\/product"}],"replies":[{"embeddable":true,"href":"https:\/\/pubert.com\/en\/wp-json\/wp\/v2\/comments?post=3191"}],"wp:featuredmedia":[{"embeddable":true,"href":"https:\/\/pubert.com\/en\/wp-json\/wp\/v2\/media\/3204"}],"wp:attachment":[{"href":"https:\/\/pubert.com\/en\/wp-json\/wp\/v2\/media?parent=3191"}],"wp:term":[{"taxonomy":"product_brand","embeddable":true,"href":"https:\/\/pubert.com\/en\/wp-json\/wp\/v2\/product_brand?post=3191"},{"taxonomy":"product_cat","embeddable":true,"href":"https:\/\/pubert.com\/en\/wp-json\/wp\/v2\/product_cat?post=3191"},{"taxonomy":"product_tag","embeddable":true,"href":"https:\/\/pubert.com\/en\/wp-json\/wp\/v2\/product_tag?post=3191"}],"curies":[{"name":"wp","href":"https:\/\/api.w.org\/{rel}","templated":true}]}}