{"id":4884,"date":"2021-04-22T16:17:51","date_gmt":"2021-04-22T14:17:51","guid":{"rendered":"https:\/\/pubertweb.com\/en\/?post_type=product&#038;p=4884"},"modified":"2021-06-04T14:25:06","modified_gmt":"2021-06-04T12:25:06","slug":"scarifier-cesar-40h","status":"publish","type":"product","link":"https:\/\/pubert.com\/en\/product\/scarifier-cesar-40h\/","title":{"rendered":"CESAR 40H"},"content":{"rendered":"<p><strong>GIVE A NEW LIFE TO YOUR GRASS<\/strong><\/p>\n<p>The<strong>\u00a0CESAR scarifier<\/strong>\u00a0is the ideal tool to aerate and regenerate your grass.<\/p>\n<p>Its\u00a0<strong>16\u2019\u2019 pressed steel hub\u00a0shell<\/strong>\u00a0is made from one\u00a0<strong>3 mm steel<\/strong>\u00a0sheet to ensure stability, rigidity, and durability.<\/p>\n<p>The easy to handle mower\u2019s handlebar type facilitates operating. For your safety, there is a\u00a0<strong><a href=\"https:\/\/www.pubert.com\/en\/advices-and-tips\/glossary\/#stop-engine\">\u201cstop engine\u201d lever<\/a><\/strong>, effortlessly gripping.\u00a0<strong>Handlebar is completely foldable<\/strong>\u00a0without tool to facilitate transport and storage.<\/p>\n<p>The\u00a0<strong><a href=\"https:\/\/www.pubert.com\/en\/advices-and-tips\/glossary\/#rotor\">rotor<\/a><\/strong>\u00a0(with 15 fixed\u00a0<strong><a href=\"https:\/\/www.pubert.com\/en\/advices-and-tips\/glossary\/#cutting-blades\">cutting blades<\/a><\/strong>) lifting or grounding is done at the handlebar. It\u2019s possible to make precisely a\u00a0<strong>continuous adjustment from 0 to 22 mm<\/strong>\u00a0to compensate the wear on the knives.<\/p>\n<p>CESAR scarifier has a big collecting performance with a\u00a0<strong>40 liters collection bag<\/strong>.<\/p>\n<p><strong>The Pubert scarifier made in France is an efficient and maneuverable tool for lawn maintenance.<\/strong><\/p>\n","protected":false},"excerpt":{"rendered":"<p>GIVE A NEW LIFE TO YOUR GRASS The\u00a0CESAR scarifier\u00a0is the ideal tool to aerate and regenerate your grass. Its\u00a016\u2019\u2019 pressed steel hub\u00a0shell\u00a0is made from one\u00a03 mm steel\u00a0sheet to ensure stability, rigidity, and durability. The easy to handle mower\u2019s handlebar type facilitates operating. For your safety, there is a\u00a0\u201cstop engine\u201d lever, effortlessly gripping.\u00a0Handlebar is completely foldable\u00a0without&hellip;<\/p>\n","protected":false},"featured_media":4885,"comment_status":"open","ping_status":"closed","template":"","meta":[],"product_brand":[],"product_cat":[21],"product_tag":[],"class_list":{"0":"post-4884","1":"product","2":"type-product","3":"status-publish","4":"has-post-thumbnail","6":"product_cat-scarifiers","8":"first","9":"instock","10":"shipping-taxable","11":"product-type-simple"},"yoast_head":"<!-- This site is optimized with the Yoast SEO plugin v27.4 - https:\/\/yoast.com\/product\/yoast-seo-wordpress\/ -->\n<title>CESAR 40H - SCARIFIER | PUBERT EN<\/title>\n<meta name=\"description\" content=\"The\u00a0CESAR 40H scarifier\u00a0is the ideal tool to aerate and regenerate your grass\" \/>\n<meta name=\"robots\" content=\"index, follow, max-snippet:-1, max-image-preview:large, max-video-preview:-1\" \/>\n<link rel=\"canonical\" href=\"https:\/\/pubert.com\/en\/product\/scarifier-cesar-40h\/\" \/>\n<meta property=\"og:locale\" content=\"en_GB\" \/>\n<meta property=\"og:type\" content=\"article\" \/>\n<meta property=\"og:title\" content=\"CESAR 40H - SCARIFIER | PUBERT EN\" \/>\n<meta property=\"og:description\" content=\"The\u00a0CESAR 40H scarifier\u00a0is the ideal tool to aerate and regenerate your grass\" \/>\n<meta property=\"og:url\" content=\"https:\/\/pubert.com\/en\/product\/scarifier-cesar-40h\/\" \/>\n<meta property=\"og:site_name\" content=\"PUBERT EN\" \/>\n<meta property=\"article:modified_time\" content=\"2021-06-04T12:25:06+00:00\" \/>\n<meta property=\"og:image\" content=\"https:\/\/pubert.com\/en\/wp-content\/uploads\/2021\/04\/scarificateur-cesar-40h-5600020204.jpg\" \/>\n\t<meta property=\"og:image:width\" content=\"800\" \/>\n\t<meta property=\"og:image:height\" content=\"800\" \/>\n\t<meta property=\"og:image:type\" content=\"image\/jpeg\" \/>\n<meta name=\"twitter:card\" content=\"summary_large_image\" \/>\n<meta name=\"twitter:label1\" content=\"Estimated reading time\" \/>\n\t<meta name=\"twitter:data1\" content=\"1 minute\" \/>\n<script type=\"application\/ld+json\" class=\"yoast-schema-graph\">{\"@context\":\"https:\\\/\\\/schema.org\",\"@graph\":[{\"@type\":\"WebPage\",\"@id\":\"https:\\\/\\\/pubert.com\\\/en\\\/product\\\/scarifier-cesar-40h\\\/\",\"url\":\"https:\\\/\\\/pubert.com\\\/en\\\/product\\\/scarifier-cesar-40h\\\/\",\"name\":\"CESAR 40H - SCARIFIER | PUBERT EN\",\"isPartOf\":{\"@id\":\"https:\\\/\\\/pubert.com\\\/en\\\/#website\"},\"primaryImageOfPage\":{\"@id\":\"https:\\\/\\\/pubert.com\\\/en\\\/product\\\/scarifier-cesar-40h\\\/#primaryimage\"},\"image\":{\"@id\":\"https:\\\/\\\/pubert.com\\\/en\\\/product\\\/scarifier-cesar-40h\\\/#primaryimage\"},\"thumbnailUrl\":\"https:\\\/\\\/pubert.com\\\/en\\\/wp-content\\\/uploads\\\/2021\\\/04\\\/scarificateur-cesar-40h-5600020204.jpg\",\"datePublished\":\"2021-04-22T14:17:51+00:00\",\"dateModified\":\"2021-06-04T12:25:06+00:00\",\"description\":\"The\u00a0CESAR 40H scarifier\u00a0is the ideal tool to aerate and regenerate your grass\",\"breadcrumb\":{\"@id\":\"https:\\\/\\\/pubert.com\\\/en\\\/product\\\/scarifier-cesar-40h\\\/#breadcrumb\"},\"inLanguage\":\"en-GB\",\"potentialAction\":[{\"@type\":\"ReadAction\",\"target\":[\"https:\\\/\\\/pubert.com\\\/en\\\/product\\\/scarifier-cesar-40h\\\/\"]}]},{\"@type\":\"ImageObject\",\"inLanguage\":\"en-GB\",\"@id\":\"https:\\\/\\\/pubert.com\\\/en\\\/product\\\/scarifier-cesar-40h\\\/#primaryimage\",\"url\":\"https:\\\/\\\/pubert.com\\\/en\\\/wp-content\\\/uploads\\\/2021\\\/04\\\/scarificateur-cesar-40h-5600020204.jpg\",\"contentUrl\":\"https:\\\/\\\/pubert.com\\\/en\\\/wp-content\\\/uploads\\\/2021\\\/04\\\/scarificateur-cesar-40h-5600020204.jpg\",\"width\":800,\"height\":800,\"caption\":\"Le scarificateur Cesar 40H pour a\u00e9rer et r\u00e9g\u00e9n\u00e9rer votre gazon\"},{\"@type\":\"BreadcrumbList\",\"@id\":\"https:\\\/\\\/pubert.com\\\/en\\\/product\\\/scarifier-cesar-40h\\\/#breadcrumb\",\"itemListElement\":[{\"@type\":\"ListItem\",\"position\":1,\"name\":\"Home\",\"item\":\"https:\\\/\\\/pubert.com\\\/en\\\/\"},{\"@type\":\"ListItem\",\"position\":2,\"name\":\"All products\",\"item\":\"https:\\\/\\\/pubert.com\\\/en\\\/all-products\\\/\"},{\"@type\":\"ListItem\",\"position\":3,\"name\":\"Maintenance of green areas\",\"item\":\"https:\\\/\\\/pubert.com\\\/en\\\/products-catalog\\\/maintenance-of-green-areas\\\/\"},{\"@type\":\"ListItem\",\"position\":4,\"name\":\"Scarifiers\",\"item\":\"https:\\\/\\\/pubert.com\\\/en\\\/products-catalog\\\/maintenance-of-green-areas\\\/scarifiers\\\/\"},{\"@type\":\"ListItem\",\"position\":5,\"name\":\"CESAR 40H\"}]},{\"@type\":\"WebSite\",\"@id\":\"https:\\\/\\\/pubert.com\\\/en\\\/#website\",\"url\":\"https:\\\/\\\/pubert.com\\\/en\\\/\",\"name\":\"PUBERT EN\",\"description\":\"\",\"publisher\":{\"@id\":\"https:\\\/\\\/pubert.com\\\/en\\\/#organization\"},\"potentialAction\":[{\"@type\":\"SearchAction\",\"target\":{\"@type\":\"EntryPoint\",\"urlTemplate\":\"https:\\\/\\\/pubert.com\\\/en\\\/?s={search_term_string}\"},\"query-input\":{\"@type\":\"PropertyValueSpecification\",\"valueRequired\":true,\"valueName\":\"search_term_string\"}}],\"inLanguage\":\"en-GB\"},{\"@type\":\"Organization\",\"@id\":\"https:\\\/\\\/pubert.com\\\/en\\\/#organization\",\"name\":\"Pubert\",\"url\":\"https:\\\/\\\/pubert.com\\\/en\\\/\",\"logo\":{\"@type\":\"ImageObject\",\"inLanguage\":\"en-GB\",\"@id\":\"https:\\\/\\\/pubert.com\\\/en\\\/#\\\/schema\\\/logo\\\/image\\\/\",\"url\":\"https:\\\/\\\/pubert.com\\\/en\\\/wp-content\\\/uploads\\\/2021\\\/01\\\/logo-pubert.jpg\",\"contentUrl\":\"https:\\\/\\\/pubert.com\\\/en\\\/wp-content\\\/uploads\\\/2021\\\/01\\\/logo-pubert.jpg\",\"width\":264,\"height\":94,\"caption\":\"Pubert\"},\"image\":{\"@id\":\"https:\\\/\\\/pubert.com\\\/en\\\/#\\\/schema\\\/logo\\\/image\\\/\"}}]}<\/script>\n<!-- \/ Yoast SEO plugin. -->","yoast_head_json":{"title":"CESAR 40H - SCARIFIER | PUBERT EN","description":"The\u00a0CESAR 40H scarifier\u00a0is the ideal tool to aerate and regenerate your grass","robots":{"index":"index","follow":"follow","max-snippet":"max-snippet:-1","max-image-preview":"max-image-preview:large","max-video-preview":"max-video-preview:-1"},"canonical":"https:\/\/pubert.com\/en\/product\/scarifier-cesar-40h\/","og_locale":"en_GB","og_type":"article","og_title":"CESAR 40H - SCARIFIER | PUBERT EN","og_description":"The\u00a0CESAR 40H scarifier\u00a0is the ideal tool to aerate and regenerate your grass","og_url":"https:\/\/pubert.com\/en\/product\/scarifier-cesar-40h\/","og_site_name":"PUBERT EN","article_modified_time":"2021-06-04T12:25:06+00:00","og_image":[{"width":800,"height":800,"url":"https:\/\/pubert.com\/en\/wp-content\/uploads\/2021\/04\/scarificateur-cesar-40h-5600020204.jpg","type":"image\/jpeg"}],"twitter_card":"summary_large_image","twitter_misc":{"Estimated reading time":"1 minute"},"schema":{"@context":"https:\/\/schema.org","@graph":[{"@type":"WebPage","@id":"https:\/\/pubert.com\/en\/product\/scarifier-cesar-40h\/","url":"https:\/\/pubert.com\/en\/product\/scarifier-cesar-40h\/","name":"CESAR 40H - SCARIFIER | PUBERT EN","isPartOf":{"@id":"https:\/\/pubert.com\/en\/#website"},"primaryImageOfPage":{"@id":"https:\/\/pubert.com\/en\/product\/scarifier-cesar-40h\/#primaryimage"},"image":{"@id":"https:\/\/pubert.com\/en\/product\/scarifier-cesar-40h\/#primaryimage"},"thumbnailUrl":"https:\/\/pubert.com\/en\/wp-content\/uploads\/2021\/04\/scarificateur-cesar-40h-5600020204.jpg","datePublished":"2021-04-22T14:17:51+00:00","dateModified":"2021-06-04T12:25:06+00:00","description":"The\u00a0CESAR 40H scarifier\u00a0is the ideal tool to aerate and regenerate your grass","breadcrumb":{"@id":"https:\/\/pubert.com\/en\/product\/scarifier-cesar-40h\/#breadcrumb"},"inLanguage":"en-GB","potentialAction":[{"@type":"ReadAction","target":["https:\/\/pubert.com\/en\/product\/scarifier-cesar-40h\/"]}]},{"@type":"ImageObject","inLanguage":"en-GB","@id":"https:\/\/pubert.com\/en\/product\/scarifier-cesar-40h\/#primaryimage","url":"https:\/\/pubert.com\/en\/wp-content\/uploads\/2021\/04\/scarificateur-cesar-40h-5600020204.jpg","contentUrl":"https:\/\/pubert.com\/en\/wp-content\/uploads\/2021\/04\/scarificateur-cesar-40h-5600020204.jpg","width":800,"height":800,"caption":"Le scarificateur Cesar 40H pour a\u00e9rer et r\u00e9g\u00e9n\u00e9rer votre gazon"},{"@type":"BreadcrumbList","@id":"https:\/\/pubert.com\/en\/product\/scarifier-cesar-40h\/#breadcrumb","itemListElement":[{"@type":"ListItem","position":1,"name":"Home","item":"https:\/\/pubert.com\/en\/"},{"@type":"ListItem","position":2,"name":"All products","item":"https:\/\/pubert.com\/en\/all-products\/"},{"@type":"ListItem","position":3,"name":"Maintenance of green areas","item":"https:\/\/pubert.com\/en\/products-catalog\/maintenance-of-green-areas\/"},{"@type":"ListItem","position":4,"name":"Scarifiers","item":"https:\/\/pubert.com\/en\/products-catalog\/maintenance-of-green-areas\/scarifiers\/"},{"@type":"ListItem","position":5,"name":"CESAR 40H"}]},{"@type":"WebSite","@id":"https:\/\/pubert.com\/en\/#website","url":"https:\/\/pubert.com\/en\/","name":"PUBERT EN","description":"","publisher":{"@id":"https:\/\/pubert.com\/en\/#organization"},"potentialAction":[{"@type":"SearchAction","target":{"@type":"EntryPoint","urlTemplate":"https:\/\/pubert.com\/en\/?s={search_term_string}"},"query-input":{"@type":"PropertyValueSpecification","valueRequired":true,"valueName":"search_term_string"}}],"inLanguage":"en-GB"},{"@type":"Organization","@id":"https:\/\/pubert.com\/en\/#organization","name":"Pubert","url":"https:\/\/pubert.com\/en\/","logo":{"@type":"ImageObject","inLanguage":"en-GB","@id":"https:\/\/pubert.com\/en\/#\/schema\/logo\/image\/","url":"https:\/\/pubert.com\/en\/wp-content\/uploads\/2021\/01\/logo-pubert.jpg","contentUrl":"https:\/\/pubert.com\/en\/wp-content\/uploads\/2021\/01\/logo-pubert.jpg","width":264,"height":94,"caption":"Pubert"},"image":{"@id":"https:\/\/pubert.com\/en\/#\/schema\/logo\/image\/"}}]}},"_links":{"self":[{"href":"https:\/\/pubert.com\/en\/wp-json\/wp\/v2\/product\/4884","targetHints":{"allow":["GET"]}}],"collection":[{"href":"https:\/\/pubert.com\/en\/wp-json\/wp\/v2\/product"}],"about":[{"href":"https:\/\/pubert.com\/en\/wp-json\/wp\/v2\/types\/product"}],"replies":[{"embeddable":true,"href":"https:\/\/pubert.com\/en\/wp-json\/wp\/v2\/comments?post=4884"}],"wp:featuredmedia":[{"embeddable":true,"href":"https:\/\/pubert.com\/en\/wp-json\/wp\/v2\/media\/4885"}],"wp:attachment":[{"href":"https:\/\/pubert.com\/en\/wp-json\/wp\/v2\/media?parent=4884"}],"wp:term":[{"taxonomy":"product_brand","embeddable":true,"href":"https:\/\/pubert.com\/en\/wp-json\/wp\/v2\/product_brand?post=4884"},{"taxonomy":"product_cat","embeddable":true,"href":"https:\/\/pubert.com\/en\/wp-json\/wp\/v2\/product_cat?post=4884"},{"taxonomy":"product_tag","embeddable":true,"href":"https:\/\/pubert.com\/en\/wp-json\/wp\/v2\/product_tag?post=4884"}],"curies":[{"name":"wp","href":"https:\/\/api.w.org\/{rel}","templated":true}]}}