{"id":4947,"date":"2021-04-23T15:31:30","date_gmt":"2021-04-23T13:31:30","guid":{"rendered":"https:\/\/pubertweb.com\/en\/?post_type=product&#038;p=4947"},"modified":"2023-07-03T09:23:46","modified_gmt":"2023-07-03T07:23:46","slug":"shredder-iroko-40h","status":"publish","type":"product","link":"https:\/\/pubert.com\/en\/product\/shredder-iroko-40h\/","title":{"rendered":"IROKO 40H"},"content":{"rendered":"<p><strong>A BIG POWERFUL BRANCHES SHREDDER<\/strong><\/p>\n<p><span class=\"mkZn0omOEjPWNlOF1lo6SinDhrURtgTqxkCKdsGBwvL5CsvIrXMcN1zRy9IgeB8axYZdKi5jTD36FHwG3H4pLpW27UAXutVJAzu\"><iframe title=\"Shredder Pubert Iroko UK\" width=\"500\" height=\"281\" src=\"https:\/\/www.youtube.com\/embed\/V4-LOQ_o6FQ?start=18&#038;feature=oembed\" frameborder=\"0\" allow=\"accelerometer; autoplay; clipboard-write; encrypted-media; gyroscope; picture-in-picture; web-share\" referrerpolicy=\"strict-origin-when-cross-origin\" allowfullscreen><\/iframe><\/span><\/p>\n<p><strong>The Pubert IROKO 40H shredder<\/strong>\u00a0is a new generation of shredder which reduce branches and vegetable waste up to\u00a0<strong>10 times their volume<\/strong>\u00a0!<\/p>\n<p>Suitable for\u00a0<strong>demanding consumer and pro-consumer activities,<\/strong>\u00a0it provides a very useful and well calibrated wood chips to make mulching or be composted without problem.<\/p>\n<p>Designed for branches up to a<strong>\u00a0diameter of 5 mm<\/strong>, its\u00a0<strong>patented\u00a0<\/strong>double cutting system is composed by<strong>\u00a02 knives and 2 grinding blade<\/strong>, designed to optimize ejection.<\/p>\n<p><strong>IROKO 40H shredder<\/strong>\u00a0benefits also of the latest\u00a0<strong>technical innovations<\/strong>:<br \/>\n\u2013 The\u00a0<strong>length and the attack angle of the blade<\/strong>\u00a0are improved for\u00a0<strong>better grinding perfomance<\/strong>.<br \/>\n\u2013 The inclusion of a\u00a0<strong>ajustable contra rotating blade<\/strong>\u00a0optimizes the cutting and aspiration system.<br \/>\n\u2013 Improved\u00a0<strong>ejection system<\/strong>\u00a0and the addition of new fan blades enable\u00a0<strong>better ejection wind speed<\/strong>.<br \/>\n\u2013 The implementation of a\u00a0<strong>new transmission belt protects the motor<\/strong>, increases torque and facilitates its starting.<\/p>\n<p>Finally, the\u00a0<strong>ejection channel<\/strong>\u00a0is useful for\u00a0<strong>ejecting directly the waste into a trailer or a wheelbarrow<\/strong>.<\/p>\n<p><strong>Iroko<\/strong>\u00a0is a\u00a0<strong>compact and stand alone<\/strong>\u00a0machine which\u00a0<strong>can<\/strong>\u00a0<strong>be moved easily.\u00a0<\/strong>The ejection channel is\u00a0<strong>removable<\/strong>\u00a0and the compact shredder has\u00a0<strong>wheels<\/strong>\u00a0and\u00a0<strong>handle<\/strong>\u00a0for an\u00a0<strong>easy transport and storage<\/strong>.<\/p>\n<p><strong>The Pubert IROKO made in France is an original and powerful shredder.<\/strong><\/p>\n","protected":false},"excerpt":{"rendered":"<p>A BIG POWERFUL BRANCHES SHREDDER The Pubert IROKO 40H shredder\u00a0is a new generation of shredder which reduce branches and vegetable waste up to\u00a010 times their volume\u00a0! Suitable for\u00a0demanding consumer and pro-consumer activities,\u00a0it provides a very useful and well calibrated wood chips to make mulching or be composted without problem. Designed for branches up to a\u00a0diameter&hellip;<\/p>\n","protected":false},"featured_media":4948,"comment_status":"open","ping_status":"closed","template":"","meta":[],"product_brand":[],"product_cat":[25],"product_tag":[],"class_list":{"0":"post-4947","1":"product","2":"type-product","3":"status-publish","4":"has-post-thumbnail","6":"product_cat-shredder","8":"first","9":"instock","10":"shipping-taxable","11":"product-type-simple"},"yoast_head":"<!-- This site is optimized with the Yoast SEO plugin v27.4 - https:\/\/yoast.com\/product\/yoast-seo-wordpress\/ -->\n<title>IROKO 40H - SHREDDER | PUBERT EN<\/title>\n<meta name=\"description\" content=\"The Pubert IROKO 40H shredder\u00a0is a new generation of shredder which reduce branches and vegetable waste up to\u00a010 times their volume\" \/>\n<meta name=\"robots\" content=\"index, follow, max-snippet:-1, max-image-preview:large, max-video-preview:-1\" \/>\n<link rel=\"canonical\" href=\"https:\/\/pubert.com\/en\/product\/shredder-iroko-40h\/\" \/>\n<meta property=\"og:locale\" content=\"en_GB\" \/>\n<meta property=\"og:type\" content=\"article\" \/>\n<meta property=\"og:title\" content=\"IROKO 40H - SHREDDER | PUBERT EN\" \/>\n<meta property=\"og:description\" content=\"The Pubert IROKO 40H shredder\u00a0is a new generation of shredder which reduce branches and vegetable waste up to\u00a010 times their volume\" \/>\n<meta property=\"og:url\" content=\"https:\/\/pubert.com\/en\/product\/shredder-iroko-40h\/\" \/>\n<meta property=\"og:site_name\" content=\"PUBERT EN\" \/>\n<meta property=\"article:modified_time\" content=\"2023-07-03T07:23:46+00:00\" \/>\n<meta property=\"og:image\" content=\"https:\/\/pubert.com\/en\/wp-content\/uploads\/2021\/04\/broyeur-iroko-40h-1000020103.jpg\" \/>\n\t<meta property=\"og:image:width\" content=\"800\" \/>\n\t<meta property=\"og:image:height\" content=\"800\" \/>\n\t<meta property=\"og:image:type\" content=\"image\/jpeg\" \/>\n<meta name=\"twitter:card\" content=\"summary_large_image\" \/>\n<meta name=\"twitter:label1\" content=\"Estimated reading time\" \/>\n\t<meta name=\"twitter:data1\" content=\"1 minute\" \/>\n<script type=\"application\/ld+json\" class=\"yoast-schema-graph\">{\"@context\":\"https:\\\/\\\/schema.org\",\"@graph\":[{\"@type\":\"WebPage\",\"@id\":\"https:\\\/\\\/pubert.com\\\/en\\\/product\\\/shredder-iroko-40h\\\/\",\"url\":\"https:\\\/\\\/pubert.com\\\/en\\\/product\\\/shredder-iroko-40h\\\/\",\"name\":\"IROKO 40H - SHREDDER | PUBERT EN\",\"isPartOf\":{\"@id\":\"https:\\\/\\\/pubert.com\\\/en\\\/#website\"},\"primaryImageOfPage\":{\"@id\":\"https:\\\/\\\/pubert.com\\\/en\\\/product\\\/shredder-iroko-40h\\\/#primaryimage\"},\"image\":{\"@id\":\"https:\\\/\\\/pubert.com\\\/en\\\/product\\\/shredder-iroko-40h\\\/#primaryimage\"},\"thumbnailUrl\":\"https:\\\/\\\/pubert.com\\\/en\\\/wp-content\\\/uploads\\\/2021\\\/04\\\/broyeur-iroko-40h-1000020103.jpg\",\"datePublished\":\"2021-04-23T13:31:30+00:00\",\"dateModified\":\"2023-07-03T07:23:46+00:00\",\"description\":\"The Pubert IROKO 40H shredder\u00a0is a new generation of shredder which reduce branches and vegetable waste up to\u00a010 times their volume\",\"breadcrumb\":{\"@id\":\"https:\\\/\\\/pubert.com\\\/en\\\/product\\\/shredder-iroko-40h\\\/#breadcrumb\"},\"inLanguage\":\"en-GB\",\"potentialAction\":[{\"@type\":\"ReadAction\",\"target\":[\"https:\\\/\\\/pubert.com\\\/en\\\/product\\\/shredder-iroko-40h\\\/\"]}]},{\"@type\":\"ImageObject\",\"inLanguage\":\"en-GB\",\"@id\":\"https:\\\/\\\/pubert.com\\\/en\\\/product\\\/shredder-iroko-40h\\\/#primaryimage\",\"url\":\"https:\\\/\\\/pubert.com\\\/en\\\/wp-content\\\/uploads\\\/2021\\\/04\\\/broyeur-iroko-40h-1000020103.jpg\",\"contentUrl\":\"https:\\\/\\\/pubert.com\\\/en\\\/wp-content\\\/uploads\\\/2021\\\/04\\\/broyeur-iroko-40h-1000020103.jpg\",\"width\":800,\"height\":800,\"caption\":\"Le broyeur IROKO 40H r\u00e9duit branchages et d\u00e9chets v\u00e9g\u00e9taux\"},{\"@type\":\"BreadcrumbList\",\"@id\":\"https:\\\/\\\/pubert.com\\\/en\\\/product\\\/shredder-iroko-40h\\\/#breadcrumb\",\"itemListElement\":[{\"@type\":\"ListItem\",\"position\":1,\"name\":\"Home\",\"item\":\"https:\\\/\\\/pubert.com\\\/en\\\/\"},{\"@type\":\"ListItem\",\"position\":2,\"name\":\"All products\",\"item\":\"https:\\\/\\\/pubert.com\\\/en\\\/all-products\\\/\"},{\"@type\":\"ListItem\",\"position\":3,\"name\":\"Maintenance of green areas\",\"item\":\"https:\\\/\\\/pubert.com\\\/en\\\/products-catalog\\\/maintenance-of-green-areas\\\/\"},{\"@type\":\"ListItem\",\"position\":4,\"name\":\"Shredder\",\"item\":\"https:\\\/\\\/pubert.com\\\/en\\\/products-catalog\\\/maintenance-of-green-areas\\\/shredder\\\/\"},{\"@type\":\"ListItem\",\"position\":5,\"name\":\"IROKO 40H\"}]},{\"@type\":\"WebSite\",\"@id\":\"https:\\\/\\\/pubert.com\\\/en\\\/#website\",\"url\":\"https:\\\/\\\/pubert.com\\\/en\\\/\",\"name\":\"PUBERT EN\",\"description\":\"\",\"publisher\":{\"@id\":\"https:\\\/\\\/pubert.com\\\/en\\\/#organization\"},\"potentialAction\":[{\"@type\":\"SearchAction\",\"target\":{\"@type\":\"EntryPoint\",\"urlTemplate\":\"https:\\\/\\\/pubert.com\\\/en\\\/?s={search_term_string}\"},\"query-input\":{\"@type\":\"PropertyValueSpecification\",\"valueRequired\":true,\"valueName\":\"search_term_string\"}}],\"inLanguage\":\"en-GB\"},{\"@type\":\"Organization\",\"@id\":\"https:\\\/\\\/pubert.com\\\/en\\\/#organization\",\"name\":\"Pubert\",\"url\":\"https:\\\/\\\/pubert.com\\\/en\\\/\",\"logo\":{\"@type\":\"ImageObject\",\"inLanguage\":\"en-GB\",\"@id\":\"https:\\\/\\\/pubert.com\\\/en\\\/#\\\/schema\\\/logo\\\/image\\\/\",\"url\":\"https:\\\/\\\/pubert.com\\\/en\\\/wp-content\\\/uploads\\\/2021\\\/01\\\/logo-pubert.jpg\",\"contentUrl\":\"https:\\\/\\\/pubert.com\\\/en\\\/wp-content\\\/uploads\\\/2021\\\/01\\\/logo-pubert.jpg\",\"width\":264,\"height\":94,\"caption\":\"Pubert\"},\"image\":{\"@id\":\"https:\\\/\\\/pubert.com\\\/en\\\/#\\\/schema\\\/logo\\\/image\\\/\"}}]}<\/script>\n<!-- \/ Yoast SEO plugin. -->","yoast_head_json":{"title":"IROKO 40H - SHREDDER | PUBERT EN","description":"The Pubert IROKO 40H shredder\u00a0is a new generation of shredder which reduce branches and vegetable waste up to\u00a010 times their volume","robots":{"index":"index","follow":"follow","max-snippet":"max-snippet:-1","max-image-preview":"max-image-preview:large","max-video-preview":"max-video-preview:-1"},"canonical":"https:\/\/pubert.com\/en\/product\/shredder-iroko-40h\/","og_locale":"en_GB","og_type":"article","og_title":"IROKO 40H - SHREDDER | PUBERT EN","og_description":"The Pubert IROKO 40H shredder\u00a0is a new generation of shredder which reduce branches and vegetable waste up to\u00a010 times their volume","og_url":"https:\/\/pubert.com\/en\/product\/shredder-iroko-40h\/","og_site_name":"PUBERT EN","article_modified_time":"2023-07-03T07:23:46+00:00","og_image":[{"width":800,"height":800,"url":"https:\/\/pubert.com\/en\/wp-content\/uploads\/2021\/04\/broyeur-iroko-40h-1000020103.jpg","type":"image\/jpeg"}],"twitter_card":"summary_large_image","twitter_misc":{"Estimated reading time":"1 minute"},"schema":{"@context":"https:\/\/schema.org","@graph":[{"@type":"WebPage","@id":"https:\/\/pubert.com\/en\/product\/shredder-iroko-40h\/","url":"https:\/\/pubert.com\/en\/product\/shredder-iroko-40h\/","name":"IROKO 40H - SHREDDER | PUBERT EN","isPartOf":{"@id":"https:\/\/pubert.com\/en\/#website"},"primaryImageOfPage":{"@id":"https:\/\/pubert.com\/en\/product\/shredder-iroko-40h\/#primaryimage"},"image":{"@id":"https:\/\/pubert.com\/en\/product\/shredder-iroko-40h\/#primaryimage"},"thumbnailUrl":"https:\/\/pubert.com\/en\/wp-content\/uploads\/2021\/04\/broyeur-iroko-40h-1000020103.jpg","datePublished":"2021-04-23T13:31:30+00:00","dateModified":"2023-07-03T07:23:46+00:00","description":"The Pubert IROKO 40H shredder\u00a0is a new generation of shredder which reduce branches and vegetable waste up to\u00a010 times their volume","breadcrumb":{"@id":"https:\/\/pubert.com\/en\/product\/shredder-iroko-40h\/#breadcrumb"},"inLanguage":"en-GB","potentialAction":[{"@type":"ReadAction","target":["https:\/\/pubert.com\/en\/product\/shredder-iroko-40h\/"]}]},{"@type":"ImageObject","inLanguage":"en-GB","@id":"https:\/\/pubert.com\/en\/product\/shredder-iroko-40h\/#primaryimage","url":"https:\/\/pubert.com\/en\/wp-content\/uploads\/2021\/04\/broyeur-iroko-40h-1000020103.jpg","contentUrl":"https:\/\/pubert.com\/en\/wp-content\/uploads\/2021\/04\/broyeur-iroko-40h-1000020103.jpg","width":800,"height":800,"caption":"Le broyeur IROKO 40H r\u00e9duit branchages et d\u00e9chets v\u00e9g\u00e9taux"},{"@type":"BreadcrumbList","@id":"https:\/\/pubert.com\/en\/product\/shredder-iroko-40h\/#breadcrumb","itemListElement":[{"@type":"ListItem","position":1,"name":"Home","item":"https:\/\/pubert.com\/en\/"},{"@type":"ListItem","position":2,"name":"All products","item":"https:\/\/pubert.com\/en\/all-products\/"},{"@type":"ListItem","position":3,"name":"Maintenance of green areas","item":"https:\/\/pubert.com\/en\/products-catalog\/maintenance-of-green-areas\/"},{"@type":"ListItem","position":4,"name":"Shredder","item":"https:\/\/pubert.com\/en\/products-catalog\/maintenance-of-green-areas\/shredder\/"},{"@type":"ListItem","position":5,"name":"IROKO 40H"}]},{"@type":"WebSite","@id":"https:\/\/pubert.com\/en\/#website","url":"https:\/\/pubert.com\/en\/","name":"PUBERT EN","description":"","publisher":{"@id":"https:\/\/pubert.com\/en\/#organization"},"potentialAction":[{"@type":"SearchAction","target":{"@type":"EntryPoint","urlTemplate":"https:\/\/pubert.com\/en\/?s={search_term_string}"},"query-input":{"@type":"PropertyValueSpecification","valueRequired":true,"valueName":"search_term_string"}}],"inLanguage":"en-GB"},{"@type":"Organization","@id":"https:\/\/pubert.com\/en\/#organization","name":"Pubert","url":"https:\/\/pubert.com\/en\/","logo":{"@type":"ImageObject","inLanguage":"en-GB","@id":"https:\/\/pubert.com\/en\/#\/schema\/logo\/image\/","url":"https:\/\/pubert.com\/en\/wp-content\/uploads\/2021\/01\/logo-pubert.jpg","contentUrl":"https:\/\/pubert.com\/en\/wp-content\/uploads\/2021\/01\/logo-pubert.jpg","width":264,"height":94,"caption":"Pubert"},"image":{"@id":"https:\/\/pubert.com\/en\/#\/schema\/logo\/image\/"}}]}},"_links":{"self":[{"href":"https:\/\/pubert.com\/en\/wp-json\/wp\/v2\/product\/4947","targetHints":{"allow":["GET"]}}],"collection":[{"href":"https:\/\/pubert.com\/en\/wp-json\/wp\/v2\/product"}],"about":[{"href":"https:\/\/pubert.com\/en\/wp-json\/wp\/v2\/types\/product"}],"replies":[{"embeddable":true,"href":"https:\/\/pubert.com\/en\/wp-json\/wp\/v2\/comments?post=4947"}],"wp:featuredmedia":[{"embeddable":true,"href":"https:\/\/pubert.com\/en\/wp-json\/wp\/v2\/media\/4948"}],"wp:attachment":[{"href":"https:\/\/pubert.com\/en\/wp-json\/wp\/v2\/media?parent=4947"}],"wp:term":[{"taxonomy":"product_brand","embeddable":true,"href":"https:\/\/pubert.com\/en\/wp-json\/wp\/v2\/product_brand?post=4947"},{"taxonomy":"product_cat","embeddable":true,"href":"https:\/\/pubert.com\/en\/wp-json\/wp\/v2\/product_cat?post=4947"},{"taxonomy":"product_tag","embeddable":true,"href":"https:\/\/pubert.com\/en\/wp-json\/wp\/v2\/product_tag?post=4947"}],"curies":[{"name":"wp","href":"https:\/\/api.w.org\/{rel}","templated":true}]}}