{"id":5595,"date":"2021-05-05T09:21:04","date_gmt":"2021-05-05T07:21:04","guid":{"rendered":"https:\/\/pubertweb.com\/en\/?post_type=product&#038;p=5595"},"modified":"2023-08-03T09:34:22","modified_gmt":"2023-08-03T07:34:22","slug":"fraise-a-neige-valto-28i-95b","status":"publish","type":"product","link":"https:\/\/pubert.com\/en\/product\/fraise-a-neige-valto-28i-95b\/","title":{"rendered":"VALTO 28I 95B"},"content":{"rendered":"<p><strong>LA MEILLEURE SOLUTION POUR LE D\u00c9NEIGEMENT<\/strong><\/p>\n<p><strong>Valto 28i<\/strong>\u00a0est une gamme de\u00a0<strong>Fraises \u00e0 neige premium<\/strong>,\u00a0<strong>robustes<\/strong>,\u00a0<strong>fiables<\/strong>\u00a0et\u00a0<strong>performantes<\/strong>. Con\u00e7ue et fabriqu\u00e9e en France par\u00a0<strong>PUBERT\u00a0<\/strong>pour un\u00a0<strong>usage Pro-Consumer<\/strong>, la<strong> Valto 28i 95B<\/strong>\u00a0a une\u00a0<strong>largeur de travail de 28\u2019 (71 cm).<\/strong><\/p>\n<p>Elle poss\u00e8de un \u00e9quipement complet permettant de b\u00e9n\u00e9ficier des avantages de\u00a0<strong>confort<\/strong>,\u00a0<strong>maniabilit\u00e9<\/strong>,\u00a0<strong>s\u00e9curit\u00e9<\/strong>\u00a0et\u00a0<strong>performance<\/strong>\u00a0de tr\u00e8s haut niveau. D\u00e9velopp\u00e9s au sein du bureau d\u2019\u00e9tude\u00a0<strong>PUBERT\u00a0<\/strong>\u00e0 Chantonnay (85), la\u00a0<strong><u><a href=\"https:\/\/www.pubert.com\/conseils\/lexique\/#turbine\">turbine<\/a><\/u><\/strong>\u00a0et l\u2019<strong><u><a href=\"https:\/\/www.pubert.com\/conseils\/lexique\/#outil-fraise\">outil fraises<\/a><\/u><\/strong>\u00a0sont con\u00e7us dans des\u00a0<strong>aciers de premi\u00e8re qualit\u00e9<\/strong>.<br \/>\n<strong>La\u00a0fraise \u00e0 neige Valto<\/strong>\u00a0poss\u00e8de une\u00a0<strong>double courroie trap\u00e9zo\u00efdale<\/strong>\u00a0qui accro\u00eet la puissance et la long\u00e9vit\u00e9 du syst\u00e8me d\u2019entrainement de l\u2019outil de travail.<br \/>\nLa\u00a0<strong><u><a href=\"https:\/\/www.pubert.com\/conseils\/lexique\/#transmission\">transmission<\/a><\/u><\/strong>\u00a0<strong>en fonte<\/strong>\u00a0est lubrifi\u00e9e avec de l\u2019huile 80 W 90. Elle est prot\u00e9g\u00e9e par une\u00a0<strong>barre anti-impact.<\/strong>\u00a0Chaque arbre fraise comporte une\u00a0<strong>goupille de s\u00e9curit\u00e9<\/strong>.<\/p>\n<p>Son\u00a0<strong>\u00e9quipement \u00ab\u00a0Easy Drive System<\/strong>\u00a0\u00bb\u00a0permet un\u00a0<strong><u><a href=\"https:\/\/www.pubert.com\/conseils\/lexique\/#d%C3%A9crabotage\">d\u00e9crabotage<\/a><\/u>\u00a0intuitif<\/strong>\u00a0sur la roue qui le n\u00e9cessite pour une conduite en souplesse et sans effort. Quels que soient les choix d\u2019orientation du conducteur, le couple transmis \u00e0 l\u2019une des deux roues assure une\u00a0<strong>parfaite maniabilit\u00e9<\/strong>.<\/p>\n<p>Cette\u00a0<strong>d\u00e9neigeuse<\/strong>\u00a0poss\u00e8de un \u00e9quipement complet (<strong>phare<\/strong>,\u00a0<strong>poign\u00e9es<\/strong>\u00a0<strong>chauffantes<\/strong>,\u00a0<strong><u><a href=\"https:\/\/www.pubert.com\/conseils\/lexique\/#une-main\">conduite \u00ab\u00a0une main\u00a0\u00bb<\/a><\/u><\/strong>,\u00a0<strong><u><a href=\"https:\/\/www.pubert.com\/conseils\/lexique\/#pneus-x-trac\">pneus X-trac<\/a><\/u><\/strong>,\u00a0<strong>patins acier r\u00e9versibles<\/strong>,\u00a0<strong><u><a href=\"https:\/\/www.pubert.com\/conseils\/lexique\/#Lames-brise-neige-r%C3%A9tractables\">lames brise neige r\u00e9tractables<\/a><\/u><\/strong>\u00a0\u2026etc).<\/p>\n<p><strong>C\u2019est l\u2019outil id\u00e9al pour enlever la neige de votre terrain avec une parfaite efficacit\u00e9 et un \u00e9quipement optimal.<\/strong><\/p>\n","protected":false},"excerpt":{"rendered":"<p>LA MEILLEURE SOLUTION POUR LE D\u00c9NEIGEMENT Valto 28i\u00a0est une gamme de\u00a0Fraises \u00e0 neige premium,\u00a0robustes,\u00a0fiables\u00a0et\u00a0performantes. Con\u00e7ue et fabriqu\u00e9e en France par\u00a0PUBERT\u00a0pour un\u00a0usage Pro-Consumer, la Valto 28i 95B\u00a0a une\u00a0largeur de travail de 28\u2019 (71 cm). Elle poss\u00e8de un \u00e9quipement complet permettant de b\u00e9n\u00e9ficier des avantages de\u00a0confort,\u00a0maniabilit\u00e9,\u00a0s\u00e9curit\u00e9\u00a0et\u00a0performance\u00a0de tr\u00e8s haut niveau. D\u00e9velopp\u00e9s au sein du bureau d\u2019\u00e9tude\u00a0PUBERT\u00a0\u00e0 Chantonnay (85),&hellip;<\/p>\n","protected":false},"featured_media":5647,"comment_status":"open","ping_status":"closed","template":"","meta":[],"product_brand":[],"product_cat":[28],"product_tag":[],"class_list":{"0":"post-5595","1":"product","2":"type-product","3":"status-publish","4":"has-post-thumbnail","6":"product_cat-snow-thrower","8":"first","9":"instock","10":"shipping-taxable","11":"product-type-simple"},"yoast_head":"<!-- This site is optimized with the Yoast SEO plugin v27.4 - https:\/\/yoast.com\/product\/yoast-seo-wordpress\/ -->\n<title>VALTO 28I 95B - FRAISE A NEIGE | PUBERT EN<\/title>\n<meta name=\"description\" content=\"La VALTO 28i 95B est une Fraise \u00e0 neige d&#039;une largeur de travail de 28\u2019 (71 cm), avec un \u00e9quipement \u00ab Easy Drive System \u00bb pour une parfaite maniabilit\u00e9\" \/>\n<meta name=\"robots\" content=\"index, follow, max-snippet:-1, max-image-preview:large, max-video-preview:-1\" \/>\n<link rel=\"canonical\" href=\"https:\/\/pubert.com\/en\/product\/fraise-a-neige-valto-28i-95b\/\" \/>\n<meta property=\"og:locale\" content=\"en_GB\" \/>\n<meta property=\"og:type\" content=\"article\" \/>\n<meta property=\"og:title\" content=\"VALTO 28I 95B - FRAISE A NEIGE | PUBERT EN\" \/>\n<meta property=\"og:description\" content=\"La VALTO 28i 95B est une Fraise \u00e0 neige d&#039;une largeur de travail de 28\u2019 (71 cm), avec un \u00e9quipement \u00ab Easy Drive System \u00bb pour une parfaite maniabilit\u00e9\" \/>\n<meta property=\"og:url\" content=\"https:\/\/pubert.com\/en\/product\/fraise-a-neige-valto-28i-95b\/\" \/>\n<meta property=\"og:site_name\" content=\"PUBERT EN\" \/>\n<meta property=\"article:modified_time\" content=\"2023-08-03T07:34:22+00:00\" \/>\n<meta property=\"og:image\" content=\"https:\/\/pubert.com\/en\/wp-content\/uploads\/2021\/04\/fraise-a-neige-valto28i-95b-7500020105.jpg\" \/>\n\t<meta property=\"og:image:width\" content=\"800\" \/>\n\t<meta property=\"og:image:height\" content=\"800\" \/>\n\t<meta property=\"og:image:type\" content=\"image\/jpeg\" \/>\n<meta name=\"twitter:card\" content=\"summary_large_image\" \/>\n<meta name=\"twitter:label1\" content=\"Estimated reading time\" \/>\n\t<meta name=\"twitter:data1\" content=\"1 minute\" \/>\n<script type=\"application\/ld+json\" class=\"yoast-schema-graph\">{\"@context\":\"https:\\\/\\\/schema.org\",\"@graph\":[{\"@type\":\"WebPage\",\"@id\":\"https:\\\/\\\/pubert.com\\\/en\\\/product\\\/fraise-a-neige-valto-28i-95b\\\/\",\"url\":\"https:\\\/\\\/pubert.com\\\/en\\\/product\\\/fraise-a-neige-valto-28i-95b\\\/\",\"name\":\"VALTO 28I 95B - FRAISE A NEIGE | PUBERT EN\",\"isPartOf\":{\"@id\":\"https:\\\/\\\/pubert.com\\\/en\\\/#website\"},\"primaryImageOfPage\":{\"@id\":\"https:\\\/\\\/pubert.com\\\/en\\\/product\\\/fraise-a-neige-valto-28i-95b\\\/#primaryimage\"},\"image\":{\"@id\":\"https:\\\/\\\/pubert.com\\\/en\\\/product\\\/fraise-a-neige-valto-28i-95b\\\/#primaryimage\"},\"thumbnailUrl\":\"https:\\\/\\\/pubert.com\\\/en\\\/wp-content\\\/uploads\\\/2021\\\/04\\\/fraise-a-neige-valto28i-95b-7500020105.jpg\",\"datePublished\":\"2021-05-05T07:21:04+00:00\",\"dateModified\":\"2023-08-03T07:34:22+00:00\",\"description\":\"La VALTO 28i 95B est une Fraise \u00e0 neige d'une largeur de travail de 28\u2019 (71 cm), avec un \u00e9quipement \u00ab Easy Drive System \u00bb pour une parfaite maniabilit\u00e9\",\"breadcrumb\":{\"@id\":\"https:\\\/\\\/pubert.com\\\/en\\\/product\\\/fraise-a-neige-valto-28i-95b\\\/#breadcrumb\"},\"inLanguage\":\"en-GB\",\"potentialAction\":[{\"@type\":\"ReadAction\",\"target\":[\"https:\\\/\\\/pubert.com\\\/en\\\/product\\\/fraise-a-neige-valto-28i-95b\\\/\"]}]},{\"@type\":\"ImageObject\",\"inLanguage\":\"en-GB\",\"@id\":\"https:\\\/\\\/pubert.com\\\/en\\\/product\\\/fraise-a-neige-valto-28i-95b\\\/#primaryimage\",\"url\":\"https:\\\/\\\/pubert.com\\\/en\\\/wp-content\\\/uploads\\\/2021\\\/04\\\/fraise-a-neige-valto28i-95b-7500020105.jpg\",\"contentUrl\":\"https:\\\/\\\/pubert.com\\\/en\\\/wp-content\\\/uploads\\\/2021\\\/04\\\/fraise-a-neige-valto28i-95b-7500020105.jpg\",\"width\":800,\"height\":800,\"caption\":\"La VALTO 28i 95B, une d\u00e9neigeuse avec un \u00e9quipement \u00ab Easy Drive System \u00bb pour une parfaite maniabilit\u00e9\"},{\"@type\":\"BreadcrumbList\",\"@id\":\"https:\\\/\\\/pubert.com\\\/en\\\/product\\\/fraise-a-neige-valto-28i-95b\\\/#breadcrumb\",\"itemListElement\":[{\"@type\":\"ListItem\",\"position\":1,\"name\":\"Home\",\"item\":\"https:\\\/\\\/pubert.com\\\/en\\\/\"},{\"@type\":\"ListItem\",\"position\":2,\"name\":\"All products\",\"item\":\"https:\\\/\\\/pubert.com\\\/en\\\/all-products\\\/\"},{\"@type\":\"ListItem\",\"position\":3,\"name\":\"Snow removal\",\"item\":\"https:\\\/\\\/pubert.com\\\/en\\\/products-catalog\\\/snow-removal\\\/\"},{\"@type\":\"ListItem\",\"position\":4,\"name\":\"Snow Thrower\",\"item\":\"https:\\\/\\\/pubert.com\\\/en\\\/products-catalog\\\/snow-removal\\\/snow-thrower\\\/\"},{\"@type\":\"ListItem\",\"position\":5,\"name\":\"VALTO 28I 95B\"}]},{\"@type\":\"WebSite\",\"@id\":\"https:\\\/\\\/pubert.com\\\/en\\\/#website\",\"url\":\"https:\\\/\\\/pubert.com\\\/en\\\/\",\"name\":\"PUBERT EN\",\"description\":\"\",\"publisher\":{\"@id\":\"https:\\\/\\\/pubert.com\\\/en\\\/#organization\"},\"potentialAction\":[{\"@type\":\"SearchAction\",\"target\":{\"@type\":\"EntryPoint\",\"urlTemplate\":\"https:\\\/\\\/pubert.com\\\/en\\\/?s={search_term_string}\"},\"query-input\":{\"@type\":\"PropertyValueSpecification\",\"valueRequired\":true,\"valueName\":\"search_term_string\"}}],\"inLanguage\":\"en-GB\"},{\"@type\":\"Organization\",\"@id\":\"https:\\\/\\\/pubert.com\\\/en\\\/#organization\",\"name\":\"Pubert\",\"url\":\"https:\\\/\\\/pubert.com\\\/en\\\/\",\"logo\":{\"@type\":\"ImageObject\",\"inLanguage\":\"en-GB\",\"@id\":\"https:\\\/\\\/pubert.com\\\/en\\\/#\\\/schema\\\/logo\\\/image\\\/\",\"url\":\"https:\\\/\\\/pubert.com\\\/en\\\/wp-content\\\/uploads\\\/2021\\\/01\\\/logo-pubert.jpg\",\"contentUrl\":\"https:\\\/\\\/pubert.com\\\/en\\\/wp-content\\\/uploads\\\/2021\\\/01\\\/logo-pubert.jpg\",\"width\":264,\"height\":94,\"caption\":\"Pubert\"},\"image\":{\"@id\":\"https:\\\/\\\/pubert.com\\\/en\\\/#\\\/schema\\\/logo\\\/image\\\/\"}}]}<\/script>\n<!-- \/ Yoast SEO plugin. -->","yoast_head_json":{"title":"VALTO 28I 95B - FRAISE A NEIGE | PUBERT EN","description":"La VALTO 28i 95B est une Fraise \u00e0 neige d'une largeur de travail de 28\u2019 (71 cm), avec un \u00e9quipement \u00ab Easy Drive System \u00bb pour une parfaite maniabilit\u00e9","robots":{"index":"index","follow":"follow","max-snippet":"max-snippet:-1","max-image-preview":"max-image-preview:large","max-video-preview":"max-video-preview:-1"},"canonical":"https:\/\/pubert.com\/en\/product\/fraise-a-neige-valto-28i-95b\/","og_locale":"en_GB","og_type":"article","og_title":"VALTO 28I 95B - FRAISE A NEIGE | PUBERT EN","og_description":"La VALTO 28i 95B est une Fraise \u00e0 neige d'une largeur de travail de 28\u2019 (71 cm), avec un \u00e9quipement \u00ab Easy Drive System \u00bb pour une parfaite maniabilit\u00e9","og_url":"https:\/\/pubert.com\/en\/product\/fraise-a-neige-valto-28i-95b\/","og_site_name":"PUBERT EN","article_modified_time":"2023-08-03T07:34:22+00:00","og_image":[{"width":800,"height":800,"url":"https:\/\/pubert.com\/en\/wp-content\/uploads\/2021\/04\/fraise-a-neige-valto28i-95b-7500020105.jpg","type":"image\/jpeg"}],"twitter_card":"summary_large_image","twitter_misc":{"Estimated reading time":"1 minute"},"schema":{"@context":"https:\/\/schema.org","@graph":[{"@type":"WebPage","@id":"https:\/\/pubert.com\/en\/product\/fraise-a-neige-valto-28i-95b\/","url":"https:\/\/pubert.com\/en\/product\/fraise-a-neige-valto-28i-95b\/","name":"VALTO 28I 95B - FRAISE A NEIGE | PUBERT EN","isPartOf":{"@id":"https:\/\/pubert.com\/en\/#website"},"primaryImageOfPage":{"@id":"https:\/\/pubert.com\/en\/product\/fraise-a-neige-valto-28i-95b\/#primaryimage"},"image":{"@id":"https:\/\/pubert.com\/en\/product\/fraise-a-neige-valto-28i-95b\/#primaryimage"},"thumbnailUrl":"https:\/\/pubert.com\/en\/wp-content\/uploads\/2021\/04\/fraise-a-neige-valto28i-95b-7500020105.jpg","datePublished":"2021-05-05T07:21:04+00:00","dateModified":"2023-08-03T07:34:22+00:00","description":"La VALTO 28i 95B est une Fraise \u00e0 neige d'une largeur de travail de 28\u2019 (71 cm), avec un \u00e9quipement \u00ab Easy Drive System \u00bb pour une parfaite maniabilit\u00e9","breadcrumb":{"@id":"https:\/\/pubert.com\/en\/product\/fraise-a-neige-valto-28i-95b\/#breadcrumb"},"inLanguage":"en-GB","potentialAction":[{"@type":"ReadAction","target":["https:\/\/pubert.com\/en\/product\/fraise-a-neige-valto-28i-95b\/"]}]},{"@type":"ImageObject","inLanguage":"en-GB","@id":"https:\/\/pubert.com\/en\/product\/fraise-a-neige-valto-28i-95b\/#primaryimage","url":"https:\/\/pubert.com\/en\/wp-content\/uploads\/2021\/04\/fraise-a-neige-valto28i-95b-7500020105.jpg","contentUrl":"https:\/\/pubert.com\/en\/wp-content\/uploads\/2021\/04\/fraise-a-neige-valto28i-95b-7500020105.jpg","width":800,"height":800,"caption":"La VALTO 28i 95B, une d\u00e9neigeuse avec un \u00e9quipement \u00ab Easy Drive System \u00bb pour une parfaite maniabilit\u00e9"},{"@type":"BreadcrumbList","@id":"https:\/\/pubert.com\/en\/product\/fraise-a-neige-valto-28i-95b\/#breadcrumb","itemListElement":[{"@type":"ListItem","position":1,"name":"Home","item":"https:\/\/pubert.com\/en\/"},{"@type":"ListItem","position":2,"name":"All products","item":"https:\/\/pubert.com\/en\/all-products\/"},{"@type":"ListItem","position":3,"name":"Snow removal","item":"https:\/\/pubert.com\/en\/products-catalog\/snow-removal\/"},{"@type":"ListItem","position":4,"name":"Snow Thrower","item":"https:\/\/pubert.com\/en\/products-catalog\/snow-removal\/snow-thrower\/"},{"@type":"ListItem","position":5,"name":"VALTO 28I 95B"}]},{"@type":"WebSite","@id":"https:\/\/pubert.com\/en\/#website","url":"https:\/\/pubert.com\/en\/","name":"PUBERT EN","description":"","publisher":{"@id":"https:\/\/pubert.com\/en\/#organization"},"potentialAction":[{"@type":"SearchAction","target":{"@type":"EntryPoint","urlTemplate":"https:\/\/pubert.com\/en\/?s={search_term_string}"},"query-input":{"@type":"PropertyValueSpecification","valueRequired":true,"valueName":"search_term_string"}}],"inLanguage":"en-GB"},{"@type":"Organization","@id":"https:\/\/pubert.com\/en\/#organization","name":"Pubert","url":"https:\/\/pubert.com\/en\/","logo":{"@type":"ImageObject","inLanguage":"en-GB","@id":"https:\/\/pubert.com\/en\/#\/schema\/logo\/image\/","url":"https:\/\/pubert.com\/en\/wp-content\/uploads\/2021\/01\/logo-pubert.jpg","contentUrl":"https:\/\/pubert.com\/en\/wp-content\/uploads\/2021\/01\/logo-pubert.jpg","width":264,"height":94,"caption":"Pubert"},"image":{"@id":"https:\/\/pubert.com\/en\/#\/schema\/logo\/image\/"}}]}},"_links":{"self":[{"href":"https:\/\/pubert.com\/en\/wp-json\/wp\/v2\/product\/5595","targetHints":{"allow":["GET"]}}],"collection":[{"href":"https:\/\/pubert.com\/en\/wp-json\/wp\/v2\/product"}],"about":[{"href":"https:\/\/pubert.com\/en\/wp-json\/wp\/v2\/types\/product"}],"replies":[{"embeddable":true,"href":"https:\/\/pubert.com\/en\/wp-json\/wp\/v2\/comments?post=5595"}],"wp:featuredmedia":[{"embeddable":true,"href":"https:\/\/pubert.com\/en\/wp-json\/wp\/v2\/media\/5647"}],"wp:attachment":[{"href":"https:\/\/pubert.com\/en\/wp-json\/wp\/v2\/media?parent=5595"}],"wp:term":[{"taxonomy":"product_brand","embeddable":true,"href":"https:\/\/pubert.com\/en\/wp-json\/wp\/v2\/product_brand?post=5595"},{"taxonomy":"product_cat","embeddable":true,"href":"https:\/\/pubert.com\/en\/wp-json\/wp\/v2\/product_cat?post=5595"},{"taxonomy":"product_tag","embeddable":true,"href":"https:\/\/pubert.com\/en\/wp-json\/wp\/v2\/product_tag?post=5595"}],"curies":[{"name":"wp","href":"https:\/\/api.w.org\/{rel}","templated":true}]}}